{"id":53,"date":"2016-04-21T20:23:12","date_gmt":"2016-04-21T18:23:12","guid":{"rendered":"http:\/\/www.librairieplongee.com\/fr-fr\/produit\/plongee-plaisir-memento-plongee-enfants\/"},"modified":"2017-08-14T12:38:20","modified_gmt":"2017-08-14T10:38:20","slug":"plongee-plaisir-memento-plongee-enfants","status":"publish","type":"product","link":"https:\/\/www.librairieplongee.com\/fr-fr\/produit\/plongee-plaisir-memento-plongee-enfants\/","title":{"rendered":"Plong\u00e9e Plaisir M\u00e9mento Plong\u00e9e Enfants"},"content":{"rendered":"<div class=\"public\">Un ouvrage incontournable pour mettre en place et organiser la plong\u00e9e des enfants.<\/div>\n<div class=\"descri\">\n<p>Quoi de plus agr\u00e9able et valorisant que d\u2019amener des enfants \u00e0 d\u00e9couvrir la plong\u00e9e et \u00e0 r\u00eaver d\u2019aventures subaquatiques ?<br \/>\nDe nombreux moniteurs, encadrants, responsables de clubs souhaitent s\u2019y consacrer mais ne savent pas comment proc\u00e9der.<\/p>\n<p>C\u2019est pr\u00e9cis\u00e9ment le but de ce m\u00e9mento Plong\u00e9e Plaisir.<\/p>\n<p>Expliquer \u00e0 l\u2019aide de fiches d\u00e9taill\u00e9es :<br \/>\n&#8211; les b\u00e9n\u00e9fices de la plong\u00e9e pour les enfants ;<br \/>\n&#8211; le suivi m\u00e9dical \u00e0 respecter ;<br \/>\n&#8211; les r\u00e8gles de s\u00e9curit\u00e9 \u00e0 adopter pour \u00ab plonger sans souci \u00bb ;<br \/>\n&#8211; les qualit\u00e9s attendues chez un moniteur de plong\u00e9e ;<br \/>\n&#8211; l\u2019organisation sp\u00e9cifique \u00e0 mettre en place ;<br \/>\n&#8211; la prise en compte des particularit\u00e9s de l\u2019enfant, tant que le plan anatomique et physiologique que psychologique ;<br \/>\n&#8211; la n\u00e9cessit\u00e9 de disposer d\u2019un mat\u00e9riel sp\u00e9cifique ;<br \/>\n&#8211; les conditions de pratique en \u00e9tablissement d\u2019APS ;<br \/>\n&#8211; les possibilit\u00e9s offertes dans le milieu scolaire ;<br \/>\n&#8211; les cursus propos\u00e9s par les diff\u00e9rents organismes de formation.<\/p>\n<p>SOMMAIRE<\/p>\n<p>1. Plong\u00e9e : quels b\u00e9n\u00e9fices pour les enfants ?<br \/>\n2. Plong\u00e9e enfants : sp\u00e9cificit\u00e9s et \u00e2ge minimum<br \/>\n3. R\u00e8gles de s\u00e9curit\u00e9<br \/>\n4. La visite m\u00e9dicale pr\u00e9ventive<br \/>\n5. Le cadre r\u00e9glementaire avec des enfants<br \/>\n6. L\u2019apprentissage chez l\u2019enfant : entre \u00e9motion et raison<br \/>\n7. Apprendre par le jeu<br \/>\n8. Les qualit\u00e9s de l\u2019encadrant<br \/>\n9. Cr\u00e9er une section enfants<br \/>\n10. La r\u00e9gulation thermique chez l\u2019enfant<br \/>\n11. D\u00e9shydratation et plong\u00e9e<br \/>\n12. La sph\u00e8re ORL de l\u2019enfant<br \/>\n13. L\u2019appareil cardio-vasculaire chez l\u2019enfant<br \/>\n14. L\u2019appareil pulmonaire chez l\u2019enfant<br \/>\n15. L\u2019appareil dentaire chez l\u2019enfant<br \/>\n16. L\u2019appareil ost\u00e9o-articulaire et la croissance de l\u2019enfant<br \/>\n17. Le mat\u00e9riel de plong\u00e9e enfants (synth\u00e8se)<br \/>\n18. La plong\u00e9e en milieu scolaire<br \/>\n19. Les diff\u00e9rents cursus de formation enfants<\/p>\n<p>&nbsp;<\/p>\n<\/div>\n","protected":false},"excerpt":{"rendered":"<p>Auteurs : Alain Foret et Pascal Enjalbert (Pr\u00e9face Jean-Paul Farrugia).<\/p>\n<p>Tout savoir pour mettre en place la plong\u00e9e des enfants.<\/p>\n","protected":false},"featured_media":1593,"template":"","meta":{"_monsterinsights_skip_tracking":false,"_monsterinsights_sitenote_active":false,"_monsterinsights_sitenote_note":"","_monsterinsights_sitenote_category":0},"product_brand":[],"product_cat":[261,275,312],"product_tag":[207,185],"class_list":{"0":"post-53","1":"product","2":"type-product","3":"status-publish","4":"has-post-thumbnail","6":"product_cat-plongee-plaisir-monitorats","7":"product_cat-enfants","8":"product_cat-plongee-plaisir","9":"product_tag-enfants","10":"product_tag-plongee","11":"pa_annee-307","12":"pa_auteurs-alain-foret","13":"pa_auteurs-pascal-enjalbert","14":"pa_ean-333","15":"pa_editeur-editions-gap","16":"pa_edition-edition-1","17":"pa_hauteur-309","18":"pa_largeur-310","19":"pa_nbpages-132","21":"first","22":"instock","23":"taxable","24":"shipping-taxable","25":"purchasable","26":"product-type-simple"},"yoast_head":"<!-- This site is optimized with the Yoast SEO plugin v27.6 - https:\/\/yoast.com\/product\/yoast-seo-wordpress\/ -->\n<title>Plong\u00e9e Plaisir M\u00e9mento Plong\u00e9e Enfants - Librairie Plong\u00e9e<\/title>\n<meta name=\"robots\" content=\"index, follow, max-snippet:-1, max-image-preview:large, max-video-preview:-1\" \/>\n<link rel=\"canonical\" href=\"https:\/\/www.librairieplongee.com\/fr-fr\/produit\/plongee-plaisir-memento-plongee-enfants\/\" \/>\n<meta property=\"og:locale\" content=\"fr_FR\" \/>\n<meta property=\"og:type\" content=\"article\" \/>\n<meta property=\"og:title\" content=\"Plong\u00e9e Plaisir M\u00e9mento Plong\u00e9e Enfants - Librairie Plong\u00e9e\" \/>\n<meta property=\"og:description\" content=\"Auteurs : Alain Foret et Pascal Enjalbert (Pr\u00e9face Jean-Paul Farrugia).  Tout savoir pour mettre en place la plong\u00e9e des enfants.\" \/>\n<meta property=\"og:url\" content=\"https:\/\/www.librairieplongee.com\/fr-fr\/produit\/plongee-plaisir-memento-plongee-enfants\/\" \/>\n<meta property=\"og:site_name\" content=\"Librairie Plong\u00e9e\" \/>\n<meta property=\"article:modified_time\" content=\"2017-08-14T10:38:20+00:00\" \/>\n<meta property=\"og:image\" content=\"https:\/\/www.librairieplongee.com\/fr-fr\/wp-content\/uploads\/2013\/09\/plongee-plaisir-memento-enfants.jpg\" \/>\n\t<meta property=\"og:image:width\" content=\"200\" \/>\n\t<meta property=\"og:image:height\" content=\"293\" \/>\n\t<meta property=\"og:image:type\" content=\"image\/jpeg\" \/>\n<meta name=\"twitter:card\" content=\"summary_large_image\" \/>\n<meta name=\"twitter:label1\" content=\"Dur\u00e9e de lecture estim\u00e9e\" \/>\n\t<meta name=\"twitter:data1\" content=\"2 minutes\" \/>\n<script type=\"application\/ld+json\" class=\"yoast-schema-graph\">{\"@context\":\"https:\\\/\\\/schema.org\",\"@graph\":[{\"@type\":\"WebPage\",\"@id\":\"https:\\\/\\\/www.librairieplongee.com\\\/fr-fr\\\/produit\\\/plongee-plaisir-memento-plongee-enfants\\\/\",\"url\":\"https:\\\/\\\/www.librairieplongee.com\\\/fr-fr\\\/produit\\\/plongee-plaisir-memento-plongee-enfants\\\/\",\"name\":\"Plong\u00e9e Plaisir M\u00e9mento Plong\u00e9e Enfants - Librairie Plong\u00e9e\",\"isPartOf\":{\"@id\":\"https:\\\/\\\/www.librairieplongee.com\\\/fr-fr\\\/#website\"},\"primaryImageOfPage\":{\"@id\":\"https:\\\/\\\/www.librairieplongee.com\\\/fr-fr\\\/produit\\\/plongee-plaisir-memento-plongee-enfants\\\/#primaryimage\"},\"image\":{\"@id\":\"https:\\\/\\\/www.librairieplongee.com\\\/fr-fr\\\/produit\\\/plongee-plaisir-memento-plongee-enfants\\\/#primaryimage\"},\"thumbnailUrl\":\"https:\\\/\\\/www.librairieplongee.com\\\/fr-fr\\\/wp-content\\\/uploads\\\/2013\\\/09\\\/plongee-plaisir-memento-enfants.jpg\",\"datePublished\":\"2016-04-21T18:23:12+00:00\",\"dateModified\":\"2017-08-14T10:38:20+00:00\",\"breadcrumb\":{\"@id\":\"https:\\\/\\\/www.librairieplongee.com\\\/fr-fr\\\/produit\\\/plongee-plaisir-memento-plongee-enfants\\\/#breadcrumb\"},\"inLanguage\":\"fr-FR\",\"potentialAction\":[{\"@type\":\"ReadAction\",\"target\":[\"https:\\\/\\\/www.librairieplongee.com\\\/fr-fr\\\/produit\\\/plongee-plaisir-memento-plongee-enfants\\\/\"]}]},{\"@type\":\"ImageObject\",\"inLanguage\":\"fr-FR\",\"@id\":\"https:\\\/\\\/www.librairieplongee.com\\\/fr-fr\\\/produit\\\/plongee-plaisir-memento-plongee-enfants\\\/#primaryimage\",\"url\":\"https:\\\/\\\/www.librairieplongee.com\\\/fr-fr\\\/wp-content\\\/uploads\\\/2013\\\/09\\\/plongee-plaisir-memento-enfants.jpg\",\"contentUrl\":\"https:\\\/\\\/www.librairieplongee.com\\\/fr-fr\\\/wp-content\\\/uploads\\\/2013\\\/09\\\/plongee-plaisir-memento-enfants.jpg\",\"width\":200,\"height\":293,\"caption\":\"Plong\u00e9e Plaisir enfants\"},{\"@type\":\"BreadcrumbList\",\"@id\":\"https:\\\/\\\/www.librairieplongee.com\\\/fr-fr\\\/produit\\\/plongee-plaisir-memento-plongee-enfants\\\/#breadcrumb\",\"itemListElement\":[{\"@type\":\"ListItem\",\"position\":1,\"name\":\"Accueil\",\"item\":\"https:\\\/\\\/www.librairieplongee.com\\\/fr-fr\\\/\"},{\"@type\":\"ListItem\",\"position\":2,\"name\":\"Livres sur la plong\u00e9e et l&#8217;apn\u00e9e\",\"item\":\"https:\\\/\\\/www.librairieplongee.com\\\/fr-fr\\\/\"},{\"@type\":\"ListItem\",\"position\":3,\"name\":\"Plong\u00e9e Plaisir M\u00e9mento Plong\u00e9e Enfants\"}]},{\"@type\":\"WebSite\",\"@id\":\"https:\\\/\\\/www.librairieplongee.com\\\/fr-fr\\\/#website\",\"url\":\"https:\\\/\\\/www.librairieplongee.com\\\/fr-fr\\\/\",\"name\":\"Librairie Plong\u00e9e\",\"description\":\"Livres de plong\u00e9e\",\"publisher\":{\"@id\":\"https:\\\/\\\/www.librairieplongee.com\\\/fr-fr\\\/#organization\"},\"potentialAction\":[{\"@type\":\"SearchAction\",\"target\":{\"@type\":\"EntryPoint\",\"urlTemplate\":\"https:\\\/\\\/www.librairieplongee.com\\\/fr-fr\\\/?s={search_term_string}\"},\"query-input\":{\"@type\":\"PropertyValueSpecification\",\"valueRequired\":true,\"valueName\":\"search_term_string\"}}],\"inLanguage\":\"fr-FR\"},{\"@type\":\"Organization\",\"@id\":\"https:\\\/\\\/www.librairieplongee.com\\\/fr-fr\\\/#organization\",\"name\":\"Librairie Plong\u00e9e\",\"url\":\"https:\\\/\\\/www.librairieplongee.com\\\/fr-fr\\\/\",\"logo\":{\"@type\":\"ImageObject\",\"inLanguage\":\"fr-FR\",\"@id\":\"https:\\\/\\\/www.librairieplongee.com\\\/fr-fr\\\/#\\\/schema\\\/logo\\\/image\\\/\",\"url\":\"https:\\\/\\\/www.librairieplongee.com\\\/fr-fr\\\/wp-content\\\/uploads\\\/2017\\\/03\\\/cropped-logo-librairie-plongee.png\",\"contentUrl\":\"https:\\\/\\\/www.librairieplongee.com\\\/fr-fr\\\/wp-content\\\/uploads\\\/2017\\\/03\\\/cropped-logo-librairie-plongee.png\",\"width\":252,\"height\":110,\"caption\":\"Librairie Plong\u00e9e\"},\"image\":{\"@id\":\"https:\\\/\\\/www.librairieplongee.com\\\/fr-fr\\\/#\\\/schema\\\/logo\\\/image\\\/\"}}]}<\/script>\n<!-- \/ Yoast SEO plugin. -->","yoast_head_json":{"title":"Plong\u00e9e Plaisir M\u00e9mento Plong\u00e9e Enfants - Librairie Plong\u00e9e","robots":{"index":"index","follow":"follow","max-snippet":"max-snippet:-1","max-image-preview":"max-image-preview:large","max-video-preview":"max-video-preview:-1"},"canonical":"https:\/\/www.librairieplongee.com\/fr-fr\/produit\/plongee-plaisir-memento-plongee-enfants\/","og_locale":"fr_FR","og_type":"article","og_title":"Plong\u00e9e Plaisir M\u00e9mento Plong\u00e9e Enfants - Librairie Plong\u00e9e","og_description":"Auteurs : Alain Foret et Pascal Enjalbert (Pr\u00e9face Jean-Paul Farrugia).  Tout savoir pour mettre en place la plong\u00e9e des enfants.","og_url":"https:\/\/www.librairieplongee.com\/fr-fr\/produit\/plongee-plaisir-memento-plongee-enfants\/","og_site_name":"Librairie Plong\u00e9e","article_modified_time":"2017-08-14T10:38:20+00:00","og_image":[{"width":200,"height":293,"url":"https:\/\/www.librairieplongee.com\/fr-fr\/wp-content\/uploads\/2013\/09\/plongee-plaisir-memento-enfants.jpg","type":"image\/jpeg"}],"twitter_card":"summary_large_image","twitter_misc":{"Dur\u00e9e de lecture estim\u00e9e":"2 minutes"},"schema":{"@context":"https:\/\/schema.org","@graph":[{"@type":"WebPage","@id":"https:\/\/www.librairieplongee.com\/fr-fr\/produit\/plongee-plaisir-memento-plongee-enfants\/","url":"https:\/\/www.librairieplongee.com\/fr-fr\/produit\/plongee-plaisir-memento-plongee-enfants\/","name":"Plong\u00e9e Plaisir M\u00e9mento Plong\u00e9e Enfants - Librairie Plong\u00e9e","isPartOf":{"@id":"https:\/\/www.librairieplongee.com\/fr-fr\/#website"},"primaryImageOfPage":{"@id":"https:\/\/www.librairieplongee.com\/fr-fr\/produit\/plongee-plaisir-memento-plongee-enfants\/#primaryimage"},"image":{"@id":"https:\/\/www.librairieplongee.com\/fr-fr\/produit\/plongee-plaisir-memento-plongee-enfants\/#primaryimage"},"thumbnailUrl":"https:\/\/www.librairieplongee.com\/fr-fr\/wp-content\/uploads\/2013\/09\/plongee-plaisir-memento-enfants.jpg","datePublished":"2016-04-21T18:23:12+00:00","dateModified":"2017-08-14T10:38:20+00:00","breadcrumb":{"@id":"https:\/\/www.librairieplongee.com\/fr-fr\/produit\/plongee-plaisir-memento-plongee-enfants\/#breadcrumb"},"inLanguage":"fr-FR","potentialAction":[{"@type":"ReadAction","target":["https:\/\/www.librairieplongee.com\/fr-fr\/produit\/plongee-plaisir-memento-plongee-enfants\/"]}]},{"@type":"ImageObject","inLanguage":"fr-FR","@id":"https:\/\/www.librairieplongee.com\/fr-fr\/produit\/plongee-plaisir-memento-plongee-enfants\/#primaryimage","url":"https:\/\/www.librairieplongee.com\/fr-fr\/wp-content\/uploads\/2013\/09\/plongee-plaisir-memento-enfants.jpg","contentUrl":"https:\/\/www.librairieplongee.com\/fr-fr\/wp-content\/uploads\/2013\/09\/plongee-plaisir-memento-enfants.jpg","width":200,"height":293,"caption":"Plong\u00e9e Plaisir enfants"},{"@type":"BreadcrumbList","@id":"https:\/\/www.librairieplongee.com\/fr-fr\/produit\/plongee-plaisir-memento-plongee-enfants\/#breadcrumb","itemListElement":[{"@type":"ListItem","position":1,"name":"Accueil","item":"https:\/\/www.librairieplongee.com\/fr-fr\/"},{"@type":"ListItem","position":2,"name":"Livres sur la plong\u00e9e et l&#8217;apn\u00e9e","item":"https:\/\/www.librairieplongee.com\/fr-fr\/"},{"@type":"ListItem","position":3,"name":"Plong\u00e9e Plaisir M\u00e9mento Plong\u00e9e Enfants"}]},{"@type":"WebSite","@id":"https:\/\/www.librairieplongee.com\/fr-fr\/#website","url":"https:\/\/www.librairieplongee.com\/fr-fr\/","name":"Librairie Plong\u00e9e","description":"Livres de plong\u00e9e","publisher":{"@id":"https:\/\/www.librairieplongee.com\/fr-fr\/#organization"},"potentialAction":[{"@type":"SearchAction","target":{"@type":"EntryPoint","urlTemplate":"https:\/\/www.librairieplongee.com\/fr-fr\/?s={search_term_string}"},"query-input":{"@type":"PropertyValueSpecification","valueRequired":true,"valueName":"search_term_string"}}],"inLanguage":"fr-FR"},{"@type":"Organization","@id":"https:\/\/www.librairieplongee.com\/fr-fr\/#organization","name":"Librairie Plong\u00e9e","url":"https:\/\/www.librairieplongee.com\/fr-fr\/","logo":{"@type":"ImageObject","inLanguage":"fr-FR","@id":"https:\/\/www.librairieplongee.com\/fr-fr\/#\/schema\/logo\/image\/","url":"https:\/\/www.librairieplongee.com\/fr-fr\/wp-content\/uploads\/2017\/03\/cropped-logo-librairie-plongee.png","contentUrl":"https:\/\/www.librairieplongee.com\/fr-fr\/wp-content\/uploads\/2017\/03\/cropped-logo-librairie-plongee.png","width":252,"height":110,"caption":"Librairie Plong\u00e9e"},"image":{"@id":"https:\/\/www.librairieplongee.com\/fr-fr\/#\/schema\/logo\/image\/"}}]}},"_links":{"self":[{"href":"https:\/\/www.librairieplongee.com\/fr-fr\/wp-json\/wp\/v2\/product\/53","targetHints":{"allow":["GET"]}}],"collection":[{"href":"https:\/\/www.librairieplongee.com\/fr-fr\/wp-json\/wp\/v2\/product"}],"about":[{"href":"https:\/\/www.librairieplongee.com\/fr-fr\/wp-json\/wp\/v2\/types\/product"}],"wp:featuredmedia":[{"embeddable":true,"href":"https:\/\/www.librairieplongee.com\/fr-fr\/wp-json\/wp\/v2\/media\/1593"}],"wp:attachment":[{"href":"https:\/\/www.librairieplongee.com\/fr-fr\/wp-json\/wp\/v2\/media?parent=53"}],"wp:term":[{"taxonomy":"product_brand","embeddable":true,"href":"https:\/\/www.librairieplongee.com\/fr-fr\/wp-json\/wp\/v2\/product_brand?post=53"},{"taxonomy":"product_cat","embeddable":true,"href":"https:\/\/www.librairieplongee.com\/fr-fr\/wp-json\/wp\/v2\/product_cat?post=53"},{"taxonomy":"product_tag","embeddable":true,"href":"https:\/\/www.librairieplongee.com\/fr-fr\/wp-json\/wp\/v2\/product_tag?post=53"}],"curies":[{"name":"wp","href":"https:\/\/api.w.org\/{rel}","templated":true}]}}