{"id":46,"date":"2014-12-24T23:09:56","date_gmt":"2014-12-24T22:09:56","guid":{"rendered":"http:\/\/www.librairieplongee.com\/fr-fr\/produit\/plongee-plaisir-cahier-d-exercices\/"},"modified":"2024-05-15T19:27:44","modified_gmt":"2024-05-15T17:27:44","slug":"plongee-plaisir-cahier-d-exercices","status":"publish","type":"product","link":"https:\/\/www.librairieplongee.com\/fr-fr\/produit\/plongee-plaisir-cahier-d-exercices\/","title":{"rendered":"Plong\u00e9e Plaisir Cahier d&rsquo;Exercices"},"content":{"rendered":"<p>Avec 800 exercices et solutions, Plong\u00e9e Plaisir Cahier d\u2019Exercices est un ouvrage indispensable pour :<\/p>\n<ul>\n<li>les candidats \u00e0 la formation et \u00e0 l\u2019examen de plongeur niveau 4 &#8211; guide de palanqu\u00e9e (FFESSM, FSGT, ANMP, SNMP, CMAS) ;<\/li>\n<li>les futurs plongeurs niveau 5 (directeur de plong\u00e9e) ;<\/li>\n<li>les candidats aux monitorats 1er et 2e degr\u00e9.<br \/>\nPlong\u00e9e Plaisir Cahier d\u2019Exercices pr\u00e9sente :<\/li>\n<li>200 exercices sur la pr\u00e9vention des risques et les notions d\u2019anatomie et physiologie associ\u00e9es, en veillant \u00e0 \u00eatre la pointe du sujet, particuli\u00e8rement pour les risques les plus importants comme les accidents de d\u00e9saturation pour lesquels les conseils de pr\u00e9vention ont largement \u00e9volu\u00e9 ces dix derni\u00e8res ann\u00e9es. Il en est de m\u00eame pour la surpression pulmonaire ou les risques nouvellement identifi\u00e9s comme l\u2019oed\u00e8me pulmonaire d\u2019immersion.<\/li>\n<li>100 exercices sur les proc\u00e9dures de d\u00e9saturation en accordant une large part aux ordinateurs de plong\u00e9e, y compris les mod\u00e8les les plus r\u00e9cents, aujourd\u2019hui utilis\u00e9s par la plupart des plongeurs.<\/li>\n<li>200 questions sur la r\u00e9glementation qui couvrent l\u2019ensemble du programme.<\/li>\n<li>100 questions sur la conduite de palanqu\u00e9e ainsi que la connaissance et la protection du milieu.<\/li>\n<li>200 questions sur la physique appliqu\u00e9e \u00e0 la plong\u00e9e, le matelotage et le mat\u00e9riel.<\/li>\n<\/ul>\n","protected":false},"excerpt":{"rendered":"<p>Plong\u00e9e Plaisir Cahier d&rsquo;exercices<br \/>\npar Alain FORET<\/p>\n","protected":false},"featured_media":1588,"template":"","meta":{"_monsterinsights_skip_tracking":false,"_monsterinsights_sitenote_active":false,"_monsterinsights_sitenote_note":"","_monsterinsights_sitenote_category":0},"product_brand":[],"product_cat":[261,260,263,312],"product_tag":[244,262,225,226],"class_list":{"0":"post-46","1":"product","2":"type-product","3":"status-publish","4":"has-post-thumbnail","6":"product_cat-plongee-plaisir-monitorats","7":"product_cat-plongee-plaisir-niveau-4","8":"product_cat-plongee-plaisir-niveau-5","9":"product_cat-plongee-plaisir","10":"product_tag-exercices","11":"product_tag-monitorats","12":"product_tag-niveau-4","13":"product_tag-niveau-5","14":"pa_annee-306","15":"pa_auteurs-alain-foret","16":"pa_ean-330","17":"pa_editeur-editions-gap","18":"pa_edition-edition-2","19":"pa_hauteur-309","20":"pa_largeur-310","21":"pa_nbpages-368-pages","23":"first","24":"outofstock","25":"taxable","26":"shipping-taxable","27":"purchasable","28":"product-type-simple"},"yoast_head":"<!-- This site is optimized with the Yoast SEO plugin v27.5 - https:\/\/yoast.com\/product\/yoast-seo-wordpress\/ -->\n<title>Plong\u00e9e Plaisir Cahier d&#039;Exercices - Librairie Plong\u00e9e<\/title>\n<meta name=\"robots\" content=\"index, follow, max-snippet:-1, max-image-preview:large, max-video-preview:-1\" \/>\n<link rel=\"canonical\" href=\"https:\/\/www.librairieplongee.com\/fr-fr\/produit\/plongee-plaisir-cahier-d-exercices\/\" \/>\n<meta property=\"og:locale\" content=\"fr_FR\" \/>\n<meta property=\"og:type\" content=\"article\" \/>\n<meta property=\"og:title\" content=\"Plong\u00e9e Plaisir Cahier d&#039;Exercices - Librairie Plong\u00e9e\" \/>\n<meta property=\"og:description\" content=\"Plong\u00e9e Plaisir Cahier d&#039;exercices par Alain FORET\" \/>\n<meta property=\"og:url\" content=\"https:\/\/www.librairieplongee.com\/fr-fr\/produit\/plongee-plaisir-cahier-d-exercices\/\" \/>\n<meta property=\"og:site_name\" content=\"Librairie Plong\u00e9e\" \/>\n<meta property=\"article:modified_time\" content=\"2024-05-15T17:27:44+00:00\" \/>\n<meta property=\"og:image\" content=\"https:\/\/www.librairieplongee.com\/fr-fr\/wp-content\/uploads\/2013\/09\/plongee-plaisir-exercices.jpg\" \/>\n\t<meta property=\"og:image:width\" content=\"200\" \/>\n\t<meta property=\"og:image:height\" content=\"293\" \/>\n\t<meta property=\"og:image:type\" content=\"image\/jpeg\" \/>\n<meta name=\"twitter:card\" content=\"summary_large_image\" \/>\n<meta name=\"twitter:label1\" content=\"Dur\u00e9e de lecture estim\u00e9e\" \/>\n\t<meta name=\"twitter:data1\" content=\"2 minutes\" \/>\n<script type=\"application\/ld+json\" class=\"yoast-schema-graph\">{\"@context\":\"https:\\\/\\\/schema.org\",\"@graph\":[{\"@type\":\"WebPage\",\"@id\":\"https:\\\/\\\/www.librairieplongee.com\\\/fr-fr\\\/produit\\\/plongee-plaisir-cahier-d-exercices\\\/\",\"url\":\"https:\\\/\\\/www.librairieplongee.com\\\/fr-fr\\\/produit\\\/plongee-plaisir-cahier-d-exercices\\\/\",\"name\":\"Plong\u00e9e Plaisir Cahier d'Exercices - Librairie Plong\u00e9e\",\"isPartOf\":{\"@id\":\"https:\\\/\\\/www.librairieplongee.com\\\/fr-fr\\\/#website\"},\"primaryImageOfPage\":{\"@id\":\"https:\\\/\\\/www.librairieplongee.com\\\/fr-fr\\\/produit\\\/plongee-plaisir-cahier-d-exercices\\\/#primaryimage\"},\"image\":{\"@id\":\"https:\\\/\\\/www.librairieplongee.com\\\/fr-fr\\\/produit\\\/plongee-plaisir-cahier-d-exercices\\\/#primaryimage\"},\"thumbnailUrl\":\"https:\\\/\\\/www.librairieplongee.com\\\/fr-fr\\\/wp-content\\\/uploads\\\/2013\\\/09\\\/plongee-plaisir-exercices.jpg\",\"datePublished\":\"2014-12-24T22:09:56+00:00\",\"dateModified\":\"2024-05-15T17:27:44+00:00\",\"breadcrumb\":{\"@id\":\"https:\\\/\\\/www.librairieplongee.com\\\/fr-fr\\\/produit\\\/plongee-plaisir-cahier-d-exercices\\\/#breadcrumb\"},\"inLanguage\":\"fr-FR\",\"potentialAction\":[{\"@type\":\"ReadAction\",\"target\":[\"https:\\\/\\\/www.librairieplongee.com\\\/fr-fr\\\/produit\\\/plongee-plaisir-cahier-d-exercices\\\/\"]}]},{\"@type\":\"ImageObject\",\"inLanguage\":\"fr-FR\",\"@id\":\"https:\\\/\\\/www.librairieplongee.com\\\/fr-fr\\\/produit\\\/plongee-plaisir-cahier-d-exercices\\\/#primaryimage\",\"url\":\"https:\\\/\\\/www.librairieplongee.com\\\/fr-fr\\\/wp-content\\\/uploads\\\/2013\\\/09\\\/plongee-plaisir-exercices.jpg\",\"contentUrl\":\"https:\\\/\\\/www.librairieplongee.com\\\/fr-fr\\\/wp-content\\\/uploads\\\/2013\\\/09\\\/plongee-plaisir-exercices.jpg\",\"width\":200,\"height\":293,\"caption\":\"Plong\u00e9e Plaisir Cahier d'Exercices\"},{\"@type\":\"BreadcrumbList\",\"@id\":\"https:\\\/\\\/www.librairieplongee.com\\\/fr-fr\\\/produit\\\/plongee-plaisir-cahier-d-exercices\\\/#breadcrumb\",\"itemListElement\":[{\"@type\":\"ListItem\",\"position\":1,\"name\":\"Accueil\",\"item\":\"https:\\\/\\\/www.librairieplongee.com\\\/fr-fr\\\/\"},{\"@type\":\"ListItem\",\"position\":2,\"name\":\"Livres sur la plong\u00e9e et l&#8217;apn\u00e9e\",\"item\":\"https:\\\/\\\/www.librairieplongee.com\\\/fr-fr\\\/\"},{\"@type\":\"ListItem\",\"position\":3,\"name\":\"Plong\u00e9e Plaisir Cahier d&#8217;Exercices\"}]},{\"@type\":\"WebSite\",\"@id\":\"https:\\\/\\\/www.librairieplongee.com\\\/fr-fr\\\/#website\",\"url\":\"https:\\\/\\\/www.librairieplongee.com\\\/fr-fr\\\/\",\"name\":\"Librairie Plong\u00e9e\",\"description\":\"Livres de plong\u00e9e\",\"publisher\":{\"@id\":\"https:\\\/\\\/www.librairieplongee.com\\\/fr-fr\\\/#organization\"},\"potentialAction\":[{\"@type\":\"SearchAction\",\"target\":{\"@type\":\"EntryPoint\",\"urlTemplate\":\"https:\\\/\\\/www.librairieplongee.com\\\/fr-fr\\\/?s={search_term_string}\"},\"query-input\":{\"@type\":\"PropertyValueSpecification\",\"valueRequired\":true,\"valueName\":\"search_term_string\"}}],\"inLanguage\":\"fr-FR\"},{\"@type\":\"Organization\",\"@id\":\"https:\\\/\\\/www.librairieplongee.com\\\/fr-fr\\\/#organization\",\"name\":\"Librairie Plong\u00e9e\",\"url\":\"https:\\\/\\\/www.librairieplongee.com\\\/fr-fr\\\/\",\"logo\":{\"@type\":\"ImageObject\",\"inLanguage\":\"fr-FR\",\"@id\":\"https:\\\/\\\/www.librairieplongee.com\\\/fr-fr\\\/#\\\/schema\\\/logo\\\/image\\\/\",\"url\":\"https:\\\/\\\/www.librairieplongee.com\\\/fr-fr\\\/wp-content\\\/uploads\\\/2017\\\/03\\\/cropped-logo-librairie-plongee.png\",\"contentUrl\":\"https:\\\/\\\/www.librairieplongee.com\\\/fr-fr\\\/wp-content\\\/uploads\\\/2017\\\/03\\\/cropped-logo-librairie-plongee.png\",\"width\":252,\"height\":110,\"caption\":\"Librairie Plong\u00e9e\"},\"image\":{\"@id\":\"https:\\\/\\\/www.librairieplongee.com\\\/fr-fr\\\/#\\\/schema\\\/logo\\\/image\\\/\"}}]}<\/script>\n<!-- \/ Yoast SEO plugin. -->","yoast_head_json":{"title":"Plong\u00e9e Plaisir Cahier d'Exercices - Librairie Plong\u00e9e","robots":{"index":"index","follow":"follow","max-snippet":"max-snippet:-1","max-image-preview":"max-image-preview:large","max-video-preview":"max-video-preview:-1"},"canonical":"https:\/\/www.librairieplongee.com\/fr-fr\/produit\/plongee-plaisir-cahier-d-exercices\/","og_locale":"fr_FR","og_type":"article","og_title":"Plong\u00e9e Plaisir Cahier d'Exercices - Librairie Plong\u00e9e","og_description":"Plong\u00e9e Plaisir Cahier d'exercices par Alain FORET","og_url":"https:\/\/www.librairieplongee.com\/fr-fr\/produit\/plongee-plaisir-cahier-d-exercices\/","og_site_name":"Librairie Plong\u00e9e","article_modified_time":"2024-05-15T17:27:44+00:00","og_image":[{"width":200,"height":293,"url":"https:\/\/www.librairieplongee.com\/fr-fr\/wp-content\/uploads\/2013\/09\/plongee-plaisir-exercices.jpg","type":"image\/jpeg"}],"twitter_card":"summary_large_image","twitter_misc":{"Dur\u00e9e de lecture estim\u00e9e":"2 minutes"},"schema":{"@context":"https:\/\/schema.org","@graph":[{"@type":"WebPage","@id":"https:\/\/www.librairieplongee.com\/fr-fr\/produit\/plongee-plaisir-cahier-d-exercices\/","url":"https:\/\/www.librairieplongee.com\/fr-fr\/produit\/plongee-plaisir-cahier-d-exercices\/","name":"Plong\u00e9e Plaisir Cahier d'Exercices - Librairie Plong\u00e9e","isPartOf":{"@id":"https:\/\/www.librairieplongee.com\/fr-fr\/#website"},"primaryImageOfPage":{"@id":"https:\/\/www.librairieplongee.com\/fr-fr\/produit\/plongee-plaisir-cahier-d-exercices\/#primaryimage"},"image":{"@id":"https:\/\/www.librairieplongee.com\/fr-fr\/produit\/plongee-plaisir-cahier-d-exercices\/#primaryimage"},"thumbnailUrl":"https:\/\/www.librairieplongee.com\/fr-fr\/wp-content\/uploads\/2013\/09\/plongee-plaisir-exercices.jpg","datePublished":"2014-12-24T22:09:56+00:00","dateModified":"2024-05-15T17:27:44+00:00","breadcrumb":{"@id":"https:\/\/www.librairieplongee.com\/fr-fr\/produit\/plongee-plaisir-cahier-d-exercices\/#breadcrumb"},"inLanguage":"fr-FR","potentialAction":[{"@type":"ReadAction","target":["https:\/\/www.librairieplongee.com\/fr-fr\/produit\/plongee-plaisir-cahier-d-exercices\/"]}]},{"@type":"ImageObject","inLanguage":"fr-FR","@id":"https:\/\/www.librairieplongee.com\/fr-fr\/produit\/plongee-plaisir-cahier-d-exercices\/#primaryimage","url":"https:\/\/www.librairieplongee.com\/fr-fr\/wp-content\/uploads\/2013\/09\/plongee-plaisir-exercices.jpg","contentUrl":"https:\/\/www.librairieplongee.com\/fr-fr\/wp-content\/uploads\/2013\/09\/plongee-plaisir-exercices.jpg","width":200,"height":293,"caption":"Plong\u00e9e Plaisir Cahier d'Exercices"},{"@type":"BreadcrumbList","@id":"https:\/\/www.librairieplongee.com\/fr-fr\/produit\/plongee-plaisir-cahier-d-exercices\/#breadcrumb","itemListElement":[{"@type":"ListItem","position":1,"name":"Accueil","item":"https:\/\/www.librairieplongee.com\/fr-fr\/"},{"@type":"ListItem","position":2,"name":"Livres sur la plong\u00e9e et l&#8217;apn\u00e9e","item":"https:\/\/www.librairieplongee.com\/fr-fr\/"},{"@type":"ListItem","position":3,"name":"Plong\u00e9e Plaisir Cahier d&#8217;Exercices"}]},{"@type":"WebSite","@id":"https:\/\/www.librairieplongee.com\/fr-fr\/#website","url":"https:\/\/www.librairieplongee.com\/fr-fr\/","name":"Librairie Plong\u00e9e","description":"Livres de plong\u00e9e","publisher":{"@id":"https:\/\/www.librairieplongee.com\/fr-fr\/#organization"},"potentialAction":[{"@type":"SearchAction","target":{"@type":"EntryPoint","urlTemplate":"https:\/\/www.librairieplongee.com\/fr-fr\/?s={search_term_string}"},"query-input":{"@type":"PropertyValueSpecification","valueRequired":true,"valueName":"search_term_string"}}],"inLanguage":"fr-FR"},{"@type":"Organization","@id":"https:\/\/www.librairieplongee.com\/fr-fr\/#organization","name":"Librairie Plong\u00e9e","url":"https:\/\/www.librairieplongee.com\/fr-fr\/","logo":{"@type":"ImageObject","inLanguage":"fr-FR","@id":"https:\/\/www.librairieplongee.com\/fr-fr\/#\/schema\/logo\/image\/","url":"https:\/\/www.librairieplongee.com\/fr-fr\/wp-content\/uploads\/2017\/03\/cropped-logo-librairie-plongee.png","contentUrl":"https:\/\/www.librairieplongee.com\/fr-fr\/wp-content\/uploads\/2017\/03\/cropped-logo-librairie-plongee.png","width":252,"height":110,"caption":"Librairie Plong\u00e9e"},"image":{"@id":"https:\/\/www.librairieplongee.com\/fr-fr\/#\/schema\/logo\/image\/"}}]}},"_links":{"self":[{"href":"https:\/\/www.librairieplongee.com\/fr-fr\/wp-json\/wp\/v2\/product\/46","targetHints":{"allow":["GET"]}}],"collection":[{"href":"https:\/\/www.librairieplongee.com\/fr-fr\/wp-json\/wp\/v2\/product"}],"about":[{"href":"https:\/\/www.librairieplongee.com\/fr-fr\/wp-json\/wp\/v2\/types\/product"}],"wp:featuredmedia":[{"embeddable":true,"href":"https:\/\/www.librairieplongee.com\/fr-fr\/wp-json\/wp\/v2\/media\/1588"}],"wp:attachment":[{"href":"https:\/\/www.librairieplongee.com\/fr-fr\/wp-json\/wp\/v2\/media?parent=46"}],"wp:term":[{"taxonomy":"product_brand","embeddable":true,"href":"https:\/\/www.librairieplongee.com\/fr-fr\/wp-json\/wp\/v2\/product_brand?post=46"},{"taxonomy":"product_cat","embeddable":true,"href":"https:\/\/www.librairieplongee.com\/fr-fr\/wp-json\/wp\/v2\/product_cat?post=46"},{"taxonomy":"product_tag","embeddable":true,"href":"https:\/\/www.librairieplongee.com\/fr-fr\/wp-json\/wp\/v2\/product_tag?post=46"}],"curies":[{"name":"wp","href":"https:\/\/api.w.org\/{rel}","templated":true}]}}