{"id":45,"date":"2014-12-24T22:52:37","date_gmt":"2014-12-24T21:52:37","guid":{"rendered":"http:\/\/www.librairieplongee.com\/fr-fr\/produit\/plongee-plaisir-memento-ordinateurs-de-plongee\/"},"modified":"2017-08-14T12:43:08","modified_gmt":"2017-08-14T10:43:08","slug":"plongee-plaisir-memento-ordinateurs-de-plongee","status":"publish","type":"product","link":"https:\/\/www.librairieplongee.com\/fr-fr\/produit\/plongee-plaisir-memento-ordinateurs-de-plongee\/","title":{"rendered":"Plong\u00e9e Plaisir M\u00e9mento Ordinateurs de plong\u00e9e"},"content":{"rendered":"<p>Un m\u00e9mento Plong\u00e9e Plaisir sur les ordinateurs de plong\u00e9e incontournable, destin\u00e9 \u00e0 tous les plongeurs pour une utilisation s\u00e9curis\u00e9e de leur instrument et les guider dans leurs achats, ainsi qu\u2019\u00e0 tous les encadrants (initiateurs, moniteurs) pour les accompagner dans leur enseignement aupr\u00e8s des publics de plongeurs encadr\u00e9s, plongeurs autonomes et guides de palanqu\u00e9e.<\/p>\n<p>A l\u2019heure o\u00f9 pr\u00e8s de 100 % des plongeurs utilisent un ordinateur de plong\u00e9e et alors que ces derni\u00e8res ann\u00e9es ont vu appara\u00eetre sur le march\u00e9 de nombreuses nouveaut\u00e9s, ce m\u00e9mento r\u00e9pond aux questions que chacun se pose en 24 fiches traitant l\u2019ensemble du sujet.<\/p>\n","protected":false},"excerpt":{"rendered":"<p>Plong\u00e9e Plaisir M\u00e9mento sur les ordinateurs de plong\u00e9e<br \/>\npar Alain Foret<\/p>\n","protected":false},"featured_media":1594,"template":"","meta":{"_monsterinsights_skip_tracking":false,"_monsterinsights_sitenote_active":false,"_monsterinsights_sitenote_note":"","_monsterinsights_sitenote_category":0},"product_brand":[],"product_cat":[261,315,253,259,260,263,313,312,264],"product_tag":[241,242,185],"class_list":{"0":"post-45","1":"product","2":"type-product","3":"status-publish","4":"has-post-thumbnail","6":"product_cat-plongee-plaisir-monitorats","7":"product_cat-nitrox","8":"product_cat-plongee-plaisir-niveau-2","9":"product_cat-plongee-plaisir-niveau-3","10":"product_cat-plongee-plaisir-niveau-4","11":"product_cat-plongee-plaisir-niveau-5","12":"product_cat-recycleur-trimix","13":"product_cat-plongee-plaisir","14":"product_cat-plongee-plaisir-tables-ordinateurs","15":"product_tag-ordinateur-de-plongee","16":"product_tag-ordinateurs","17":"product_tag-plongee","18":"pa_annee-306","19":"pa_auteurs-alain-foret","20":"pa_ean-334","21":"pa_editeur-editions-gap","22":"pa_edition-edition-1","23":"pa_hauteur-309","24":"pa_largeur-310","25":"pa_nbpages-132","27":"first","28":"instock","29":"taxable","30":"shipping-taxable","31":"purchasable","32":"product-type-simple"},"yoast_head":"<!-- This site is optimized with the Yoast SEO plugin v27.4 - https:\/\/yoast.com\/product\/yoast-seo-wordpress\/ -->\n<title>Plong\u00e9e Plaisir M\u00e9mento Ordinateurs de plong\u00e9e - Librairie Plong\u00e9e<\/title>\n<meta name=\"robots\" content=\"index, follow, max-snippet:-1, max-image-preview:large, max-video-preview:-1\" \/>\n<link rel=\"canonical\" href=\"https:\/\/www.librairieplongee.com\/fr-fr\/produit\/plongee-plaisir-memento-ordinateurs-de-plongee\/\" \/>\n<meta property=\"og:locale\" content=\"fr_FR\" \/>\n<meta property=\"og:type\" content=\"article\" \/>\n<meta property=\"og:title\" content=\"Plong\u00e9e Plaisir M\u00e9mento Ordinateurs de plong\u00e9e - Librairie Plong\u00e9e\" \/>\n<meta property=\"og:description\" content=\"Plong\u00e9e Plaisir M\u00e9mento sur les ordinateurs de plong\u00e9e par Alain Foret\" \/>\n<meta property=\"og:url\" content=\"https:\/\/www.librairieplongee.com\/fr-fr\/produit\/plongee-plaisir-memento-ordinateurs-de-plongee\/\" \/>\n<meta property=\"og:site_name\" content=\"Librairie Plong\u00e9e\" \/>\n<meta property=\"article:modified_time\" content=\"2017-08-14T10:43:08+00:00\" \/>\n<meta property=\"og:image\" content=\"https:\/\/www.librairieplongee.com\/fr-fr\/wp-content\/uploads\/2013\/09\/plongee-plaisir-memento-ordinateur.jpg\" \/>\n\t<meta property=\"og:image:width\" content=\"200\" \/>\n\t<meta property=\"og:image:height\" content=\"293\" \/>\n\t<meta property=\"og:image:type\" content=\"image\/jpeg\" \/>\n<meta name=\"twitter:card\" content=\"summary_large_image\" \/>\n<meta name=\"twitter:label1\" content=\"Dur\u00e9e de lecture estim\u00e9e\" \/>\n\t<meta name=\"twitter:data1\" content=\"1 minute\" \/>\n<script type=\"application\/ld+json\" class=\"yoast-schema-graph\">{\"@context\":\"https:\\\/\\\/schema.org\",\"@graph\":[{\"@type\":\"WebPage\",\"@id\":\"https:\\\/\\\/www.librairieplongee.com\\\/fr-fr\\\/produit\\\/plongee-plaisir-memento-ordinateurs-de-plongee\\\/\",\"url\":\"https:\\\/\\\/www.librairieplongee.com\\\/fr-fr\\\/produit\\\/plongee-plaisir-memento-ordinateurs-de-plongee\\\/\",\"name\":\"Plong\u00e9e Plaisir M\u00e9mento Ordinateurs de plong\u00e9e - Librairie Plong\u00e9e\",\"isPartOf\":{\"@id\":\"https:\\\/\\\/www.librairieplongee.com\\\/fr-fr\\\/#website\"},\"primaryImageOfPage\":{\"@id\":\"https:\\\/\\\/www.librairieplongee.com\\\/fr-fr\\\/produit\\\/plongee-plaisir-memento-ordinateurs-de-plongee\\\/#primaryimage\"},\"image\":{\"@id\":\"https:\\\/\\\/www.librairieplongee.com\\\/fr-fr\\\/produit\\\/plongee-plaisir-memento-ordinateurs-de-plongee\\\/#primaryimage\"},\"thumbnailUrl\":\"https:\\\/\\\/www.librairieplongee.com\\\/fr-fr\\\/wp-content\\\/uploads\\\/2013\\\/09\\\/plongee-plaisir-memento-ordinateur.jpg\",\"datePublished\":\"2014-12-24T21:52:37+00:00\",\"dateModified\":\"2017-08-14T10:43:08+00:00\",\"breadcrumb\":{\"@id\":\"https:\\\/\\\/www.librairieplongee.com\\\/fr-fr\\\/produit\\\/plongee-plaisir-memento-ordinateurs-de-plongee\\\/#breadcrumb\"},\"inLanguage\":\"fr-FR\",\"potentialAction\":[{\"@type\":\"ReadAction\",\"target\":[\"https:\\\/\\\/www.librairieplongee.com\\\/fr-fr\\\/produit\\\/plongee-plaisir-memento-ordinateurs-de-plongee\\\/\"]}]},{\"@type\":\"ImageObject\",\"inLanguage\":\"fr-FR\",\"@id\":\"https:\\\/\\\/www.librairieplongee.com\\\/fr-fr\\\/produit\\\/plongee-plaisir-memento-ordinateurs-de-plongee\\\/#primaryimage\",\"url\":\"https:\\\/\\\/www.librairieplongee.com\\\/fr-fr\\\/wp-content\\\/uploads\\\/2013\\\/09\\\/plongee-plaisir-memento-ordinateur.jpg\",\"contentUrl\":\"https:\\\/\\\/www.librairieplongee.com\\\/fr-fr\\\/wp-content\\\/uploads\\\/2013\\\/09\\\/plongee-plaisir-memento-ordinateur.jpg\",\"width\":200,\"height\":293,\"caption\":\"Plong\u00e9e Plaisir M\u00e9mento Ordinateurs\"},{\"@type\":\"BreadcrumbList\",\"@id\":\"https:\\\/\\\/www.librairieplongee.com\\\/fr-fr\\\/produit\\\/plongee-plaisir-memento-ordinateurs-de-plongee\\\/#breadcrumb\",\"itemListElement\":[{\"@type\":\"ListItem\",\"position\":1,\"name\":\"Accueil\",\"item\":\"https:\\\/\\\/www.librairieplongee.com\\\/fr-fr\\\/\"},{\"@type\":\"ListItem\",\"position\":2,\"name\":\"Livres sur la plong\u00e9e et l&#8217;apn\u00e9e\",\"item\":\"https:\\\/\\\/www.librairieplongee.com\\\/fr-fr\\\/\"},{\"@type\":\"ListItem\",\"position\":3,\"name\":\"Plong\u00e9e Plaisir M\u00e9mento Ordinateurs de plong\u00e9e\"}]},{\"@type\":\"WebSite\",\"@id\":\"https:\\\/\\\/www.librairieplongee.com\\\/fr-fr\\\/#website\",\"url\":\"https:\\\/\\\/www.librairieplongee.com\\\/fr-fr\\\/\",\"name\":\"Librairie Plong\u00e9e\",\"description\":\"Livres de plong\u00e9e\",\"publisher\":{\"@id\":\"https:\\\/\\\/www.librairieplongee.com\\\/fr-fr\\\/#organization\"},\"potentialAction\":[{\"@type\":\"SearchAction\",\"target\":{\"@type\":\"EntryPoint\",\"urlTemplate\":\"https:\\\/\\\/www.librairieplongee.com\\\/fr-fr\\\/?s={search_term_string}\"},\"query-input\":{\"@type\":\"PropertyValueSpecification\",\"valueRequired\":true,\"valueName\":\"search_term_string\"}}],\"inLanguage\":\"fr-FR\"},{\"@type\":\"Organization\",\"@id\":\"https:\\\/\\\/www.librairieplongee.com\\\/fr-fr\\\/#organization\",\"name\":\"Librairie Plong\u00e9e\",\"url\":\"https:\\\/\\\/www.librairieplongee.com\\\/fr-fr\\\/\",\"logo\":{\"@type\":\"ImageObject\",\"inLanguage\":\"fr-FR\",\"@id\":\"https:\\\/\\\/www.librairieplongee.com\\\/fr-fr\\\/#\\\/schema\\\/logo\\\/image\\\/\",\"url\":\"https:\\\/\\\/www.librairieplongee.com\\\/fr-fr\\\/wp-content\\\/uploads\\\/2017\\\/03\\\/cropped-logo-librairie-plongee.png\",\"contentUrl\":\"https:\\\/\\\/www.librairieplongee.com\\\/fr-fr\\\/wp-content\\\/uploads\\\/2017\\\/03\\\/cropped-logo-librairie-plongee.png\",\"width\":252,\"height\":110,\"caption\":\"Librairie Plong\u00e9e\"},\"image\":{\"@id\":\"https:\\\/\\\/www.librairieplongee.com\\\/fr-fr\\\/#\\\/schema\\\/logo\\\/image\\\/\"}}]}<\/script>\n<!-- \/ Yoast SEO plugin. -->","yoast_head_json":{"title":"Plong\u00e9e Plaisir M\u00e9mento Ordinateurs de plong\u00e9e - Librairie Plong\u00e9e","robots":{"index":"index","follow":"follow","max-snippet":"max-snippet:-1","max-image-preview":"max-image-preview:large","max-video-preview":"max-video-preview:-1"},"canonical":"https:\/\/www.librairieplongee.com\/fr-fr\/produit\/plongee-plaisir-memento-ordinateurs-de-plongee\/","og_locale":"fr_FR","og_type":"article","og_title":"Plong\u00e9e Plaisir M\u00e9mento Ordinateurs de plong\u00e9e - Librairie Plong\u00e9e","og_description":"Plong\u00e9e Plaisir M\u00e9mento sur les ordinateurs de plong\u00e9e par Alain Foret","og_url":"https:\/\/www.librairieplongee.com\/fr-fr\/produit\/plongee-plaisir-memento-ordinateurs-de-plongee\/","og_site_name":"Librairie Plong\u00e9e","article_modified_time":"2017-08-14T10:43:08+00:00","og_image":[{"width":200,"height":293,"url":"https:\/\/www.librairieplongee.com\/fr-fr\/wp-content\/uploads\/2013\/09\/plongee-plaisir-memento-ordinateur.jpg","type":"image\/jpeg"}],"twitter_card":"summary_large_image","twitter_misc":{"Dur\u00e9e de lecture estim\u00e9e":"1 minute"},"schema":{"@context":"https:\/\/schema.org","@graph":[{"@type":"WebPage","@id":"https:\/\/www.librairieplongee.com\/fr-fr\/produit\/plongee-plaisir-memento-ordinateurs-de-plongee\/","url":"https:\/\/www.librairieplongee.com\/fr-fr\/produit\/plongee-plaisir-memento-ordinateurs-de-plongee\/","name":"Plong\u00e9e Plaisir M\u00e9mento Ordinateurs de plong\u00e9e - Librairie Plong\u00e9e","isPartOf":{"@id":"https:\/\/www.librairieplongee.com\/fr-fr\/#website"},"primaryImageOfPage":{"@id":"https:\/\/www.librairieplongee.com\/fr-fr\/produit\/plongee-plaisir-memento-ordinateurs-de-plongee\/#primaryimage"},"image":{"@id":"https:\/\/www.librairieplongee.com\/fr-fr\/produit\/plongee-plaisir-memento-ordinateurs-de-plongee\/#primaryimage"},"thumbnailUrl":"https:\/\/www.librairieplongee.com\/fr-fr\/wp-content\/uploads\/2013\/09\/plongee-plaisir-memento-ordinateur.jpg","datePublished":"2014-12-24T21:52:37+00:00","dateModified":"2017-08-14T10:43:08+00:00","breadcrumb":{"@id":"https:\/\/www.librairieplongee.com\/fr-fr\/produit\/plongee-plaisir-memento-ordinateurs-de-plongee\/#breadcrumb"},"inLanguage":"fr-FR","potentialAction":[{"@type":"ReadAction","target":["https:\/\/www.librairieplongee.com\/fr-fr\/produit\/plongee-plaisir-memento-ordinateurs-de-plongee\/"]}]},{"@type":"ImageObject","inLanguage":"fr-FR","@id":"https:\/\/www.librairieplongee.com\/fr-fr\/produit\/plongee-plaisir-memento-ordinateurs-de-plongee\/#primaryimage","url":"https:\/\/www.librairieplongee.com\/fr-fr\/wp-content\/uploads\/2013\/09\/plongee-plaisir-memento-ordinateur.jpg","contentUrl":"https:\/\/www.librairieplongee.com\/fr-fr\/wp-content\/uploads\/2013\/09\/plongee-plaisir-memento-ordinateur.jpg","width":200,"height":293,"caption":"Plong\u00e9e Plaisir M\u00e9mento Ordinateurs"},{"@type":"BreadcrumbList","@id":"https:\/\/www.librairieplongee.com\/fr-fr\/produit\/plongee-plaisir-memento-ordinateurs-de-plongee\/#breadcrumb","itemListElement":[{"@type":"ListItem","position":1,"name":"Accueil","item":"https:\/\/www.librairieplongee.com\/fr-fr\/"},{"@type":"ListItem","position":2,"name":"Livres sur la plong\u00e9e et l&#8217;apn\u00e9e","item":"https:\/\/www.librairieplongee.com\/fr-fr\/"},{"@type":"ListItem","position":3,"name":"Plong\u00e9e Plaisir M\u00e9mento Ordinateurs de plong\u00e9e"}]},{"@type":"WebSite","@id":"https:\/\/www.librairieplongee.com\/fr-fr\/#website","url":"https:\/\/www.librairieplongee.com\/fr-fr\/","name":"Librairie Plong\u00e9e","description":"Livres de plong\u00e9e","publisher":{"@id":"https:\/\/www.librairieplongee.com\/fr-fr\/#organization"},"potentialAction":[{"@type":"SearchAction","target":{"@type":"EntryPoint","urlTemplate":"https:\/\/www.librairieplongee.com\/fr-fr\/?s={search_term_string}"},"query-input":{"@type":"PropertyValueSpecification","valueRequired":true,"valueName":"search_term_string"}}],"inLanguage":"fr-FR"},{"@type":"Organization","@id":"https:\/\/www.librairieplongee.com\/fr-fr\/#organization","name":"Librairie Plong\u00e9e","url":"https:\/\/www.librairieplongee.com\/fr-fr\/","logo":{"@type":"ImageObject","inLanguage":"fr-FR","@id":"https:\/\/www.librairieplongee.com\/fr-fr\/#\/schema\/logo\/image\/","url":"https:\/\/www.librairieplongee.com\/fr-fr\/wp-content\/uploads\/2017\/03\/cropped-logo-librairie-plongee.png","contentUrl":"https:\/\/www.librairieplongee.com\/fr-fr\/wp-content\/uploads\/2017\/03\/cropped-logo-librairie-plongee.png","width":252,"height":110,"caption":"Librairie Plong\u00e9e"},"image":{"@id":"https:\/\/www.librairieplongee.com\/fr-fr\/#\/schema\/logo\/image\/"}}]}},"_links":{"self":[{"href":"https:\/\/www.librairieplongee.com\/fr-fr\/wp-json\/wp\/v2\/product\/45","targetHints":{"allow":["GET"]}}],"collection":[{"href":"https:\/\/www.librairieplongee.com\/fr-fr\/wp-json\/wp\/v2\/product"}],"about":[{"href":"https:\/\/www.librairieplongee.com\/fr-fr\/wp-json\/wp\/v2\/types\/product"}],"wp:featuredmedia":[{"embeddable":true,"href":"https:\/\/www.librairieplongee.com\/fr-fr\/wp-json\/wp\/v2\/media\/1594"}],"wp:attachment":[{"href":"https:\/\/www.librairieplongee.com\/fr-fr\/wp-json\/wp\/v2\/media?parent=45"}],"wp:term":[{"taxonomy":"product_brand","embeddable":true,"href":"https:\/\/www.librairieplongee.com\/fr-fr\/wp-json\/wp\/v2\/product_brand?post=45"},{"taxonomy":"product_cat","embeddable":true,"href":"https:\/\/www.librairieplongee.com\/fr-fr\/wp-json\/wp\/v2\/product_cat?post=45"},{"taxonomy":"product_tag","embeddable":true,"href":"https:\/\/www.librairieplongee.com\/fr-fr\/wp-json\/wp\/v2\/product_tag?post=45"}],"curies":[{"name":"wp","href":"https:\/\/api.w.org\/{rel}","templated":true}]}}