{"id":41,"date":"2014-09-30T12:30:56","date_gmt":"2014-09-30T10:30:56","guid":{"rendered":"http:\/\/www.librairieplongee.com\/fr-fr\/produit\/memento-plongee-plaisir-4\/"},"modified":"2022-12-21T10:21:33","modified_gmt":"2022-12-21T09:21:33","slug":"memento-plongee-plaisir-4","status":"publish","type":"product","link":"https:\/\/www.librairieplongee.com\/fr-fr\/produit\/memento-plongee-plaisir-4\/","title":{"rendered":"M\u00e9mento Plong\u00e9e Plaisir 4"},"content":{"rendered":"<p>2e \u00e9dition &#8211; 2017<\/p>\n<p><span class=\"titre\">PLONGEE PLAISIR : LE MEMENTO NIVEAU 4 <\/span><\/p>\n<p>Guide de palanqu\u00e9e<br \/>\nFiches de r\u00e9vision<\/p>\n<p>Un M\u00e9mento incontournable pour guider les r\u00e9visions des candidats au brevet de plongeur niveau 4 (guide de palanqu\u00e9e).<br \/>\nConfront\u00e9s \u00e0 l\u2019\u00e9tendue des connaissances th\u00e9oriques, les plongeurs en formation niveau 4 ressentent souvent le besoin de disposer de fiches de synth\u00e8se. Non pas pour se substituer \u00e0 un livre complet, mais pour baliser le chemin des r\u00e9visions et faire le point d\u2019un seul coup d\u2019oeil sur un th\u00e8me donn\u00e9 (ex. : les accidents de d\u00e9saturation).<br \/>\nEn compl\u00e9ment du livre Plong\u00e9e Plaisir 4, c\u2019est pr\u00e9cis\u00e9ment l\u2019objectif vis\u00e9 par ce M\u00e9mento organis\u00e9 en 24 fiches de synth\u00e8se couvrant les principaux th\u00e8mes.<br \/>\nVous pourrez ainsi faire des allers et retours entre le livre, qui expose le contenu des connaissances \u00e0 ma\u00eetriser, et le M\u00e9mento, qui balise le chemin.<\/p>\n<p class=\"titre\">SOMMAIRE<\/p>\n<p>1 &#8211; R\u00e9glementation : notions<br \/>\n2 &#8211; Le guide de palanqu\u00e9e<br \/>\n3 &#8211; Responsabilit\u00e9 &amp; assurances<br \/>\n4 &#8211; La conduite de palanqu\u00e9e<br \/>\n5 &#8211; Le monde subaquatique<br \/>\n6 &#8211; L&rsquo;orientation<br \/>\n7 &#8211; La flottabilit\u00e9<br \/>\n8 &#8211; Consommation d&rsquo;air et autonomie<br \/>\n9 &#8211; Le syst\u00e8me nerveux<br \/>\n10 &#8211; Le syst\u00e8me cardio-vasculaire<br \/>\n11 &#8211; Le froid<br \/>\n12 &#8211; Le syst\u00e8me respiratoire<br \/>\n13 &#8211; Le risque d&rsquo;essouflement<br \/>\n14 &#8211; Le risque de noyade<br \/>\n15 &#8211; Le risque de surpression pulmonaire<br \/>\n16 &#8211; Les oreilles<br \/>\n17 &#8211; Les mod\u00e8les de d\u00e9saturation<br \/>\n18 &#8211; Les ordinateurs d&rsquo;aide \u00e0 la d\u00e9saturation<br \/>\n19 &#8211; Tables MN90<br \/>\n20 &#8211; Le risque de syncope en apn\u00e9e<br \/>\n21 &#8211; Les risques d&rsquo;accidents de d\u00e9saturation<br \/>\n22 &#8211; Les appareils sous pression<br \/>\n23 &#8211; Le certificat m\u00e9dical<\/p>\n<p class=\"style2\"><span class=\"style3\">Imprim\u00e9 sur papier certifi\u00e9 fabriqu\u00e9 \u00e0 partir de p\u00e2tes \u00e0 papier issues de for\u00eats exploit\u00e9es en gestion durable. L&rsquo;encre utilis\u00e9e est \u00e0 base d&rsquo;huile v\u00e9g\u00e9tale, l&rsquo;imprimerie adopte une d\u00e9marche environnementale progressiste valid\u00e9e par la certification Imprim&rsquo;vert<\/span>.<\/p>\n","protected":false},"excerpt":{"rendered":"<p>Fiches de r\u00e9vision examen niveau 4.<\/p>\n","protected":false},"featured_media":1592,"template":"","meta":{"_monsterinsights_skip_tracking":false,"_monsterinsights_sitenote_active":false,"_monsterinsights_sitenote_note":"","_monsterinsights_sitenote_category":0},"product_brand":[],"product_cat":[261,260,312],"product_tag":[227,225],"class_list":{"0":"post-41","1":"product","2":"type-product","3":"status-publish","4":"has-post-thumbnail","6":"product_cat-plongee-plaisir-monitorats","7":"product_cat-plongee-plaisir-niveau-4","8":"product_cat-plongee-plaisir","9":"product_tag-guide-de-palanquee","10":"product_tag-niveau-4","11":"pa_annee-308","12":"pa_auteurs-alain-foret","13":"pa_ean-380","14":"pa_editeur-editions-gap","15":"pa_edition-edition-2","16":"pa_hauteur-309","17":"pa_largeur-310","18":"pa_nbpages-132","20":"first","21":"outofstock","22":"taxable","23":"shipping-taxable","24":"purchasable","25":"product-type-simple"},"yoast_head":"<!-- This site is optimized with the Yoast SEO plugin v27.4 - https:\/\/yoast.com\/product\/yoast-seo-wordpress\/ -->\n<title>M\u00e9mento Plong\u00e9e Plaisir 4 - Librairie Plong\u00e9e<\/title>\n<meta name=\"robots\" content=\"index, follow, max-snippet:-1, max-image-preview:large, max-video-preview:-1\" \/>\n<link rel=\"canonical\" href=\"https:\/\/www.librairieplongee.com\/fr-fr\/produit\/memento-plongee-plaisir-4\/\" \/>\n<meta property=\"og:locale\" content=\"fr_FR\" \/>\n<meta property=\"og:type\" content=\"article\" \/>\n<meta property=\"og:title\" content=\"M\u00e9mento Plong\u00e9e Plaisir 4 - Librairie Plong\u00e9e\" \/>\n<meta property=\"og:description\" content=\"Fiches de r\u00e9vision examen niveau 4.\" \/>\n<meta property=\"og:url\" content=\"https:\/\/www.librairieplongee.com\/fr-fr\/produit\/memento-plongee-plaisir-4\/\" \/>\n<meta property=\"og:site_name\" content=\"Librairie Plong\u00e9e\" \/>\n<meta property=\"article:modified_time\" content=\"2022-12-21T09:21:33+00:00\" \/>\n<meta property=\"og:image\" content=\"https:\/\/www.librairieplongee.com\/fr-fr\/wp-content\/uploads\/2013\/09\/plongee-plaisir-memento-4.jpg\" \/>\n\t<meta property=\"og:image:width\" content=\"200\" \/>\n\t<meta property=\"og:image:height\" content=\"293\" \/>\n\t<meta property=\"og:image:type\" content=\"image\/jpeg\" \/>\n<meta name=\"twitter:card\" content=\"summary_large_image\" \/>\n<meta name=\"twitter:label1\" content=\"Dur\u00e9e de lecture estim\u00e9e\" \/>\n\t<meta name=\"twitter:data1\" content=\"2 minutes\" \/>\n<script type=\"application\/ld+json\" class=\"yoast-schema-graph\">{\"@context\":\"https:\\\/\\\/schema.org\",\"@graph\":[{\"@type\":\"WebPage\",\"@id\":\"https:\\\/\\\/www.librairieplongee.com\\\/fr-fr\\\/produit\\\/memento-plongee-plaisir-4\\\/\",\"url\":\"https:\\\/\\\/www.librairieplongee.com\\\/fr-fr\\\/produit\\\/memento-plongee-plaisir-4\\\/\",\"name\":\"M\u00e9mento Plong\u00e9e Plaisir 4 - Librairie Plong\u00e9e\",\"isPartOf\":{\"@id\":\"https:\\\/\\\/www.librairieplongee.com\\\/fr-fr\\\/#website\"},\"primaryImageOfPage\":{\"@id\":\"https:\\\/\\\/www.librairieplongee.com\\\/fr-fr\\\/produit\\\/memento-plongee-plaisir-4\\\/#primaryimage\"},\"image\":{\"@id\":\"https:\\\/\\\/www.librairieplongee.com\\\/fr-fr\\\/produit\\\/memento-plongee-plaisir-4\\\/#primaryimage\"},\"thumbnailUrl\":\"https:\\\/\\\/www.librairieplongee.com\\\/fr-fr\\\/wp-content\\\/uploads\\\/2013\\\/09\\\/plongee-plaisir-memento-4.jpg\",\"datePublished\":\"2014-09-30T10:30:56+00:00\",\"dateModified\":\"2022-12-21T09:21:33+00:00\",\"breadcrumb\":{\"@id\":\"https:\\\/\\\/www.librairieplongee.com\\\/fr-fr\\\/produit\\\/memento-plongee-plaisir-4\\\/#breadcrumb\"},\"inLanguage\":\"fr-FR\",\"potentialAction\":[{\"@type\":\"ReadAction\",\"target\":[\"https:\\\/\\\/www.librairieplongee.com\\\/fr-fr\\\/produit\\\/memento-plongee-plaisir-4\\\/\"]}]},{\"@type\":\"ImageObject\",\"inLanguage\":\"fr-FR\",\"@id\":\"https:\\\/\\\/www.librairieplongee.com\\\/fr-fr\\\/produit\\\/memento-plongee-plaisir-4\\\/#primaryimage\",\"url\":\"https:\\\/\\\/www.librairieplongee.com\\\/fr-fr\\\/wp-content\\\/uploads\\\/2013\\\/09\\\/plongee-plaisir-memento-4.jpg\",\"contentUrl\":\"https:\\\/\\\/www.librairieplongee.com\\\/fr-fr\\\/wp-content\\\/uploads\\\/2013\\\/09\\\/plongee-plaisir-memento-4.jpg\",\"width\":200,\"height\":293,\"caption\":\"Plong\u00e9e Plaisir M\u00e9mento 4\"},{\"@type\":\"BreadcrumbList\",\"@id\":\"https:\\\/\\\/www.librairieplongee.com\\\/fr-fr\\\/produit\\\/memento-plongee-plaisir-4\\\/#breadcrumb\",\"itemListElement\":[{\"@type\":\"ListItem\",\"position\":1,\"name\":\"Accueil\",\"item\":\"https:\\\/\\\/www.librairieplongee.com\\\/fr-fr\\\/\"},{\"@type\":\"ListItem\",\"position\":2,\"name\":\"Livres sur la plong\u00e9e et l&#8217;apn\u00e9e\",\"item\":\"https:\\\/\\\/www.librairieplongee.com\\\/fr-fr\\\/\"},{\"@type\":\"ListItem\",\"position\":3,\"name\":\"M\u00e9mento Plong\u00e9e Plaisir 4\"}]},{\"@type\":\"WebSite\",\"@id\":\"https:\\\/\\\/www.librairieplongee.com\\\/fr-fr\\\/#website\",\"url\":\"https:\\\/\\\/www.librairieplongee.com\\\/fr-fr\\\/\",\"name\":\"Librairie Plong\u00e9e\",\"description\":\"Livres de plong\u00e9e\",\"publisher\":{\"@id\":\"https:\\\/\\\/www.librairieplongee.com\\\/fr-fr\\\/#organization\"},\"potentialAction\":[{\"@type\":\"SearchAction\",\"target\":{\"@type\":\"EntryPoint\",\"urlTemplate\":\"https:\\\/\\\/www.librairieplongee.com\\\/fr-fr\\\/?s={search_term_string}\"},\"query-input\":{\"@type\":\"PropertyValueSpecification\",\"valueRequired\":true,\"valueName\":\"search_term_string\"}}],\"inLanguage\":\"fr-FR\"},{\"@type\":\"Organization\",\"@id\":\"https:\\\/\\\/www.librairieplongee.com\\\/fr-fr\\\/#organization\",\"name\":\"Librairie Plong\u00e9e\",\"url\":\"https:\\\/\\\/www.librairieplongee.com\\\/fr-fr\\\/\",\"logo\":{\"@type\":\"ImageObject\",\"inLanguage\":\"fr-FR\",\"@id\":\"https:\\\/\\\/www.librairieplongee.com\\\/fr-fr\\\/#\\\/schema\\\/logo\\\/image\\\/\",\"url\":\"https:\\\/\\\/www.librairieplongee.com\\\/fr-fr\\\/wp-content\\\/uploads\\\/2017\\\/03\\\/cropped-logo-librairie-plongee.png\",\"contentUrl\":\"https:\\\/\\\/www.librairieplongee.com\\\/fr-fr\\\/wp-content\\\/uploads\\\/2017\\\/03\\\/cropped-logo-librairie-plongee.png\",\"width\":252,\"height\":110,\"caption\":\"Librairie Plong\u00e9e\"},\"image\":{\"@id\":\"https:\\\/\\\/www.librairieplongee.com\\\/fr-fr\\\/#\\\/schema\\\/logo\\\/image\\\/\"}}]}<\/script>\n<!-- \/ Yoast SEO plugin. -->","yoast_head_json":{"title":"M\u00e9mento Plong\u00e9e Plaisir 4 - Librairie Plong\u00e9e","robots":{"index":"index","follow":"follow","max-snippet":"max-snippet:-1","max-image-preview":"max-image-preview:large","max-video-preview":"max-video-preview:-1"},"canonical":"https:\/\/www.librairieplongee.com\/fr-fr\/produit\/memento-plongee-plaisir-4\/","og_locale":"fr_FR","og_type":"article","og_title":"M\u00e9mento Plong\u00e9e Plaisir 4 - Librairie Plong\u00e9e","og_description":"Fiches de r\u00e9vision examen niveau 4.","og_url":"https:\/\/www.librairieplongee.com\/fr-fr\/produit\/memento-plongee-plaisir-4\/","og_site_name":"Librairie Plong\u00e9e","article_modified_time":"2022-12-21T09:21:33+00:00","og_image":[{"width":200,"height":293,"url":"https:\/\/www.librairieplongee.com\/fr-fr\/wp-content\/uploads\/2013\/09\/plongee-plaisir-memento-4.jpg","type":"image\/jpeg"}],"twitter_card":"summary_large_image","twitter_misc":{"Dur\u00e9e de lecture estim\u00e9e":"2 minutes"},"schema":{"@context":"https:\/\/schema.org","@graph":[{"@type":"WebPage","@id":"https:\/\/www.librairieplongee.com\/fr-fr\/produit\/memento-plongee-plaisir-4\/","url":"https:\/\/www.librairieplongee.com\/fr-fr\/produit\/memento-plongee-plaisir-4\/","name":"M\u00e9mento Plong\u00e9e Plaisir 4 - Librairie Plong\u00e9e","isPartOf":{"@id":"https:\/\/www.librairieplongee.com\/fr-fr\/#website"},"primaryImageOfPage":{"@id":"https:\/\/www.librairieplongee.com\/fr-fr\/produit\/memento-plongee-plaisir-4\/#primaryimage"},"image":{"@id":"https:\/\/www.librairieplongee.com\/fr-fr\/produit\/memento-plongee-plaisir-4\/#primaryimage"},"thumbnailUrl":"https:\/\/www.librairieplongee.com\/fr-fr\/wp-content\/uploads\/2013\/09\/plongee-plaisir-memento-4.jpg","datePublished":"2014-09-30T10:30:56+00:00","dateModified":"2022-12-21T09:21:33+00:00","breadcrumb":{"@id":"https:\/\/www.librairieplongee.com\/fr-fr\/produit\/memento-plongee-plaisir-4\/#breadcrumb"},"inLanguage":"fr-FR","potentialAction":[{"@type":"ReadAction","target":["https:\/\/www.librairieplongee.com\/fr-fr\/produit\/memento-plongee-plaisir-4\/"]}]},{"@type":"ImageObject","inLanguage":"fr-FR","@id":"https:\/\/www.librairieplongee.com\/fr-fr\/produit\/memento-plongee-plaisir-4\/#primaryimage","url":"https:\/\/www.librairieplongee.com\/fr-fr\/wp-content\/uploads\/2013\/09\/plongee-plaisir-memento-4.jpg","contentUrl":"https:\/\/www.librairieplongee.com\/fr-fr\/wp-content\/uploads\/2013\/09\/plongee-plaisir-memento-4.jpg","width":200,"height":293,"caption":"Plong\u00e9e Plaisir M\u00e9mento 4"},{"@type":"BreadcrumbList","@id":"https:\/\/www.librairieplongee.com\/fr-fr\/produit\/memento-plongee-plaisir-4\/#breadcrumb","itemListElement":[{"@type":"ListItem","position":1,"name":"Accueil","item":"https:\/\/www.librairieplongee.com\/fr-fr\/"},{"@type":"ListItem","position":2,"name":"Livres sur la plong\u00e9e et l&#8217;apn\u00e9e","item":"https:\/\/www.librairieplongee.com\/fr-fr\/"},{"@type":"ListItem","position":3,"name":"M\u00e9mento Plong\u00e9e Plaisir 4"}]},{"@type":"WebSite","@id":"https:\/\/www.librairieplongee.com\/fr-fr\/#website","url":"https:\/\/www.librairieplongee.com\/fr-fr\/","name":"Librairie Plong\u00e9e","description":"Livres de plong\u00e9e","publisher":{"@id":"https:\/\/www.librairieplongee.com\/fr-fr\/#organization"},"potentialAction":[{"@type":"SearchAction","target":{"@type":"EntryPoint","urlTemplate":"https:\/\/www.librairieplongee.com\/fr-fr\/?s={search_term_string}"},"query-input":{"@type":"PropertyValueSpecification","valueRequired":true,"valueName":"search_term_string"}}],"inLanguage":"fr-FR"},{"@type":"Organization","@id":"https:\/\/www.librairieplongee.com\/fr-fr\/#organization","name":"Librairie Plong\u00e9e","url":"https:\/\/www.librairieplongee.com\/fr-fr\/","logo":{"@type":"ImageObject","inLanguage":"fr-FR","@id":"https:\/\/www.librairieplongee.com\/fr-fr\/#\/schema\/logo\/image\/","url":"https:\/\/www.librairieplongee.com\/fr-fr\/wp-content\/uploads\/2017\/03\/cropped-logo-librairie-plongee.png","contentUrl":"https:\/\/www.librairieplongee.com\/fr-fr\/wp-content\/uploads\/2017\/03\/cropped-logo-librairie-plongee.png","width":252,"height":110,"caption":"Librairie Plong\u00e9e"},"image":{"@id":"https:\/\/www.librairieplongee.com\/fr-fr\/#\/schema\/logo\/image\/"}}]}},"_links":{"self":[{"href":"https:\/\/www.librairieplongee.com\/fr-fr\/wp-json\/wp\/v2\/product\/41","targetHints":{"allow":["GET"]}}],"collection":[{"href":"https:\/\/www.librairieplongee.com\/fr-fr\/wp-json\/wp\/v2\/product"}],"about":[{"href":"https:\/\/www.librairieplongee.com\/fr-fr\/wp-json\/wp\/v2\/types\/product"}],"wp:featuredmedia":[{"embeddable":true,"href":"https:\/\/www.librairieplongee.com\/fr-fr\/wp-json\/wp\/v2\/media\/1592"}],"wp:attachment":[{"href":"https:\/\/www.librairieplongee.com\/fr-fr\/wp-json\/wp\/v2\/media?parent=41"}],"wp:term":[{"taxonomy":"product_brand","embeddable":true,"href":"https:\/\/www.librairieplongee.com\/fr-fr\/wp-json\/wp\/v2\/product_brand?post=41"},{"taxonomy":"product_cat","embeddable":true,"href":"https:\/\/www.librairieplongee.com\/fr-fr\/wp-json\/wp\/v2\/product_cat?post=41"},{"taxonomy":"product_tag","embeddable":true,"href":"https:\/\/www.librairieplongee.com\/fr-fr\/wp-json\/wp\/v2\/product_tag?post=41"}],"curies":[{"name":"wp","href":"https:\/\/api.w.org\/{rel}","templated":true}]}}