{"id":34,"date":"2014-01-07T16:28:59","date_gmt":"2014-01-07T15:28:59","guid":{"rendered":"http:\/\/www.librairieplongee.com\/fr-fr\/produit\/plongee-plaisir-memento-reglementation\/"},"modified":"2025-12-22T15:24:44","modified_gmt":"2025-12-22T14:24:44","slug":"plongee-plaisir-memento-reglementation","status":"publish","type":"product","link":"https:\/\/www.librairieplongee.com\/fr-fr\/produit\/plongee-plaisir-memento-reglementation\/","title":{"rendered":"Plong\u00e9e Plaisir M\u00e9mento R\u00e9glementation"},"content":{"rendered":"<p>Auteurs : Alain FORET en collaboration avec Pierre DUNAC<\/p>\n<p>A l\u2019heure o\u00f9 la r\u00e9glementation de la plong\u00e9e est de plus en plus complexe, le M\u00e9mento Plong\u00e9e Plaisir R\u00e9glementation est un outil indispensable.<\/p>\n<p>Plongeurs, guides de palanqu\u00e9e, moniteurs et responsables de clubs vous y trouverez \u00e0 tout moment, de mani\u00e8re claire, synth\u00e9tique et pratique, la r\u00e9ponse \u00e0 la plupart de vos questions.<br \/>\nUn M\u00e9mento essentiel et incontournable pour assurer une plong\u00e9e dans le respect des r\u00e8gles.<\/p>\n<p><span class=\"titre\">SOMMAIRE<\/span><br \/>\n1. Sources de la r\u00e9glementation<br \/>\n2. D\u00e9finitions<br \/>\n3. Aptitudes, brevets et qualifications <span class=\"style9\"><a href=\"http:\/\/www.plongee-plaisir.com\/fr\/pdf\/ppmr_p4.pdf\" target=\"_blank\" rel=\"noopener\">Visualiser page 4<\/a><\/span><br \/>\n4. Normes de pratique<br \/>\nPlong\u00e9e \u00e0 l\u2019air <a href=\"http:\/\/www.plongee-plaisir.com\/fr\/pdf\/ppmr_p9.pdf\" target=\"_blank\" rel=\"noopener\">Visualiser page 9 <\/a><br \/>\nPlong\u00e9e au nitrox<br \/>\nPlong\u00e9e au trimix ou \u00e0 l\u2019h\u00e9liox<br \/>\n5. Equipement obligatoire <a href=\"http:\/\/www.plongee-plaisir.com\/fr\/pdf\/ppmr_p12.pdf\" target=\"_blank\" rel=\"noopener\">Visualiser page 12 <\/a><br \/>\n6. Le guide de palanqu\u00e9e<br \/>\n7. Le directeur de plong\u00e9e <a href=\"http:\/\/www.plongee-plaisir.com\/fr\/pdf\/ppmr_p17.pdf\" target=\"_blank\" rel=\"noopener\">Visualiser page 17 <\/a><br \/>\n8. Mat\u00e9riel d\u2019alerte, de s\u00e9curit\u00e9 et de secours<br \/>\n9. L\u2019embarcation<br \/>\n10. Bouteilles de plong\u00e9e<br \/>\n11. L\u2019\u00e9tablissement d\u2019APS <a href=\"http:\/\/www.plongee-plaisir.com\/fr\/pdf\/ppmr_p25.pdf\" target=\"_blank\" rel=\"noopener\">Visualiser page 25 <\/a><br \/>\n12. Responsabilit\u00e9 <a href=\"http:\/\/www.plongee-plaisir.com\/fr\/pdf\/ppmr_p26.pdf\" target=\"_blank\" rel=\"noopener\">Visualiser page 26 <\/a><br \/>\n13. Assurances<br \/>\n14. Les contr\u00f4les<br \/>\n15. Certificat m\u00e9dical<br \/>\nMod\u00e8les de documents<\/p>\n","protected":false},"excerpt":{"rendered":"<p>EDITION MAI 2016 &#8211; 2e edition<\/p>\n<p>M\u00e9mento de 32 pages faisant le point sur la r\u00e9glementation plong\u00e9e \u00e0 respecter en France.<\/p>\n","protected":false},"featured_media":1595,"template":"","meta":{"_monsterinsights_skip_tracking":false,"_monsterinsights_sitenote_active":false,"_monsterinsights_sitenote_note":"","_monsterinsights_sitenote_category":0},"product_brand":[],"product_cat":[261,260,263],"product_tag":[236,235,219,185,222],"class_list":{"0":"post-34","1":"product","2":"type-product","3":"status-publish","4":"has-post-thumbnail","6":"product_cat-plongee-plaisir-monitorats","7":"product_cat-plongee-plaisir-niveau-4","8":"product_cat-plongee-plaisir-niveau-5","9":"product_tag-dp","10":"product_tag-guide","11":"product_tag-monitorat","12":"product_tag-plongee","13":"product_tag-reglementation","14":"pa_annee-307","15":"pa_auteurs-alain-foret","16":"pa_auteurs-pierre-dunac","17":"pa_ean-336","18":"pa_editeur-editions-gap","19":"pa_edition-2e-edition-ou-reedition","20":"pa_hauteur-309","21":"pa_largeur-310","22":"pa_nbpages-159","24":"first","25":"outofstock","26":"taxable","27":"shipping-taxable","28":"purchasable","29":"product-type-simple"},"yoast_head":"<!-- This site is optimized with the Yoast SEO plugin v27.5 - https:\/\/yoast.com\/product\/yoast-seo-wordpress\/ -->\n<title>Plong\u00e9e Plaisir M\u00e9mento R\u00e9glementation - Librairie Plong\u00e9e<\/title>\n<meta name=\"robots\" content=\"index, follow, max-snippet:-1, max-image-preview:large, max-video-preview:-1\" \/>\n<link rel=\"canonical\" href=\"https:\/\/www.librairieplongee.com\/fr-fr\/produit\/plongee-plaisir-memento-reglementation\/\" \/>\n<meta property=\"og:locale\" content=\"fr_FR\" \/>\n<meta property=\"og:type\" content=\"article\" \/>\n<meta property=\"og:title\" content=\"Plong\u00e9e Plaisir M\u00e9mento R\u00e9glementation - Librairie Plong\u00e9e\" \/>\n<meta property=\"og:description\" content=\"EDITION MAI 2016 - 2e edition  M\u00e9mento de 32 pages faisant le point sur la r\u00e9glementation plong\u00e9e \u00e0 respecter en France.\" \/>\n<meta property=\"og:url\" content=\"https:\/\/www.librairieplongee.com\/fr-fr\/produit\/plongee-plaisir-memento-reglementation\/\" \/>\n<meta property=\"og:site_name\" content=\"Librairie Plong\u00e9e\" \/>\n<meta property=\"article:modified_time\" content=\"2025-12-22T14:24:44+00:00\" \/>\n<meta property=\"og:image\" content=\"https:\/\/www.librairieplongee.com\/fr-fr\/wp-content\/uploads\/2013\/09\/plongee-plaisir-memento-reglementation.jpg\" \/>\n\t<meta property=\"og:image:width\" content=\"200\" \/>\n\t<meta property=\"og:image:height\" content=\"293\" \/>\n\t<meta property=\"og:image:type\" content=\"image\/jpeg\" \/>\n<meta name=\"twitter:card\" content=\"summary_large_image\" \/>\n<meta name=\"twitter:label1\" content=\"Dur\u00e9e de lecture estim\u00e9e\" \/>\n\t<meta name=\"twitter:data1\" content=\"1 minute\" \/>\n<script type=\"application\/ld+json\" class=\"yoast-schema-graph\">{\"@context\":\"https:\\\/\\\/schema.org\",\"@graph\":[{\"@type\":\"WebPage\",\"@id\":\"https:\\\/\\\/www.librairieplongee.com\\\/fr-fr\\\/produit\\\/plongee-plaisir-memento-reglementation\\\/\",\"url\":\"https:\\\/\\\/www.librairieplongee.com\\\/fr-fr\\\/produit\\\/plongee-plaisir-memento-reglementation\\\/\",\"name\":\"Plong\u00e9e Plaisir M\u00e9mento R\u00e9glementation - Librairie Plong\u00e9e\",\"isPartOf\":{\"@id\":\"https:\\\/\\\/www.librairieplongee.com\\\/fr-fr\\\/#website\"},\"primaryImageOfPage\":{\"@id\":\"https:\\\/\\\/www.librairieplongee.com\\\/fr-fr\\\/produit\\\/plongee-plaisir-memento-reglementation\\\/#primaryimage\"},\"image\":{\"@id\":\"https:\\\/\\\/www.librairieplongee.com\\\/fr-fr\\\/produit\\\/plongee-plaisir-memento-reglementation\\\/#primaryimage\"},\"thumbnailUrl\":\"https:\\\/\\\/www.librairieplongee.com\\\/fr-fr\\\/wp-content\\\/uploads\\\/2013\\\/09\\\/plongee-plaisir-memento-reglementation.jpg\",\"datePublished\":\"2014-01-07T15:28:59+00:00\",\"dateModified\":\"2025-12-22T14:24:44+00:00\",\"breadcrumb\":{\"@id\":\"https:\\\/\\\/www.librairieplongee.com\\\/fr-fr\\\/produit\\\/plongee-plaisir-memento-reglementation\\\/#breadcrumb\"},\"inLanguage\":\"fr-FR\",\"potentialAction\":[{\"@type\":\"ReadAction\",\"target\":[\"https:\\\/\\\/www.librairieplongee.com\\\/fr-fr\\\/produit\\\/plongee-plaisir-memento-reglementation\\\/\"]}]},{\"@type\":\"ImageObject\",\"inLanguage\":\"fr-FR\",\"@id\":\"https:\\\/\\\/www.librairieplongee.com\\\/fr-fr\\\/produit\\\/plongee-plaisir-memento-reglementation\\\/#primaryimage\",\"url\":\"https:\\\/\\\/www.librairieplongee.com\\\/fr-fr\\\/wp-content\\\/uploads\\\/2013\\\/09\\\/plongee-plaisir-memento-reglementation.jpg\",\"contentUrl\":\"https:\\\/\\\/www.librairieplongee.com\\\/fr-fr\\\/wp-content\\\/uploads\\\/2013\\\/09\\\/plongee-plaisir-memento-reglementation.jpg\",\"width\":200,\"height\":293,\"caption\":\"Plong\u00e9e Plaisir M\u00e9mento R\u00e9glementation\"},{\"@type\":\"BreadcrumbList\",\"@id\":\"https:\\\/\\\/www.librairieplongee.com\\\/fr-fr\\\/produit\\\/plongee-plaisir-memento-reglementation\\\/#breadcrumb\",\"itemListElement\":[{\"@type\":\"ListItem\",\"position\":1,\"name\":\"Accueil\",\"item\":\"https:\\\/\\\/www.librairieplongee.com\\\/fr-fr\\\/\"},{\"@type\":\"ListItem\",\"position\":2,\"name\":\"Livres sur la plong\u00e9e et l&#8217;apn\u00e9e\",\"item\":\"https:\\\/\\\/www.librairieplongee.com\\\/fr-fr\\\/\"},{\"@type\":\"ListItem\",\"position\":3,\"name\":\"Plong\u00e9e Plaisir M\u00e9mento R\u00e9glementation\"}]},{\"@type\":\"WebSite\",\"@id\":\"https:\\\/\\\/www.librairieplongee.com\\\/fr-fr\\\/#website\",\"url\":\"https:\\\/\\\/www.librairieplongee.com\\\/fr-fr\\\/\",\"name\":\"Librairie Plong\u00e9e\",\"description\":\"Livres de plong\u00e9e\",\"publisher\":{\"@id\":\"https:\\\/\\\/www.librairieplongee.com\\\/fr-fr\\\/#organization\"},\"potentialAction\":[{\"@type\":\"SearchAction\",\"target\":{\"@type\":\"EntryPoint\",\"urlTemplate\":\"https:\\\/\\\/www.librairieplongee.com\\\/fr-fr\\\/?s={search_term_string}\"},\"query-input\":{\"@type\":\"PropertyValueSpecification\",\"valueRequired\":true,\"valueName\":\"search_term_string\"}}],\"inLanguage\":\"fr-FR\"},{\"@type\":\"Organization\",\"@id\":\"https:\\\/\\\/www.librairieplongee.com\\\/fr-fr\\\/#organization\",\"name\":\"Librairie Plong\u00e9e\",\"url\":\"https:\\\/\\\/www.librairieplongee.com\\\/fr-fr\\\/\",\"logo\":{\"@type\":\"ImageObject\",\"inLanguage\":\"fr-FR\",\"@id\":\"https:\\\/\\\/www.librairieplongee.com\\\/fr-fr\\\/#\\\/schema\\\/logo\\\/image\\\/\",\"url\":\"https:\\\/\\\/www.librairieplongee.com\\\/fr-fr\\\/wp-content\\\/uploads\\\/2017\\\/03\\\/cropped-logo-librairie-plongee.png\",\"contentUrl\":\"https:\\\/\\\/www.librairieplongee.com\\\/fr-fr\\\/wp-content\\\/uploads\\\/2017\\\/03\\\/cropped-logo-librairie-plongee.png\",\"width\":252,\"height\":110,\"caption\":\"Librairie Plong\u00e9e\"},\"image\":{\"@id\":\"https:\\\/\\\/www.librairieplongee.com\\\/fr-fr\\\/#\\\/schema\\\/logo\\\/image\\\/\"}}]}<\/script>\n<!-- \/ Yoast SEO plugin. -->","yoast_head_json":{"title":"Plong\u00e9e Plaisir M\u00e9mento R\u00e9glementation - Librairie Plong\u00e9e","robots":{"index":"index","follow":"follow","max-snippet":"max-snippet:-1","max-image-preview":"max-image-preview:large","max-video-preview":"max-video-preview:-1"},"canonical":"https:\/\/www.librairieplongee.com\/fr-fr\/produit\/plongee-plaisir-memento-reglementation\/","og_locale":"fr_FR","og_type":"article","og_title":"Plong\u00e9e Plaisir M\u00e9mento R\u00e9glementation - Librairie Plong\u00e9e","og_description":"EDITION MAI 2016 - 2e edition  M\u00e9mento de 32 pages faisant le point sur la r\u00e9glementation plong\u00e9e \u00e0 respecter en France.","og_url":"https:\/\/www.librairieplongee.com\/fr-fr\/produit\/plongee-plaisir-memento-reglementation\/","og_site_name":"Librairie Plong\u00e9e","article_modified_time":"2025-12-22T14:24:44+00:00","og_image":[{"width":200,"height":293,"url":"https:\/\/www.librairieplongee.com\/fr-fr\/wp-content\/uploads\/2013\/09\/plongee-plaisir-memento-reglementation.jpg","type":"image\/jpeg"}],"twitter_card":"summary_large_image","twitter_misc":{"Dur\u00e9e de lecture estim\u00e9e":"1 minute"},"schema":{"@context":"https:\/\/schema.org","@graph":[{"@type":"WebPage","@id":"https:\/\/www.librairieplongee.com\/fr-fr\/produit\/plongee-plaisir-memento-reglementation\/","url":"https:\/\/www.librairieplongee.com\/fr-fr\/produit\/plongee-plaisir-memento-reglementation\/","name":"Plong\u00e9e Plaisir M\u00e9mento R\u00e9glementation - Librairie Plong\u00e9e","isPartOf":{"@id":"https:\/\/www.librairieplongee.com\/fr-fr\/#website"},"primaryImageOfPage":{"@id":"https:\/\/www.librairieplongee.com\/fr-fr\/produit\/plongee-plaisir-memento-reglementation\/#primaryimage"},"image":{"@id":"https:\/\/www.librairieplongee.com\/fr-fr\/produit\/plongee-plaisir-memento-reglementation\/#primaryimage"},"thumbnailUrl":"https:\/\/www.librairieplongee.com\/fr-fr\/wp-content\/uploads\/2013\/09\/plongee-plaisir-memento-reglementation.jpg","datePublished":"2014-01-07T15:28:59+00:00","dateModified":"2025-12-22T14:24:44+00:00","breadcrumb":{"@id":"https:\/\/www.librairieplongee.com\/fr-fr\/produit\/plongee-plaisir-memento-reglementation\/#breadcrumb"},"inLanguage":"fr-FR","potentialAction":[{"@type":"ReadAction","target":["https:\/\/www.librairieplongee.com\/fr-fr\/produit\/plongee-plaisir-memento-reglementation\/"]}]},{"@type":"ImageObject","inLanguage":"fr-FR","@id":"https:\/\/www.librairieplongee.com\/fr-fr\/produit\/plongee-plaisir-memento-reglementation\/#primaryimage","url":"https:\/\/www.librairieplongee.com\/fr-fr\/wp-content\/uploads\/2013\/09\/plongee-plaisir-memento-reglementation.jpg","contentUrl":"https:\/\/www.librairieplongee.com\/fr-fr\/wp-content\/uploads\/2013\/09\/plongee-plaisir-memento-reglementation.jpg","width":200,"height":293,"caption":"Plong\u00e9e Plaisir M\u00e9mento R\u00e9glementation"},{"@type":"BreadcrumbList","@id":"https:\/\/www.librairieplongee.com\/fr-fr\/produit\/plongee-plaisir-memento-reglementation\/#breadcrumb","itemListElement":[{"@type":"ListItem","position":1,"name":"Accueil","item":"https:\/\/www.librairieplongee.com\/fr-fr\/"},{"@type":"ListItem","position":2,"name":"Livres sur la plong\u00e9e et l&#8217;apn\u00e9e","item":"https:\/\/www.librairieplongee.com\/fr-fr\/"},{"@type":"ListItem","position":3,"name":"Plong\u00e9e Plaisir M\u00e9mento R\u00e9glementation"}]},{"@type":"WebSite","@id":"https:\/\/www.librairieplongee.com\/fr-fr\/#website","url":"https:\/\/www.librairieplongee.com\/fr-fr\/","name":"Librairie Plong\u00e9e","description":"Livres de plong\u00e9e","publisher":{"@id":"https:\/\/www.librairieplongee.com\/fr-fr\/#organization"},"potentialAction":[{"@type":"SearchAction","target":{"@type":"EntryPoint","urlTemplate":"https:\/\/www.librairieplongee.com\/fr-fr\/?s={search_term_string}"},"query-input":{"@type":"PropertyValueSpecification","valueRequired":true,"valueName":"search_term_string"}}],"inLanguage":"fr-FR"},{"@type":"Organization","@id":"https:\/\/www.librairieplongee.com\/fr-fr\/#organization","name":"Librairie Plong\u00e9e","url":"https:\/\/www.librairieplongee.com\/fr-fr\/","logo":{"@type":"ImageObject","inLanguage":"fr-FR","@id":"https:\/\/www.librairieplongee.com\/fr-fr\/#\/schema\/logo\/image\/","url":"https:\/\/www.librairieplongee.com\/fr-fr\/wp-content\/uploads\/2017\/03\/cropped-logo-librairie-plongee.png","contentUrl":"https:\/\/www.librairieplongee.com\/fr-fr\/wp-content\/uploads\/2017\/03\/cropped-logo-librairie-plongee.png","width":252,"height":110,"caption":"Librairie Plong\u00e9e"},"image":{"@id":"https:\/\/www.librairieplongee.com\/fr-fr\/#\/schema\/logo\/image\/"}}]}},"_links":{"self":[{"href":"https:\/\/www.librairieplongee.com\/fr-fr\/wp-json\/wp\/v2\/product\/34","targetHints":{"allow":["GET"]}}],"collection":[{"href":"https:\/\/www.librairieplongee.com\/fr-fr\/wp-json\/wp\/v2\/product"}],"about":[{"href":"https:\/\/www.librairieplongee.com\/fr-fr\/wp-json\/wp\/v2\/types\/product"}],"wp:featuredmedia":[{"embeddable":true,"href":"https:\/\/www.librairieplongee.com\/fr-fr\/wp-json\/wp\/v2\/media\/1595"}],"wp:attachment":[{"href":"https:\/\/www.librairieplongee.com\/fr-fr\/wp-json\/wp\/v2\/media?parent=34"}],"wp:term":[{"taxonomy":"product_brand","embeddable":true,"href":"https:\/\/www.librairieplongee.com\/fr-fr\/wp-json\/wp\/v2\/product_brand?post=34"},{"taxonomy":"product_cat","embeddable":true,"href":"https:\/\/www.librairieplongee.com\/fr-fr\/wp-json\/wp\/v2\/product_cat?post=34"},{"taxonomy":"product_tag","embeddable":true,"href":"https:\/\/www.librairieplongee.com\/fr-fr\/wp-json\/wp\/v2\/product_tag?post=34"}],"curies":[{"name":"wp","href":"https:\/\/api.w.org\/{rel}","templated":true}]}}