{"id":30,"date":"2022-11-15T08:00:22","date_gmt":"2022-11-15T07:00:22","guid":{"rendered":"http:\/\/www.librairieplongee.com\/fr-fr\/produit\/plongee-plaisir-initiateur\/"},"modified":"2026-02-02T11:44:33","modified_gmt":"2026-02-02T10:44:33","slug":"plongee-plaisir-initiateur","status":"publish","type":"product","link":"https:\/\/www.librairieplongee.com\/fr-fr\/produit\/plongee-plaisir-initiateur\/","title":{"rendered":"Plong\u00e9e Plaisir Initiateur"},"content":{"rendered":"<p>6e EDITION &#8211; 2022<\/p>\n<p>Le livre indispensable pour celles et ceux qui veulent passer l&rsquo;examen d&rsquo;initiateur de club (E1 ou E2).<\/p>\n<p><strong>Th\u00e8mes trait\u00e9s :<\/strong><\/p>\n<p>&#8211; p\u00e9dagogie ;<br \/>\n&#8211; r\u00e9glementation ;<br \/>\n&#8211; organisation ;<br \/>\n&#8211; tuteurs de stages initiateurs (TSI).<\/p>\n<p>L&rsquo;ouvrage est d\u00e9coup\u00e9 en 3 parties :<br \/>\n1. Principaux gestes techniques \u00e0 enseigner (fiches n\u00b01 \u00e0 42).<br \/>\n2. B\u00e2tir un enseignement efficace &#8211; P\u00e9dagogie (fiches n\u00b043 \u00e0 73).<br \/>\n3. Direction de plong\u00e9e, organisation et r\u00e9glementation (fiches n\u00b074 \u00e0 90).<\/p>\n<h2><strong>SOMMAIRE<\/strong><\/h2>\n<p>Introduction<br \/>\nMode d&#8217;emploi<\/p>\n<h3 class=\"titre2\"><strong>1re PARTIE : PRINCIPAUX GESTES TECHNIQUES \u00e0 ENSEIGNER<\/strong><\/h3>\n<p>Sommaire<br \/>\nPr\u00e9sentation<br \/>\nFiche n\u00b01 Gr\u00e9er un scaphandre<br \/>\nFiche n\u00b02 D\u00e9gr\u00e9er un scaphandre<br \/>\nFiche n\u00b03 Rin\u00e7age et d\u00e9sinfection du mat\u00e9riel<br \/>\nFiche n\u00b04 Hiverner le mat\u00e9riel<br \/>\nFiche n\u00b05 Entretien et maintenance du mat\u00e9riel<br \/>\nFiche n\u00b06 Les palmes<br \/>\nFiche n\u00b07 Le palmage de sustentation<br \/>\nFiche n\u00b08 Le palmage ventral<br \/>\nFiche n\u00b09 Le palmage dorsal<br \/>\nFiche n\u00b010 Un palmage respectueux<br \/>\nFiche n\u00b011 Capelage et d\u00e9capelage en surface<br \/>\nFiche n\u00b012 Le masque<br \/>\nFiche n\u00b013 La dissociation bucco-nasale (DBN)<br \/>\nFiche n\u00b014 Le vidage de masque (VDM)<br \/>\nFiche n\u00b015 R\u00e9action au remplissage (\u00ab inopin\u00e9 \u00bb) du masque<br \/>\nFiche n\u00b016 Le tuba<br \/>\nFiche n\u00b017 Passage embout\/tuba<br \/>\nFiche n\u00b018 Initiation \u00e0\u00a0 l&rsquo;apn\u00e9e<br \/>\nFiche n\u00b019 Perfectionnement \u00e0\u00a0 l&rsquo;apn\u00e9e<br \/>\nFiche n\u00b020 La combinaison et le lestage<br \/>\nFiche n\u00b021 Les techniques de mise \u00e0\u00a0 l&rsquo;eau<br \/>\nFiche n\u00b022 Les techniques d&rsquo;immersion<br \/>\nFiche n\u00b023 Le l\u00e0\u00a2cher-reprise d&#8217;embout (LRE)<br \/>\nFiche n\u00b024 Pr\u00e9vention du risque de panne d&rsquo;air<br \/>\nFiche n\u00b025 R\u00e9action \u00e0\u00a0 une panne d&rsquo;air (plongeur encadr\u00e9)<br \/>\nFiche n\u00b026 R\u00e9action \u00e0\u00a0 une panne d&rsquo;air (plongeur autonome)<br \/>\nFiche n\u00b027 R\u00e9action \u00e0\u00a0 une panne d&rsquo;air (encadrant de palanqu\u00e9e)<br \/>\nFiche n\u00b028 Les signes de plong\u00e9e<br \/>\nFiche n\u00b029 Remont\u00e9e sur expiration<br \/>\nFiche n\u00b030 Le poumon-ballast<br \/>\nFiche n\u00b031 Le gilet<br \/>\nFiche n\u00b032 Le gilet : une bou\u00e9e en surface<br \/>\nFiche n\u00b033 Le gilet : une aide \u00e0\u00a0 la stabilisation<br \/>\nFiche n\u00b034 La remont\u00e9e d&rsquo;un plongeur en difficult\u00e9<br \/>\nFiche n\u00b035 D\u00e9monstration technique de remont\u00e9e individuelle<br \/>\nFiche n\u00b036 Evoluer en palanqu\u00e9e<br \/>\nFiche n\u00b037 Utilisation d&rsquo;un parachute de palier<br \/>\nFiche n\u00b038 L&rsquo;orientation en plong\u00e9e<br \/>\nFiche n\u00b039 Guider une palanqu\u00e9e<br \/>\nFiche n\u00b040 Mannequin (niveau 4 et initiateur)<br \/>\nFiche n\u00b041 Le bapt\u00eame<br \/>\nFiche n\u00b042 Approche et identification des esp\u00e8ces<\/p>\n<h3 class=\"titre2\"><strong>2e PARTIE : B\u00c2TIR UN ENSEIGNEMENT EFFICACE<\/strong><\/h3>\n<p>Sommaire<br \/>\nPr\u00e9sentation<br \/>\nFiche n\u00b043 \u00ab Commen\u00e7ons par la fin \u00bb ou \u00ab Quel r\u00e9sultat faut-il obtenir ? \u00bb<br \/>\nFiche n\u00b044 B\u00e2tir vos fiches de cours<br \/>\nFiche n\u00b045 Utilisation des cursus f\u00e9d\u00e9raux<br \/>\nFiche n\u00b046 D\u00e9roulement de l&rsquo;\u00e9preuve de p\u00e9dagogie<br \/>\nFiche n\u00b047 Diff\u00e9rence entre le cadre de pratique et le cadre de l&rsquo;examen<br \/>\nFiche n\u00b048 Examinateurs et crit\u00e8res de notation<br \/>\nFiche n\u00b049 Les diff\u00e9rents types de sujets<br \/>\nPOINT D&rsquo;ETAPE<br \/>\nFiche n\u00b050 Rendre des \u00e9l\u00e8ves actifs<br \/>\nFiche n\u00b051 D\u00e9monstration du moniteur<br \/>\nFiche n\u00b052 R\u00e9p\u00e9tition \u00e0\u00a0 sec par les \u00e9l\u00e8ves<br \/>\nFiche n\u00b053 Limiter le nombre de consignes nouvelles<br \/>\nFiche n\u00b054 Des briefings brefs et ordonn\u00e9s<br \/>\nFiche n\u00b055 La notion de justification<br \/>\nFiche n\u00b056 Le poids des mots<br \/>\nFiche n\u00b057 Une communication r\u00e9ussie<br \/>\nFiche n\u00b058 La notion de r\u00e9troaction (feedback) en p\u00e9dagogie<br \/>\nFiche n\u00b059 Les trois m\u00e9moires<br \/>\nPOINT D&rsquo;ETAPE<br \/>\nFiche n\u00b060 La notion de comp\u00e9tences<br \/>\nFiche n\u00b061 D\u00e9velopper des comp\u00e9tences par des situations-probl\u00e8mes<br \/>\nFiche n\u00b062 La notion de \u00ab transfert d&rsquo;apprentissage \u00bb<br \/>\nFiche n\u00b063 La logique pr\u00e9rogatives\/comp\u00e9tences<br \/>\nPOINT D&rsquo;ETAPE<br \/>\nFiche n\u00b064 D\u00e9finir des objectifs p\u00e9dagogiques<br \/>\nFiche n\u00b065 La notion de pr\u00e9alables (pr\u00e9requis)<br \/>\nFiche n\u00b066 La notion d&rsquo;acquis<br \/>\nFiche n\u00b067 R\u00e8gles de s\u00e9curit\u00e9 d&rsquo;une s\u00e9ance<br \/>\nFiche n\u00b068 La notion de progression p\u00e9dagogique<br \/>\nPOINT D&rsquo;ETAPE<br \/>\nFiche n\u00b069 Les sources de difficult\u00e9s<br \/>\nFiche n\u00b070 La notion de \u00ab rem\u00e9diation \u00bb ou de \u00ab r\u00e9gulation \u00bb<br \/>\nPOINT D&rsquo;ETAPE<br \/>\nFiche n\u00b071 Notions d&rsquo;\u00e9valuation<br \/>\nFiche n\u00b072 Les diff\u00e9rents publics<br \/>\nFiche n\u00b073 Transmission des connaissances (notions)<br \/>\nPOINT D&rsquo;ETAPE<br \/>\nFiche n\u00b074 Diff\u00e9rences entre enseignement en milieu artificiel et milieu naturel<\/p>\n<h3 class=\"titre2\"><strong>3e PARTIE : DIRECTION DE PLONGEE EN MILIEU ARTIFICIEL, REGLEMENTATION ET ORGANISATION<\/strong><\/h3>\n<p>Pr\u00e9sentation<br \/>\nFiche n\u00b075 Les niveaux en plong\u00e9e<br \/>\nFiche n\u00b076 Les jeunes plongeurs<br \/>\nFiche n\u00b077 Les niveaux d&rsquo;encadrement<br \/>\nTest de connaissances<br \/>\nFiche n\u00b078 La fonction de directeur de plong\u00e9e<br \/>\nFiche n\u00b079 Les obligations au sein d&rsquo;un \u00e9tablissement d&rsquo;APS<br \/>\nFiche n\u00b080 Responsabilit\u00e9 et assurances<br \/>\nTest de connaissances<br \/>\nFiche n\u00b081 La licence f\u00e9d\u00e9rale<br \/>\nFiche n\u00b082 Contr\u00f4le m\u00e9dical des plongeurs<br \/>\nFiche n\u00b083 Pr\u00e9vention des risques<br \/>\nFiche n\u00b084 Les appareils sous pression<br \/>\nTest de connaissances<br \/>\nFiche n\u00b085 Epreuve d&rsquo;organisation<br \/>\nFiche n\u00b086 Epreuves de sauvetage<br \/>\nFiche n\u00b087 La FFESSM : f\u00e9d\u00e9ration d\u00e9l\u00e9gataire<br \/>\nFiche n\u00b088 La FSGT<br \/>\nFiche n\u00b089 La CMAS<br \/>\nTest de connaissances<\/p>\n<p>Glossaire<br \/>\nIndex<\/p>\n<p class=\"style2\">Imprim\u00e9 sur papier certifi\u00e9 fabriqu\u00e9 \u00e0\u00a0 partir de p\u00e2tes \u00e0\u00a0 papier issues de for\u00eas exploit\u00e9es en gestion durable. L&rsquo;encre utilis\u00e9e est \u00e0\u00a0 base d&rsquo;huile v\u00e9g\u00e9tale, l&rsquo;imprimerie adopte une d\u00e9marche environnementale progressiste valid\u00e9e par la certification Imprim&rsquo;vert.<\/p>\n","protected":false},"excerpt":{"rendered":"<p>Auteur : Alain FORET<\/p>\n<p>Plong\u00e9e Plaisir Initiateur<\/p>\n","protected":false},"featured_media":5526,"template":"","meta":{"_monsterinsights_skip_tracking":false,"_monsterinsights_sitenote_active":false,"_monsterinsights_sitenote_note":"","_monsterinsights_sitenote_category":0},"product_brand":[],"product_cat":[261,312],"product_tag":[196,224,223,184,220,185],"class_list":{"0":"post-30","1":"product","2":"type-product","3":"status-publish","4":"has-post-thumbnail","6":"product_cat-plongee-plaisir-monitorats","7":"product_cat-plongee-plaisir","8":"product_tag-ffessm","9":"product_tag-fsgt","10":"product_tag-initiateur","11":"product_tag-livre","12":"product_tag-pedagogie","13":"product_tag-plongee","14":"pa_annee-400","15":"pa_auteurs-alain-foret","16":"pa_ean-401","17":"pa_editeur-editions-gap","18":"pa_edition-edition-6","19":"pa_hauteur-309","20":"pa_largeur-310","21":"pa_nbpages-155","23":"first","24":"outofstock","25":"taxable","26":"shipping-taxable","27":"purchasable","28":"product-type-simple"},"yoast_head":"<!-- This site is optimized with the Yoast SEO plugin v27.6 - https:\/\/yoast.com\/product\/yoast-seo-wordpress\/ -->\n<title>Plong\u00e9e Plaisir Initiateur - Librairie Plong\u00e9e<\/title>\n<meta name=\"robots\" content=\"index, follow, max-snippet:-1, max-image-preview:large, max-video-preview:-1\" \/>\n<link rel=\"canonical\" href=\"https:\/\/www.librairieplongee.com\/fr-fr\/produit\/plongee-plaisir-initiateur\/\" \/>\n<meta property=\"og:locale\" content=\"fr_FR\" \/>\n<meta property=\"og:type\" content=\"article\" \/>\n<meta property=\"og:title\" content=\"Plong\u00e9e Plaisir Initiateur - Librairie Plong\u00e9e\" \/>\n<meta property=\"og:description\" content=\"Auteur : Alain FORET  Plong\u00e9e Plaisir Initiateur\" \/>\n<meta property=\"og:url\" content=\"https:\/\/www.librairieplongee.com\/fr-fr\/produit\/plongee-plaisir-initiateur\/\" \/>\n<meta property=\"og:site_name\" content=\"Librairie Plong\u00e9e\" \/>\n<meta property=\"article:modified_time\" content=\"2026-02-02T10:44:33+00:00\" \/>\n<meta property=\"og:image\" content=\"https:\/\/www.librairieplongee.com\/fr-fr\/wp-content\/uploads\/2019\/01\/Plongee-Plaisir-Initiateur-2022-couverture-708x1024.png\" \/>\n\t<meta property=\"og:image:width\" content=\"708\" \/>\n\t<meta property=\"og:image:height\" content=\"1024\" \/>\n\t<meta property=\"og:image:type\" content=\"image\/png\" \/>\n<meta name=\"twitter:card\" content=\"summary_large_image\" \/>\n<meta name=\"twitter:label1\" content=\"Dur\u00e9e de lecture estim\u00e9e\" \/>\n\t<meta name=\"twitter:data1\" content=\"4 minutes\" \/>\n<script type=\"application\/ld+json\" class=\"yoast-schema-graph\">{\"@context\":\"https:\\\/\\\/schema.org\",\"@graph\":[{\"@type\":\"WebPage\",\"@id\":\"https:\\\/\\\/www.librairieplongee.com\\\/fr-fr\\\/produit\\\/plongee-plaisir-initiateur\\\/\",\"url\":\"https:\\\/\\\/www.librairieplongee.com\\\/fr-fr\\\/produit\\\/plongee-plaisir-initiateur\\\/\",\"name\":\"Plong\u00e9e Plaisir Initiateur - Librairie Plong\u00e9e\",\"isPartOf\":{\"@id\":\"https:\\\/\\\/www.librairieplongee.com\\\/fr-fr\\\/#website\"},\"primaryImageOfPage\":{\"@id\":\"https:\\\/\\\/www.librairieplongee.com\\\/fr-fr\\\/produit\\\/plongee-plaisir-initiateur\\\/#primaryimage\"},\"image\":{\"@id\":\"https:\\\/\\\/www.librairieplongee.com\\\/fr-fr\\\/produit\\\/plongee-plaisir-initiateur\\\/#primaryimage\"},\"thumbnailUrl\":\"https:\\\/\\\/www.librairieplongee.com\\\/fr-fr\\\/wp-content\\\/uploads\\\/2019\\\/01\\\/Plongee-Plaisir-Initiateur-2022-couverture.png\",\"datePublished\":\"2022-11-15T07:00:22+00:00\",\"dateModified\":\"2026-02-02T10:44:33+00:00\",\"breadcrumb\":{\"@id\":\"https:\\\/\\\/www.librairieplongee.com\\\/fr-fr\\\/produit\\\/plongee-plaisir-initiateur\\\/#breadcrumb\"},\"inLanguage\":\"fr-FR\",\"potentialAction\":[{\"@type\":\"ReadAction\",\"target\":[\"https:\\\/\\\/www.librairieplongee.com\\\/fr-fr\\\/produit\\\/plongee-plaisir-initiateur\\\/\"]}]},{\"@type\":\"ImageObject\",\"inLanguage\":\"fr-FR\",\"@id\":\"https:\\\/\\\/www.librairieplongee.com\\\/fr-fr\\\/produit\\\/plongee-plaisir-initiateur\\\/#primaryimage\",\"url\":\"https:\\\/\\\/www.librairieplongee.com\\\/fr-fr\\\/wp-content\\\/uploads\\\/2019\\\/01\\\/Plongee-Plaisir-Initiateur-2022-couverture.png\",\"contentUrl\":\"https:\\\/\\\/www.librairieplongee.com\\\/fr-fr\\\/wp-content\\\/uploads\\\/2019\\\/01\\\/Plongee-Plaisir-Initiateur-2022-couverture.png\",\"width\":1973,\"height\":2852,\"caption\":\"Plong\u00e9e Plaisir Initiateur\"},{\"@type\":\"BreadcrumbList\",\"@id\":\"https:\\\/\\\/www.librairieplongee.com\\\/fr-fr\\\/produit\\\/plongee-plaisir-initiateur\\\/#breadcrumb\",\"itemListElement\":[{\"@type\":\"ListItem\",\"position\":1,\"name\":\"Accueil\",\"item\":\"https:\\\/\\\/www.librairieplongee.com\\\/fr-fr\\\/\"},{\"@type\":\"ListItem\",\"position\":2,\"name\":\"Livres sur la plong\u00e9e et l&#8217;apn\u00e9e\",\"item\":\"https:\\\/\\\/www.librairieplongee.com\\\/fr-fr\\\/\"},{\"@type\":\"ListItem\",\"position\":3,\"name\":\"Plong\u00e9e Plaisir Initiateur\"}]},{\"@type\":\"WebSite\",\"@id\":\"https:\\\/\\\/www.librairieplongee.com\\\/fr-fr\\\/#website\",\"url\":\"https:\\\/\\\/www.librairieplongee.com\\\/fr-fr\\\/\",\"name\":\"Librairie Plong\u00e9e\",\"description\":\"Livres de plong\u00e9e\",\"publisher\":{\"@id\":\"https:\\\/\\\/www.librairieplongee.com\\\/fr-fr\\\/#organization\"},\"potentialAction\":[{\"@type\":\"SearchAction\",\"target\":{\"@type\":\"EntryPoint\",\"urlTemplate\":\"https:\\\/\\\/www.librairieplongee.com\\\/fr-fr\\\/?s={search_term_string}\"},\"query-input\":{\"@type\":\"PropertyValueSpecification\",\"valueRequired\":true,\"valueName\":\"search_term_string\"}}],\"inLanguage\":\"fr-FR\"},{\"@type\":\"Organization\",\"@id\":\"https:\\\/\\\/www.librairieplongee.com\\\/fr-fr\\\/#organization\",\"name\":\"Librairie Plong\u00e9e\",\"url\":\"https:\\\/\\\/www.librairieplongee.com\\\/fr-fr\\\/\",\"logo\":{\"@type\":\"ImageObject\",\"inLanguage\":\"fr-FR\",\"@id\":\"https:\\\/\\\/www.librairieplongee.com\\\/fr-fr\\\/#\\\/schema\\\/logo\\\/image\\\/\",\"url\":\"https:\\\/\\\/www.librairieplongee.com\\\/fr-fr\\\/wp-content\\\/uploads\\\/2017\\\/03\\\/cropped-logo-librairie-plongee.png\",\"contentUrl\":\"https:\\\/\\\/www.librairieplongee.com\\\/fr-fr\\\/wp-content\\\/uploads\\\/2017\\\/03\\\/cropped-logo-librairie-plongee.png\",\"width\":252,\"height\":110,\"caption\":\"Librairie Plong\u00e9e\"},\"image\":{\"@id\":\"https:\\\/\\\/www.librairieplongee.com\\\/fr-fr\\\/#\\\/schema\\\/logo\\\/image\\\/\"}}]}<\/script>\n<!-- \/ Yoast SEO plugin. -->","yoast_head_json":{"title":"Plong\u00e9e Plaisir Initiateur - Librairie Plong\u00e9e","robots":{"index":"index","follow":"follow","max-snippet":"max-snippet:-1","max-image-preview":"max-image-preview:large","max-video-preview":"max-video-preview:-1"},"canonical":"https:\/\/www.librairieplongee.com\/fr-fr\/produit\/plongee-plaisir-initiateur\/","og_locale":"fr_FR","og_type":"article","og_title":"Plong\u00e9e Plaisir Initiateur - Librairie Plong\u00e9e","og_description":"Auteur : Alain FORET  Plong\u00e9e Plaisir Initiateur","og_url":"https:\/\/www.librairieplongee.com\/fr-fr\/produit\/plongee-plaisir-initiateur\/","og_site_name":"Librairie Plong\u00e9e","article_modified_time":"2026-02-02T10:44:33+00:00","og_image":[{"width":708,"height":1024,"url":"https:\/\/www.librairieplongee.com\/fr-fr\/wp-content\/uploads\/2019\/01\/Plongee-Plaisir-Initiateur-2022-couverture-708x1024.png","type":"image\/png"}],"twitter_card":"summary_large_image","twitter_misc":{"Dur\u00e9e de lecture estim\u00e9e":"4 minutes"},"schema":{"@context":"https:\/\/schema.org","@graph":[{"@type":"WebPage","@id":"https:\/\/www.librairieplongee.com\/fr-fr\/produit\/plongee-plaisir-initiateur\/","url":"https:\/\/www.librairieplongee.com\/fr-fr\/produit\/plongee-plaisir-initiateur\/","name":"Plong\u00e9e Plaisir Initiateur - Librairie Plong\u00e9e","isPartOf":{"@id":"https:\/\/www.librairieplongee.com\/fr-fr\/#website"},"primaryImageOfPage":{"@id":"https:\/\/www.librairieplongee.com\/fr-fr\/produit\/plongee-plaisir-initiateur\/#primaryimage"},"image":{"@id":"https:\/\/www.librairieplongee.com\/fr-fr\/produit\/plongee-plaisir-initiateur\/#primaryimage"},"thumbnailUrl":"https:\/\/www.librairieplongee.com\/fr-fr\/wp-content\/uploads\/2019\/01\/Plongee-Plaisir-Initiateur-2022-couverture.png","datePublished":"2022-11-15T07:00:22+00:00","dateModified":"2026-02-02T10:44:33+00:00","breadcrumb":{"@id":"https:\/\/www.librairieplongee.com\/fr-fr\/produit\/plongee-plaisir-initiateur\/#breadcrumb"},"inLanguage":"fr-FR","potentialAction":[{"@type":"ReadAction","target":["https:\/\/www.librairieplongee.com\/fr-fr\/produit\/plongee-plaisir-initiateur\/"]}]},{"@type":"ImageObject","inLanguage":"fr-FR","@id":"https:\/\/www.librairieplongee.com\/fr-fr\/produit\/plongee-plaisir-initiateur\/#primaryimage","url":"https:\/\/www.librairieplongee.com\/fr-fr\/wp-content\/uploads\/2019\/01\/Plongee-Plaisir-Initiateur-2022-couverture.png","contentUrl":"https:\/\/www.librairieplongee.com\/fr-fr\/wp-content\/uploads\/2019\/01\/Plongee-Plaisir-Initiateur-2022-couverture.png","width":1973,"height":2852,"caption":"Plong\u00e9e Plaisir Initiateur"},{"@type":"BreadcrumbList","@id":"https:\/\/www.librairieplongee.com\/fr-fr\/produit\/plongee-plaisir-initiateur\/#breadcrumb","itemListElement":[{"@type":"ListItem","position":1,"name":"Accueil","item":"https:\/\/www.librairieplongee.com\/fr-fr\/"},{"@type":"ListItem","position":2,"name":"Livres sur la plong\u00e9e et l&#8217;apn\u00e9e","item":"https:\/\/www.librairieplongee.com\/fr-fr\/"},{"@type":"ListItem","position":3,"name":"Plong\u00e9e Plaisir Initiateur"}]},{"@type":"WebSite","@id":"https:\/\/www.librairieplongee.com\/fr-fr\/#website","url":"https:\/\/www.librairieplongee.com\/fr-fr\/","name":"Librairie Plong\u00e9e","description":"Livres de plong\u00e9e","publisher":{"@id":"https:\/\/www.librairieplongee.com\/fr-fr\/#organization"},"potentialAction":[{"@type":"SearchAction","target":{"@type":"EntryPoint","urlTemplate":"https:\/\/www.librairieplongee.com\/fr-fr\/?s={search_term_string}"},"query-input":{"@type":"PropertyValueSpecification","valueRequired":true,"valueName":"search_term_string"}}],"inLanguage":"fr-FR"},{"@type":"Organization","@id":"https:\/\/www.librairieplongee.com\/fr-fr\/#organization","name":"Librairie Plong\u00e9e","url":"https:\/\/www.librairieplongee.com\/fr-fr\/","logo":{"@type":"ImageObject","inLanguage":"fr-FR","@id":"https:\/\/www.librairieplongee.com\/fr-fr\/#\/schema\/logo\/image\/","url":"https:\/\/www.librairieplongee.com\/fr-fr\/wp-content\/uploads\/2017\/03\/cropped-logo-librairie-plongee.png","contentUrl":"https:\/\/www.librairieplongee.com\/fr-fr\/wp-content\/uploads\/2017\/03\/cropped-logo-librairie-plongee.png","width":252,"height":110,"caption":"Librairie Plong\u00e9e"},"image":{"@id":"https:\/\/www.librairieplongee.com\/fr-fr\/#\/schema\/logo\/image\/"}}]}},"_links":{"self":[{"href":"https:\/\/www.librairieplongee.com\/fr-fr\/wp-json\/wp\/v2\/product\/30","targetHints":{"allow":["GET"]}}],"collection":[{"href":"https:\/\/www.librairieplongee.com\/fr-fr\/wp-json\/wp\/v2\/product"}],"about":[{"href":"https:\/\/www.librairieplongee.com\/fr-fr\/wp-json\/wp\/v2\/types\/product"}],"wp:featuredmedia":[{"embeddable":true,"href":"https:\/\/www.librairieplongee.com\/fr-fr\/wp-json\/wp\/v2\/media\/5526"}],"wp:attachment":[{"href":"https:\/\/www.librairieplongee.com\/fr-fr\/wp-json\/wp\/v2\/media?parent=30"}],"wp:term":[{"taxonomy":"product_brand","embeddable":true,"href":"https:\/\/www.librairieplongee.com\/fr-fr\/wp-json\/wp\/v2\/product_brand?post=30"},{"taxonomy":"product_cat","embeddable":true,"href":"https:\/\/www.librairieplongee.com\/fr-fr\/wp-json\/wp\/v2\/product_cat?post=30"},{"taxonomy":"product_tag","embeddable":true,"href":"https:\/\/www.librairieplongee.com\/fr-fr\/wp-json\/wp\/v2\/product_tag?post=30"}],"curies":[{"name":"wp","href":"https:\/\/api.w.org\/{rel}","templated":true}]}}