{"id":28,"date":"2023-06-18T08:00:38","date_gmt":"2023-06-18T06:00:38","guid":{"rendered":"http:\/\/www.librairieplongee.com\/fr-fr\/produit\/plongee-plaisir-monitorats\/"},"modified":"2023-06-18T12:11:48","modified_gmt":"2023-06-18T10:11:48","slug":"plongee-plaisir-monitorats","status":"publish","type":"product","link":"https:\/\/www.librairieplongee.com\/fr-fr\/produit\/plongee-plaisir-monitorats\/","title":{"rendered":"Plong\u00e9e Plaisir Monitorats"},"content":{"rendered":"<p>4e \u00e9dition (2023) de ce livre de r\u00e9f\u00e9rence pour votre formation aux monitorats f\u00e9d\u00e9raux (MF1, MF2) et d&rsquo;Etat (BPJEPS, DEJEPS, DESJEPS).<\/p>\n<p>Plong\u00e9e Plaisir Monitorats est l\u2019ouvrage indispensable \u00e0 tout candidat au monitorat :<\/p>\n<ul>\n<li>MF1 et MF2 FFESSM ;<\/li>\n<li>MF1 et MF2 FSGT ;<\/li>\n<li>Monitorats CMAS ;<\/li>\n<li>BPJEPS, DEJEPS, DESJEPS (\u00c9tat).<\/li>\n<\/ul>\n<p>Plong\u00e9e Plaisir Monitorats s\u2019adresse \u00e9galement aux tuteurs de stage et aux moniteurs en titre pour y puiser les \u00e9l\u00e9ments n\u00e9cessaires \u00e0 leurs cours.<br \/>\nPour en faciliter l\u2019acc\u00e8s, Plong\u00e9e Plaisir Monitorats est organis\u00e9 en 104 fiches p\u00e9dagogiques regroup\u00e9es en 4 parties :<\/p>\n<p>1. P\u00e9dagogie g\u00e9n\u00e9rale (fiches n\u00b01 \u00e0 26) ;<br \/>\n2. Enseigner la pratique :<\/p>\n<ul>\n<li>Gestes techniques \u00e0 enseigner (fiches n\u00b027 \u00e0 66) ;<\/li>\n<li>B\u00e2tir un cours (fiches n\u00b067 \u00e0 78) ;<\/li>\n<\/ul>\n<p>3. Enseigner la th\u00e9orie :<\/p>\n<ul>\n<li>Principaux th\u00e8mes \u00e0 enseigner (fiches n\u00b079 \u00e0 92) ;<\/li>\n<li>R\u00e9aliser un cours de th\u00e9orie (fiches n\u00b093 \u00e0 100) ;<\/li>\n<\/ul>\n<p>4. Direction de plong\u00e9e (fiches n\u00b0101 \u00e0 103).<\/p>\n<p>La fiche n\u00b0104 est un mode d\u2019emploi du livre \u00e0 l\u2019attention des tuteurs de stages et des candidats au monitorat 2e degr\u00e9.<\/p>\n<p>Plong\u00e9e Plaisir Monitorats couvre ainsi tout le programme de formation.<\/p>\n<h2><strong>SOMMAIRE<\/strong><\/h2>\n<p>Remerciements<br \/>\nCr\u00e9dits photographiques<br \/>\nMode d\u2019emploi<\/p>\n<p><strong>1re partie : P\u00e9dagogie g\u00e9n\u00e9rale<\/strong><br \/>\nPr\u00e9sentation<br \/>\n<strong>\u00c9tape n\u00b01 : L\u2019apprentissage<\/strong><br \/>\nFiche n\u00b01 : Rendre les \u00e9l\u00e8ves actifs<br \/>\nFiche n\u00b02 : Limiter le nombre de consignes nouvelles<br \/>\nFiche n\u00b03 : Des briefings brefs et ordonn\u00e9s<br \/>\nFiche n\u00b04 : La notion de justification<br \/>\nFiche n\u00b05 : Le poids des mots<br \/>\nFiche n\u00b06 : Conseils pour une communication r\u00e9ussie<br \/>\nFiche n\u00b07 : La notion de r\u00e9troaction (feedback) en p\u00e9dagogie<br \/>\nFiche n\u00b08 : Les trois m\u00e9moires<br \/>\nPoint d\u2019\u00e9tape n\u00b01<\/p>\n<p><strong>\u00c9tape n\u00b02 : Comment d\u00e9velopper des comp\u00e9tences<\/strong><br \/>\nFiche n\u00b09 : Notion de \u00ab pr\u00e9rogatives \u00bb<br \/>\nFiche n\u00b010 : Les trois savoirs<br \/>\nFiche n\u00b011 : La notion de \u00ab comp\u00e9tences \u00bb<br \/>\nFiche n\u00b012 : D\u00e9velopper des comp\u00e9tences par des situations-probl\u00e8mes<br \/>\nFiche n\u00b013 : La notion de \u00ab transfert d\u2019apprentissage \u00bb<br \/>\nFiche n\u00b014 : Logique \u00ab Pr\u00e9rogatives\/Comp\u00e9tences \u00bb<br \/>\nPoint d\u2019\u00e9tape n\u00b02<\/p>\n<p><strong>\u00c9tape n\u00b03 : Objectifs et progression p\u00e9dagogique<\/strong><br \/>\nFiche n\u00b015 : P\u00e9dagogie par les objectifs<br \/>\nFiche n\u00b016 : La notion de pr\u00e9alables (pr\u00e9requis)<br \/>\nFiche n\u00b017 : La notion d\u2019 \u00ab acquis \u00bb<br \/>\nFiche n\u00b018 : La notion de progression p\u00e9dagogique<br \/>\nPoint d\u2019\u00e9tape n\u00b03<\/p>\n<p><strong>\u00c9tape n\u00b04 : Les difficult\u00e9s d\u2019apprentissage<\/strong><br \/>\nFiche n\u00b019 : Les sources de difficult\u00e9s<br \/>\nFiche n\u00b020 : La notion de \u00ab stress \u00bb<br \/>\nFiche n\u00b021 : La notion de \u00ab rem\u00e9diation \u00bb ou de \u00ab r\u00e9gulation \u00bb<br \/>\nPoint d\u2019\u00e9tape n\u00b04<\/p>\n<p><strong>\u00c9tape n\u00b05 : \u00c9valuation<\/strong><br \/>\nFiche n\u00b022 : Les diff\u00e9rentes formes d\u2019\u00e9valuation<br \/>\nFiche n\u00b023 : Les crit\u00e8res d\u2019\u00e9valuation<br \/>\nFiche n\u00b024 : Comment \u00e9laborer un sujet d\u2019examen<br \/>\nFiche n\u00b025 : L\u2019auto\u00e9valuation<br \/>\nFiche n\u00b026 : La notation<\/p>\n<p><strong>2e partie : Enseigner la pratique<\/strong><br \/>\n<strong>Section I : Principaux gestes techniques \u00e0 enseigner<\/strong><br \/>\nFiche n\u00b027 : Gr\u00e9er un scaphandre<br \/>\nFiche n\u00b028 : D\u00e9gr\u00e9er un scaphandre<br \/>\nFiche n\u00b029 : Nettoyage, d\u00e9sinfection et rin\u00e7age du mat\u00e9riel<br \/>\nFiche n\u00b030 : Hiverner le mat\u00e9riel<br \/>\nFiche n\u00b031 : Les palmes<br \/>\nFiche n\u00b032 : Le palmage de sustentation<br \/>\nFiche n\u00b033 : Le palmage ventral<br \/>\nFiche n\u00b034 : Le palmage dorsal<br \/>\nFiche n\u00b035 : Un palmage respectueux<br \/>\nFiche n\u00b036 : Capelage et d\u00e9capelage en surface<br \/>\nFiche n\u00b037 : Le masque<br \/>\nFiche n\u00b038 : La dissociation bucco-nasale (DBN)<br \/>\nFiche n\u00b039 : Le vidage de masque (VDM)<br \/>\nFiche n\u00b040 : Respirer avec de l\u2019eau dans le masque<br \/>\nFiche n\u00b041 : Le tuba<br \/>\nFiche n\u00b042 : Passage embout\/tuba<br \/>\nFiche n\u00b043 : Initiation \u00e0 l\u2019apn\u00e9e<br \/>\nFiche n\u00b044 : Perfectionnement \u00e0 l\u2019apn\u00e9e<br \/>\nFiche n\u00b045 : La combinaison et le lestage<br \/>\nFiche n\u00b046 : Les techniques de mise \u00e0 l\u2019eau<br \/>\nFiche n\u00b047 : Les techniques d\u2019immersion<br \/>\nFiche n\u00b048 : Le l\u00e2cher-reprise d\u2019embout (LRE)<br \/>\nFiche n\u00b049 : Pr\u00e9vention du risque de panne d\u2019air<br \/>\nFiche n\u00b050 : R\u00e9action \u00e0 une panne d\u2019air (plongeur encadr\u00e9)<br \/>\nFiche n\u00b051 : R\u00e9action \u00e0 une panne d\u2019air (plongeur autonome)<br \/>\nFiche n\u00b052 : R\u00e9action \u00e0 une panne d\u2019air (encadrant de palanqu\u00e9e)<br \/>\nFiche n\u00b053 : Les signes de plong\u00e9e<br \/>\nFiche n\u00b054 : Remont\u00e9e sur expiration<br \/>\nFiche n\u00b055 : Le poumon-ballast<br \/>\nFiche n\u00b056 : Le gilet<br \/>\nFiche n\u00b057 : Le gilet : une bou\u00e9e en surface<br \/>\nFiche n\u00b058 : Le gilet : une aide \u00e0 la stabilisation<br \/>\nFiche n\u00b059 : La remont\u00e9e d\u2019un plongeur en difficult\u00e9<br \/>\nFiche n\u00b060 : D\u00e9monstration technique de remont\u00e9e<br \/>\nFiche n\u00b061 : \u00c9voluer en palanqu\u00e9e<br \/>\nFiche n\u00b062 : Guider une palanqu\u00e9e<br \/>\nFiche n\u00b063 : Utilisation d\u2019un parachute de palier<br \/>\nFiche n\u00b064 : L\u2019orientation en plong\u00e9e<br \/>\nFiche n\u00b065 : Mannequin (niveau 4 et initiateur)<br \/>\nFiche n\u00b066 : Le bapt\u00eame<\/p>\n<p><strong>Section II : B\u00e2tir un cours<\/strong><br \/>\nFiche n\u00b067 : \u00ab Commen\u00e7ons par la fin \u00bb ou \u00ab quel r\u00e9sultat faut-il obtenir \u00bb ?<br \/>\nFiche n\u00b068 : Diff\u00e9rences entre le cadre de pratique et le cadre de l\u2019examen<br \/>\nFiche n\u00b069 : Phase 1 \u2013 accueil<br \/>\nFiche n\u00b070 : Phase 2 \u2013 pr\u00e9sentation des exercices<br \/>\nFiche n\u00b071 : D\u00e9monstration du moniteur<br \/>\nFiche n\u00b072 : R\u00e9p\u00e9tition \u00e0 sec par les \u00e9l\u00e8ves<br \/>\nFiche n\u00b073 : Phase 3 \u2013 pr\u00e9sentation de la s\u00e9ance<br \/>\nFiche n\u00b074 : Phase 4 \u2013 rappel des r\u00e8gles et consignes de s\u00e9curit\u00e9<br \/>\nFiche n\u00b075 : Phase 5 \u2013 r\u00e9alisation de la s\u00e9ance dans l\u2019eau<br \/>\nFiche n\u00b076 : Phase 6 \u2013 D\u00e9briefing<br \/>\nFiche n\u00b077 : Les diff\u00e9rents types de sujets<br \/>\nFiche n\u00b078 : Examinateurs et crit\u00e8res de notation<\/p>\n<p><strong>3e partie : Enseigner la th\u00e9orie<br \/>\nSection I : Principaux th\u00e8mes \u00e0 enseigner<\/strong><br \/>\nFiche n\u00b079 : Pourquoi fait-on des cours de th\u00e9orie en plong\u00e9e ?<br \/>\nFiche n\u00b080 : Un pr\u00e9alable essentiel, la ma\u00eetrise du contenu<br \/>\nFiche n\u00b081 : D\u00e9limitation du cours : la logique pr\u00e9rogatives\/comp\u00e9tences<br \/>\nFiche n\u00b082 : L\u2019enseignement sur les oreilles en plong\u00e9e<br \/>\nFiche n\u00b083 : L\u2019enseignement de la pr\u00e9vention du risque de surpression pulmonaire<br \/>\nFiche n\u00b084 : L\u2019enseignement des risques d\u2019\u0153d\u00e8me pulmonaire d\u2019immersion (OPI)<br \/>\nFiche n\u00b085 : L\u2019enseignement de la pr\u00e9vention des risques d\u2019accident de d\u00e9saturation (ADD)<br \/>\nFiche n\u00b086 : L\u2019enseignement de la d\u00e9saturation : les mod\u00e8les<br \/>\nFiche n\u00b087 : L\u2019enseignement de la d\u00e9saturation : les proc\u00e9dures<br \/>\nFiche n\u00b088 : L\u2019enseignement de la pr\u00e9vention de l\u2019essoufflement<br \/>\nFiche n\u00b089 : L\u2019enseignement sur le froid en plong\u00e9e<br \/>\nFiche n\u00b090 : L\u2019enseignement de la pr\u00e9vention des risques de noyade<br \/>\nFiche n\u00b091 : L\u2019enseignement de la pr\u00e9vention du risque de syncope hypoxique<br \/>\nFiche n\u00b092 : L\u2019enseignement de la pr\u00e9vention du risque de narcose<br \/>\n<strong>Section II : R\u00e9aliser un cours<\/strong><br \/>\nFiche n\u00b093 : \u00ab Commen\u00e7ons par la fin \u00bb ou \u00abQuel r\u00e9sultat faut-il obtenir ? \u00bb<br \/>\nFiche n\u00b094 : Diff\u00e9rences entre le cadre r\u00e9el et le cadre de l\u2019examen<br \/>\nFiche n\u00b095 : Faire un plan<br \/>\nFiche n\u00b096 : Transversalit\u00e9<br \/>\nFiche n\u00b097 : Pr\u00e9paration du contenu du cours<br \/>\nFiche n\u00b098 : Les supports de cours<br \/>\nFiche n\u00b099 : R\u00e9aliser le cours<br \/>\nFiche n\u00b0100 : Le cadre de l\u2019examen<\/p>\n<p><strong>4e partie : Direction de plong\u00e9e<\/strong><br \/>\nFiche n\u00b0101 : Le directeur de plong\u00e9e (DP)<br \/>\nFiche n\u00b0102 : L\u2019organisation des plong\u00e9es<br \/>\nFiche n\u00b0103 : Proc\u00e9dure de secours<\/p>\n<p>Fiche n\u00b0104 : \u00c9l\u00e9ments de compr\u00e9hension de la p\u00e9dagogie au 2e degr\u00e9<\/p>\n<p>Index<\/p>\n<p>Livres Plong\u00e9e Plaisir<br \/>\nLivres aux Editions GAP<\/p>\n<p>&nbsp;<\/p>\n<p class=\"style2\">Imprim\u00e9 sur papier certifi\u00e9 fabriqu\u00e9 \u00e0 partir de p\u00e2tes \u00e0 papier issues de for\u00eats exploit\u00e9es en gestion durable. L&rsquo;encre utilis\u00e9e est \u00e0 base d&rsquo;huile v\u00e9g\u00e9tale, l&rsquo;imprimerie adopte une d\u00e9marche environnementale progressiste valid\u00e9e par la certification Imprim&rsquo;vert.<\/p>\n","protected":false},"excerpt":{"rendered":"<p>Auteur : Alain Foret.<\/p>\n<p>Livre sur le monitorat de plong\u00e9e (p\u00e9dagogie, direction de plong\u00e9e).<\/p>\n","protected":false},"featured_media":5866,"template":"","meta":{"_monsterinsights_skip_tracking":false,"_monsterinsights_sitenote_active":false,"_monsterinsights_sitenote_note":"","_monsterinsights_sitenote_category":0},"product_brand":[],"product_cat":[261,312],"product_tag":[221,219,220,185,222],"class_list":{"0":"post-28","1":"product","2":"type-product","3":"status-publish","4":"has-post-thumbnail","6":"product_cat-plongee-plaisir-monitorats","7":"product_cat-plongee-plaisir","8":"product_tag-direction-de-plongee","9":"product_tag-monitorat","10":"product_tag-pedagogie","11":"product_tag-plongee","12":"product_tag-reglementation","13":"pa_annee-404","14":"pa_auteurs-alain-foret","15":"pa_ean-412","16":"pa_editeur-editions-gap","17":"pa_edition-edition-4","18":"pa_hauteur-309","19":"pa_largeur-310","20":"pa_nbpages-448-p","22":"first","23":"instock","24":"taxable","25":"shipping-taxable","26":"purchasable","27":"product-type-simple"},"yoast_head":"<!-- This site is optimized with the Yoast SEO plugin v27.5 - https:\/\/yoast.com\/product\/yoast-seo-wordpress\/ -->\n<title>Plong\u00e9e Plaisir Monitorats - Librairie Plong\u00e9e<\/title>\n<meta name=\"description\" content=\"P\u00e9dagogie de la plong\u00e9e : tout savoir pour enseigner la plong\u00e9e, en pratique comme en th\u00e9orie, tous niveaux de plongeurs.\" \/>\n<meta name=\"robots\" content=\"index, follow, max-snippet:-1, max-image-preview:large, max-video-preview:-1\" \/>\n<link rel=\"canonical\" href=\"https:\/\/www.librairieplongee.com\/fr-fr\/produit\/plongee-plaisir-monitorats\/\" \/>\n<meta property=\"og:locale\" content=\"fr_FR\" \/>\n<meta property=\"og:type\" content=\"article\" \/>\n<meta property=\"og:title\" content=\"Plong\u00e9e Plaisir Monitorats - Librairie Plong\u00e9e\" \/>\n<meta property=\"og:description\" content=\"P\u00e9dagogie de la plong\u00e9e : tout savoir pour enseigner la plong\u00e9e, en pratique comme en th\u00e9orie, tous niveaux de plongeurs.\" \/>\n<meta property=\"og:url\" content=\"https:\/\/www.librairieplongee.com\/fr-fr\/produit\/plongee-plaisir-monitorats\/\" \/>\n<meta property=\"og:site_name\" content=\"Librairie Plong\u00e9e\" \/>\n<meta property=\"article:modified_time\" content=\"2023-06-18T10:11:48+00:00\" \/>\n<meta property=\"og:image\" content=\"https:\/\/www.librairieplongee.com\/fr-fr\/wp-content\/uploads\/2023\/06\/Plongee-Plaisir-Monitorats-2023-3.jpg\" \/>\n\t<meta property=\"og:image:width\" content=\"985\" \/>\n\t<meta property=\"og:image:height\" content=\"1428\" \/>\n\t<meta property=\"og:image:type\" content=\"image\/jpeg\" \/>\n<meta name=\"twitter:card\" content=\"summary_large_image\" \/>\n<meta name=\"twitter:label1\" content=\"Dur\u00e9e de lecture estim\u00e9e\" \/>\n\t<meta name=\"twitter:data1\" content=\"6 minutes\" \/>\n<script type=\"application\/ld+json\" class=\"yoast-schema-graph\">{\"@context\":\"https:\\\/\\\/schema.org\",\"@graph\":[{\"@type\":\"WebPage\",\"@id\":\"https:\\\/\\\/www.librairieplongee.com\\\/fr-fr\\\/produit\\\/plongee-plaisir-monitorats\\\/\",\"url\":\"https:\\\/\\\/www.librairieplongee.com\\\/fr-fr\\\/produit\\\/plongee-plaisir-monitorats\\\/\",\"name\":\"Plong\u00e9e Plaisir Monitorats - Librairie Plong\u00e9e\",\"isPartOf\":{\"@id\":\"https:\\\/\\\/www.librairieplongee.com\\\/fr-fr\\\/#website\"},\"primaryImageOfPage\":{\"@id\":\"https:\\\/\\\/www.librairieplongee.com\\\/fr-fr\\\/produit\\\/plongee-plaisir-monitorats\\\/#primaryimage\"},\"image\":{\"@id\":\"https:\\\/\\\/www.librairieplongee.com\\\/fr-fr\\\/produit\\\/plongee-plaisir-monitorats\\\/#primaryimage\"},\"thumbnailUrl\":\"https:\\\/\\\/www.librairieplongee.com\\\/fr-fr\\\/wp-content\\\/uploads\\\/2023\\\/06\\\/Plongee-Plaisir-Monitorats-2023-3.jpg\",\"datePublished\":\"2023-06-18T06:00:38+00:00\",\"dateModified\":\"2023-06-18T10:11:48+00:00\",\"description\":\"P\u00e9dagogie de la plong\u00e9e : tout savoir pour enseigner la plong\u00e9e, en pratique comme en th\u00e9orie, tous niveaux de plongeurs.\",\"breadcrumb\":{\"@id\":\"https:\\\/\\\/www.librairieplongee.com\\\/fr-fr\\\/produit\\\/plongee-plaisir-monitorats\\\/#breadcrumb\"},\"inLanguage\":\"fr-FR\",\"potentialAction\":[{\"@type\":\"ReadAction\",\"target\":[\"https:\\\/\\\/www.librairieplongee.com\\\/fr-fr\\\/produit\\\/plongee-plaisir-monitorats\\\/\"]}]},{\"@type\":\"ImageObject\",\"inLanguage\":\"fr-FR\",\"@id\":\"https:\\\/\\\/www.librairieplongee.com\\\/fr-fr\\\/produit\\\/plongee-plaisir-monitorats\\\/#primaryimage\",\"url\":\"https:\\\/\\\/www.librairieplongee.com\\\/fr-fr\\\/wp-content\\\/uploads\\\/2023\\\/06\\\/Plongee-Plaisir-Monitorats-2023-3.jpg\",\"contentUrl\":\"https:\\\/\\\/www.librairieplongee.com\\\/fr-fr\\\/wp-content\\\/uploads\\\/2023\\\/06\\\/Plongee-Plaisir-Monitorats-2023-3.jpg\",\"width\":985,\"height\":1428},{\"@type\":\"BreadcrumbList\",\"@id\":\"https:\\\/\\\/www.librairieplongee.com\\\/fr-fr\\\/produit\\\/plongee-plaisir-monitorats\\\/#breadcrumb\",\"itemListElement\":[{\"@type\":\"ListItem\",\"position\":1,\"name\":\"Accueil\",\"item\":\"https:\\\/\\\/www.librairieplongee.com\\\/fr-fr\\\/\"},{\"@type\":\"ListItem\",\"position\":2,\"name\":\"Livres sur la plong\u00e9e et l&#8217;apn\u00e9e\",\"item\":\"https:\\\/\\\/www.librairieplongee.com\\\/fr-fr\\\/\"},{\"@type\":\"ListItem\",\"position\":3,\"name\":\"Plong\u00e9e Plaisir Monitorats\"}]},{\"@type\":\"WebSite\",\"@id\":\"https:\\\/\\\/www.librairieplongee.com\\\/fr-fr\\\/#website\",\"url\":\"https:\\\/\\\/www.librairieplongee.com\\\/fr-fr\\\/\",\"name\":\"Librairie Plong\u00e9e\",\"description\":\"Livres de plong\u00e9e\",\"publisher\":{\"@id\":\"https:\\\/\\\/www.librairieplongee.com\\\/fr-fr\\\/#organization\"},\"potentialAction\":[{\"@type\":\"SearchAction\",\"target\":{\"@type\":\"EntryPoint\",\"urlTemplate\":\"https:\\\/\\\/www.librairieplongee.com\\\/fr-fr\\\/?s={search_term_string}\"},\"query-input\":{\"@type\":\"PropertyValueSpecification\",\"valueRequired\":true,\"valueName\":\"search_term_string\"}}],\"inLanguage\":\"fr-FR\"},{\"@type\":\"Organization\",\"@id\":\"https:\\\/\\\/www.librairieplongee.com\\\/fr-fr\\\/#organization\",\"name\":\"Librairie Plong\u00e9e\",\"url\":\"https:\\\/\\\/www.librairieplongee.com\\\/fr-fr\\\/\",\"logo\":{\"@type\":\"ImageObject\",\"inLanguage\":\"fr-FR\",\"@id\":\"https:\\\/\\\/www.librairieplongee.com\\\/fr-fr\\\/#\\\/schema\\\/logo\\\/image\\\/\",\"url\":\"https:\\\/\\\/www.librairieplongee.com\\\/fr-fr\\\/wp-content\\\/uploads\\\/2017\\\/03\\\/cropped-logo-librairie-plongee.png\",\"contentUrl\":\"https:\\\/\\\/www.librairieplongee.com\\\/fr-fr\\\/wp-content\\\/uploads\\\/2017\\\/03\\\/cropped-logo-librairie-plongee.png\",\"width\":252,\"height\":110,\"caption\":\"Librairie Plong\u00e9e\"},\"image\":{\"@id\":\"https:\\\/\\\/www.librairieplongee.com\\\/fr-fr\\\/#\\\/schema\\\/logo\\\/image\\\/\"}}]}<\/script>\n<!-- \/ Yoast SEO plugin. -->","yoast_head_json":{"title":"Plong\u00e9e Plaisir Monitorats - Librairie Plong\u00e9e","description":"P\u00e9dagogie de la plong\u00e9e : tout savoir pour enseigner la plong\u00e9e, en pratique comme en th\u00e9orie, tous niveaux de plongeurs.","robots":{"index":"index","follow":"follow","max-snippet":"max-snippet:-1","max-image-preview":"max-image-preview:large","max-video-preview":"max-video-preview:-1"},"canonical":"https:\/\/www.librairieplongee.com\/fr-fr\/produit\/plongee-plaisir-monitorats\/","og_locale":"fr_FR","og_type":"article","og_title":"Plong\u00e9e Plaisir Monitorats - Librairie Plong\u00e9e","og_description":"P\u00e9dagogie de la plong\u00e9e : tout savoir pour enseigner la plong\u00e9e, en pratique comme en th\u00e9orie, tous niveaux de plongeurs.","og_url":"https:\/\/www.librairieplongee.com\/fr-fr\/produit\/plongee-plaisir-monitorats\/","og_site_name":"Librairie Plong\u00e9e","article_modified_time":"2023-06-18T10:11:48+00:00","og_image":[{"width":985,"height":1428,"url":"https:\/\/www.librairieplongee.com\/fr-fr\/wp-content\/uploads\/2023\/06\/Plongee-Plaisir-Monitorats-2023-3.jpg","type":"image\/jpeg"}],"twitter_card":"summary_large_image","twitter_misc":{"Dur\u00e9e de lecture estim\u00e9e":"6 minutes"},"schema":{"@context":"https:\/\/schema.org","@graph":[{"@type":"WebPage","@id":"https:\/\/www.librairieplongee.com\/fr-fr\/produit\/plongee-plaisir-monitorats\/","url":"https:\/\/www.librairieplongee.com\/fr-fr\/produit\/plongee-plaisir-monitorats\/","name":"Plong\u00e9e Plaisir Monitorats - Librairie Plong\u00e9e","isPartOf":{"@id":"https:\/\/www.librairieplongee.com\/fr-fr\/#website"},"primaryImageOfPage":{"@id":"https:\/\/www.librairieplongee.com\/fr-fr\/produit\/plongee-plaisir-monitorats\/#primaryimage"},"image":{"@id":"https:\/\/www.librairieplongee.com\/fr-fr\/produit\/plongee-plaisir-monitorats\/#primaryimage"},"thumbnailUrl":"https:\/\/www.librairieplongee.com\/fr-fr\/wp-content\/uploads\/2023\/06\/Plongee-Plaisir-Monitorats-2023-3.jpg","datePublished":"2023-06-18T06:00:38+00:00","dateModified":"2023-06-18T10:11:48+00:00","description":"P\u00e9dagogie de la plong\u00e9e : tout savoir pour enseigner la plong\u00e9e, en pratique comme en th\u00e9orie, tous niveaux de plongeurs.","breadcrumb":{"@id":"https:\/\/www.librairieplongee.com\/fr-fr\/produit\/plongee-plaisir-monitorats\/#breadcrumb"},"inLanguage":"fr-FR","potentialAction":[{"@type":"ReadAction","target":["https:\/\/www.librairieplongee.com\/fr-fr\/produit\/plongee-plaisir-monitorats\/"]}]},{"@type":"ImageObject","inLanguage":"fr-FR","@id":"https:\/\/www.librairieplongee.com\/fr-fr\/produit\/plongee-plaisir-monitorats\/#primaryimage","url":"https:\/\/www.librairieplongee.com\/fr-fr\/wp-content\/uploads\/2023\/06\/Plongee-Plaisir-Monitorats-2023-3.jpg","contentUrl":"https:\/\/www.librairieplongee.com\/fr-fr\/wp-content\/uploads\/2023\/06\/Plongee-Plaisir-Monitorats-2023-3.jpg","width":985,"height":1428},{"@type":"BreadcrumbList","@id":"https:\/\/www.librairieplongee.com\/fr-fr\/produit\/plongee-plaisir-monitorats\/#breadcrumb","itemListElement":[{"@type":"ListItem","position":1,"name":"Accueil","item":"https:\/\/www.librairieplongee.com\/fr-fr\/"},{"@type":"ListItem","position":2,"name":"Livres sur la plong\u00e9e et l&#8217;apn\u00e9e","item":"https:\/\/www.librairieplongee.com\/fr-fr\/"},{"@type":"ListItem","position":3,"name":"Plong\u00e9e Plaisir Monitorats"}]},{"@type":"WebSite","@id":"https:\/\/www.librairieplongee.com\/fr-fr\/#website","url":"https:\/\/www.librairieplongee.com\/fr-fr\/","name":"Librairie Plong\u00e9e","description":"Livres de plong\u00e9e","publisher":{"@id":"https:\/\/www.librairieplongee.com\/fr-fr\/#organization"},"potentialAction":[{"@type":"SearchAction","target":{"@type":"EntryPoint","urlTemplate":"https:\/\/www.librairieplongee.com\/fr-fr\/?s={search_term_string}"},"query-input":{"@type":"PropertyValueSpecification","valueRequired":true,"valueName":"search_term_string"}}],"inLanguage":"fr-FR"},{"@type":"Organization","@id":"https:\/\/www.librairieplongee.com\/fr-fr\/#organization","name":"Librairie Plong\u00e9e","url":"https:\/\/www.librairieplongee.com\/fr-fr\/","logo":{"@type":"ImageObject","inLanguage":"fr-FR","@id":"https:\/\/www.librairieplongee.com\/fr-fr\/#\/schema\/logo\/image\/","url":"https:\/\/www.librairieplongee.com\/fr-fr\/wp-content\/uploads\/2017\/03\/cropped-logo-librairie-plongee.png","contentUrl":"https:\/\/www.librairieplongee.com\/fr-fr\/wp-content\/uploads\/2017\/03\/cropped-logo-librairie-plongee.png","width":252,"height":110,"caption":"Librairie Plong\u00e9e"},"image":{"@id":"https:\/\/www.librairieplongee.com\/fr-fr\/#\/schema\/logo\/image\/"}}]}},"_links":{"self":[{"href":"https:\/\/www.librairieplongee.com\/fr-fr\/wp-json\/wp\/v2\/product\/28","targetHints":{"allow":["GET"]}}],"collection":[{"href":"https:\/\/www.librairieplongee.com\/fr-fr\/wp-json\/wp\/v2\/product"}],"about":[{"href":"https:\/\/www.librairieplongee.com\/fr-fr\/wp-json\/wp\/v2\/types\/product"}],"wp:featuredmedia":[{"embeddable":true,"href":"https:\/\/www.librairieplongee.com\/fr-fr\/wp-json\/wp\/v2\/media\/5866"}],"wp:attachment":[{"href":"https:\/\/www.librairieplongee.com\/fr-fr\/wp-json\/wp\/v2\/media?parent=28"}],"wp:term":[{"taxonomy":"product_brand","embeddable":true,"href":"https:\/\/www.librairieplongee.com\/fr-fr\/wp-json\/wp\/v2\/product_brand?post=28"},{"taxonomy":"product_cat","embeddable":true,"href":"https:\/\/www.librairieplongee.com\/fr-fr\/wp-json\/wp\/v2\/product_cat?post=28"},{"taxonomy":"product_tag","embeddable":true,"href":"https:\/\/www.librairieplongee.com\/fr-fr\/wp-json\/wp\/v2\/product_tag?post=28"}],"curies":[{"name":"wp","href":"https:\/\/api.w.org\/{rel}","templated":true}]}}