{"id":1843,"date":"2017-08-14T15:44:05","date_gmt":"2017-08-14T13:44:05","guid":{"rendered":"https:\/\/www.librairieplongee.com\/fr-fr\/?post_type=product&#038;p=1843"},"modified":"2017-08-14T15:44:41","modified_gmt":"2017-08-14T13:44:41","slug":"manuel-dexercices-ameliorer-apnee","status":"publish","type":"product","link":"https:\/\/www.librairieplongee.com\/fr-fr\/produit\/manuel-dexercices-ameliorer-apnee\/","title":{"rendered":"Manuel d&rsquo;exercices pour am\u00e9liorer son apn\u00e9e"},"content":{"rendered":"<p>Parution : Ao\u00fbt 2017<\/p>\n<h3>Pr\u00e9sentation<\/h3>\n<div class=\"public\">\n<p>Cet ouvrage s\u2019adresse \u00e0 tous ceux qui pourraient \u00eatre amen\u00e9s (qui devraient \u00eatre) \u00e0 int\u00e9grer des exercices d\u2019apn\u00e9e dans les entra\u00eenements qu\u2019ils proposent : apn\u00e9istes bien s\u00fbr, mais aussi nageurs, cyclistes, coureurs, bien d\u2019autres encore. Toutes les disciplines cherchant \u00e0 am\u00e9liorer leur capacit\u00e9 a\u00e9robie (l\u2019endurance) doivent aussi y trouver un int\u00e9r\u00eat.<\/p>\n<\/div>\n<div class=\"descri\">Franck DAOUBEN, ancien comp\u00e9titeur, moniteur entra\u00eeneur f\u00e9d\u00e9ral premier degr\u00e9 (MEF1) et pr\u00e9sident de la Commission apn\u00e9e du Finist\u00e8re au sein de la FFESSM.<br \/>\nChristian VOGLER, vainqueur de la coupe de France \u00e0 trois reprises et actuel entra\u00eeneur (avec Arnaud Ponche) de l\u2019\u00e9quipe de France d\u2019apn\u00e9e.<br \/>\nCes auteurs nous livrent dans cet ouvrage le fruit de leurs travaux et pratiques sur l\u2019apn\u00e9e et la pr\u00e9paration physique pendant des d\u00e9cennies. Pr\u00e8s de 750 jeux et exercices, en piscine, en pleine mer, \u00e0 sec ou en plein air permettront \u00e0 chacun quel que soit son niveau d\u2019am\u00e9liorer ses capacit\u00e9s physiques. Ils s\u2019adressent \u00e0 tous ceux qui pourraient \u00eatre amen\u00e9s \u00e0 int\u00e9grer des exercices d\u2019apn\u00e9e dans les entra\u00eenements qu\u2019ils proposent : apn\u00e9istes bien s\u00fbr, mais aussi nageurs, cyclistes, coureurs, bien d\u2019autres encore. Toutes les disciplines cherchant \u00e0 am\u00e9liorer leur capacit\u00e9 a\u00e9robie (l\u2019endurance) doivent aussi y trouver un int\u00e9r\u00eat. En vous entra\u00eenant \u00e0 l\u2019hypoxie et l\u2019hypercapnie, vos muscles apprendront \u00e0 devenir plus \u00e9conomes. Ils seront ainsi plus performants lorsque le comburant (l\u2019O2) ne manquera plus.<br \/>\nL\u2019apn\u00e9e am\u00e9liore l\u2019ensemble des fonctions a\u00e9robies mais aussi, \u00e0 travers un entra\u00eenement bien conduit, la tol\u00e9rance aux lactates. Le r\u00eave ! La m\u00e9thode parfaite ? Non, mais un outil int\u00e9ressant pour progresser que vous soyez un pratiquant loisir, comp\u00e9titeur de ce sport ou de toute autre discipline.<br \/>\nCe livre est pour vous tous sportifs aquatiques ou terriens.<\/div>\n<h3>Sommaire<\/h3>\n<p>PR\u00c9FACE<br \/>\nLES AUTEURS<\/p>\n<p>POURQUOI CE LIVRE ?<br \/>\nPOUR QUI CE LIVRE ?<br \/>\nCOMMENT L\u2019UTILISER ?<\/p>\n<p>LES EFFETS DE L\u2019ENTRA\u00ceNEMENT EN APN\u00c9E SUR LA CONDITION PHYSIQUE<br \/>\n\u2022 L\u2019hypoxie<br \/>\n\u2022 L\u2019hypercapnie<br \/>\n\u2022 La tol\u00e9rance aux lactates<\/p>\n<p>MAT\u00c9RIEL D\u2019APN\u00c9E<br \/>\n\u2022 En statique<br \/>\n\u2022 En dynamique avec et sans palmes<br \/>\n\u2022 En speed endurance ou sprint<br \/>\n\u2022 En d\u00e9couverte de la profondeur<br \/>\n\u2022 Comment fabriquer son plomb de cou en trois \u00e9tapes ?<br \/>\n\u2022 Les plombs de Jean Chabaud<\/p>\n<p>S\u00c9CURIT\u00c9 EN APN\u00c9E<br \/>\n\u2022 Les risques<br \/>\n\u2022 La surveillance<br \/>\n\u2022 La conduite \u00e0 tenir<\/p>\n<p>APN\u00c9E STATIQUE<br \/>\n\u2022 Ma\u00eetrise de la respiration<br \/>\n\u2022 Am\u00e9liorer son aisance dans l\u2019eau : les premiers pas<br \/>\n\u2022 Le rel\u00e2chement : prendre conscience de son corps<br \/>\n\u2022 Varier les volumes<br \/>\n\u2022 Pr\u00e9parer son d\u00e9part<br \/>\n\u2022 Pr\u00e9parer sa sortie en toute s\u00e9curit\u00e9<br \/>\n\u2022 Augmenter son temps d\u2019apn\u00e9e<br \/>\n\u2022 Jouer<\/p>\n<p>L\u2019APN\u00c9E DYNAMIQUE AVEC PALMES (DYN)<br \/>\n\u2022 Le d\u00e9part (la coul\u00e9e)<br \/>\n\u2022 Ajuster son lestage<br \/>\n\u2022 Technique de nage (bi\/mono)<br \/>\n&#8211; Bi-palmes<br \/>\n&#8211; Monopalme<br \/>\n&#8211; S\u2019entra\u00eener en apn\u00e9e dynamique avec palmes<br \/>\n&#8211; Jouer<br \/>\n&#8211; Hockey sous-marin<\/p>\n<p>DYNAMIQUE SANS PALME (DNF)<br \/>\n\u2022 La technique de nage (jambes, bras, coordination)<br \/>\n&#8211; Jambes<br \/>\n&#8211; Bras en immersion<br \/>\n&#8211; Coordination bras \u2013 jambes<br \/>\n\u2022 S\u2019entra\u00eener en DNF<br \/>\n\u2022 Jouer en DNF<br \/>\n\u2022 Hockey sous-marin<\/p>\n<p>FAIRE DE L\u2019APN\u00c9E EN NATATION OU DE LA NATATION EN APN\u00c9E<br \/>\n\u2022 Crawl &#8211; avec plaquettes &#8211; pull buoy &#8211; brasse<\/p>\n<p>R\u00c9TROP\u00c9DALAGE<br \/>\n\u2022 Nombreuses variantes autour du r\u00e9trop\u00e9dalage<\/p>\n<p>UN PEU DE WATER-POLO<br \/>\n\u2022 D\u00e9couvrir pour enrichir les \u00e9chauffements<\/p>\n<p>QUELQUES EXERCICES DE NATATION SYNCHRONIS\u00c9E<\/p>\n<p>QUELQUES EXERCICES \u00c0 SEC<br \/>\n\u2022 \u00c9tirement du diaphragme<br \/>\n&#8211; Assis au bord d\u2019une chaise, sur un ballon ou allong\u00e9 au sol jambes fl\u00e9chies<br \/>\n\u2022 \u00c9tirement de la cage thoracique<br \/>\n\u2022 Entra\u00eenement hors de l\u2019eau<br \/>\n&#8211; Exercices respiratoires<br \/>\n&#8211; S\u2019entra\u00eener \u00e0 sec<br \/>\n\u2022 \u00c9chauffement \u00e0 sec<br \/>\n\u2022 \u00c9chauffement classique<\/p>\n<p>D\u00c9COUVERTE DE LA PROFONDEUR EN PISCINE<br \/>\n(S\u2019INITIER EN PISCINE POUR SE FAIRE PLAISIR EN MER)<br \/>\n\u2022 Apprendre le canard (technique d\u2019immersion t\u00eate en avant) pour bien commencer son apn\u00e9e<br \/>\n\u2022 D\u00e9couverte de la profondeur en piscine<\/p>\n<p>D\u00c9COUVERTE DE LA PROFONDEUR EN MER<br \/>\n\u2022 La s\u00e9curit\u00e9 \u00e0 2, \u00e0 3<br \/>\n\u2022 Le sauvetage<br \/>\n\u2022 Le mat\u00e9riel de descente<br \/>\n\u2022 Le mat\u00e9riel individuel<br \/>\n\u2022 La ventilation de surface<br \/>\n\u2022 Le canard<br \/>\n\u2022 Le palmage vertical<br \/>\n\u2022 La compensation<br \/>\n\u2022 Le demi-tour<br \/>\n\u2022 La remont\u00e9e<br \/>\n\u2022 La sortie<br \/>\n\u2022 La progression du d\u00e9butant<br \/>\n\u2022 La carpe<\/p>\n<p>GLOSSAIRE<\/p>\n","protected":false},"excerpt":{"rendered":"<p>Parution : Ao\u00fbt 2017 Pr\u00e9sentation Cet ouvrage s\u2019adresse \u00e0 tous ceux qui pourraient \u00eatre amen\u00e9s (qui devraient \u00eatre) \u00e0 int\u00e9grer des exercices d\u2019apn\u00e9e dans les entra\u00eenements qu\u2019ils proposent : apn\u00e9istes bien s\u00fbr, mais aussi nageurs, cyclistes, coureurs, bien d\u2019autres encore. Toutes les disciplines cherchant \u00e0 am\u00e9liorer leur capacit\u00e9 a\u00e9robie (l\u2019endurance) doivent aussi y trouver un [&hellip;]<\/p>\n","protected":false},"featured_media":1844,"template":"","meta":{"_monsterinsights_skip_tracking":false,"_monsterinsights_sitenote_active":false,"_monsterinsights_sitenote_note":"","_monsterinsights_sitenote_category":0},"product_brand":[],"product_cat":[316],"product_tag":[],"class_list":{"0":"post-1843","1":"product","2":"type-product","3":"status-publish","4":"has-post-thumbnail","6":"product_cat-apnee","7":"pa_annee-308","8":"pa_auteurs-christian-vogler","9":"pa_auteurs-franck-daouben","10":"pa_ean-370","11":"pa_editeur-editions-gap","12":"pa_edition-edition-1","13":"pa_hauteur-21-cm","14":"pa_largeur-15-cm","15":"pa_nbpages-112-pages","17":"first","18":"instock","19":"taxable","20":"shipping-taxable","21":"purchasable","22":"product-type-simple"},"yoast_head":"<!-- This site is optimized with the Yoast SEO plugin v27.5 - https:\/\/yoast.com\/product\/yoast-seo-wordpress\/ -->\n<title>Manuel d&#039;exercices pour am\u00e9liorer son apn\u00e9e - Librairie Plong\u00e9e<\/title>\n<meta name=\"robots\" content=\"index, follow, max-snippet:-1, max-image-preview:large, max-video-preview:-1\" \/>\n<link rel=\"canonical\" href=\"https:\/\/www.librairieplongee.com\/fr-fr\/produit\/manuel-dexercices-ameliorer-apnee\/\" \/>\n<meta property=\"og:locale\" content=\"fr_FR\" \/>\n<meta property=\"og:type\" content=\"article\" \/>\n<meta property=\"og:title\" content=\"Manuel d&#039;exercices pour am\u00e9liorer son apn\u00e9e - Librairie Plong\u00e9e\" \/>\n<meta property=\"og:description\" content=\"Parution : Ao\u00fbt 2017 Pr\u00e9sentation Cet ouvrage s\u2019adresse \u00e0 tous ceux qui pourraient \u00eatre amen\u00e9s (qui devraient \u00eatre) \u00e0 int\u00e9grer des exercices d\u2019apn\u00e9e dans les entra\u00eenements qu\u2019ils proposent : apn\u00e9istes bien s\u00fbr, mais aussi nageurs, cyclistes, coureurs, bien d\u2019autres encore. Toutes les disciplines cherchant \u00e0 am\u00e9liorer leur capacit\u00e9 a\u00e9robie (l\u2019endurance) doivent aussi y trouver un [&hellip;]\" \/>\n<meta property=\"og:url\" content=\"https:\/\/www.librairieplongee.com\/fr-fr\/produit\/manuel-dexercices-ameliorer-apnee\/\" \/>\n<meta property=\"og:site_name\" content=\"Librairie Plong\u00e9e\" \/>\n<meta property=\"article:modified_time\" content=\"2017-08-14T13:44:41+00:00\" \/>\n<meta property=\"og:image\" content=\"https:\/\/www.librairieplongee.com\/fr-fr\/wp-content\/uploads\/2017\/08\/manuel-exercicies-apnee.png\" \/>\n\t<meta property=\"og:image:width\" content=\"200\" \/>\n\t<meta property=\"og:image:height\" content=\"280\" \/>\n\t<meta property=\"og:image:type\" content=\"image\/png\" \/>\n<meta name=\"twitter:card\" content=\"summary_large_image\" \/>\n<meta name=\"twitter:label1\" content=\"Dur\u00e9e de lecture estim\u00e9e\" \/>\n\t<meta name=\"twitter:data1\" content=\"4 minutes\" \/>\n<script type=\"application\/ld+json\" class=\"yoast-schema-graph\">{\"@context\":\"https:\\\/\\\/schema.org\",\"@graph\":[{\"@type\":\"WebPage\",\"@id\":\"https:\\\/\\\/www.librairieplongee.com\\\/fr-fr\\\/produit\\\/manuel-dexercices-ameliorer-apnee\\\/\",\"url\":\"https:\\\/\\\/www.librairieplongee.com\\\/fr-fr\\\/produit\\\/manuel-dexercices-ameliorer-apnee\\\/\",\"name\":\"Manuel d'exercices pour am\u00e9liorer son apn\u00e9e - Librairie Plong\u00e9e\",\"isPartOf\":{\"@id\":\"https:\\\/\\\/www.librairieplongee.com\\\/fr-fr\\\/#website\"},\"primaryImageOfPage\":{\"@id\":\"https:\\\/\\\/www.librairieplongee.com\\\/fr-fr\\\/produit\\\/manuel-dexercices-ameliorer-apnee\\\/#primaryimage\"},\"image\":{\"@id\":\"https:\\\/\\\/www.librairieplongee.com\\\/fr-fr\\\/produit\\\/manuel-dexercices-ameliorer-apnee\\\/#primaryimage\"},\"thumbnailUrl\":\"https:\\\/\\\/www.librairieplongee.com\\\/fr-fr\\\/wp-content\\\/uploads\\\/2017\\\/08\\\/manuel-exercicies-apnee.png\",\"datePublished\":\"2017-08-14T13:44:05+00:00\",\"dateModified\":\"2017-08-14T13:44:41+00:00\",\"breadcrumb\":{\"@id\":\"https:\\\/\\\/www.librairieplongee.com\\\/fr-fr\\\/produit\\\/manuel-dexercices-ameliorer-apnee\\\/#breadcrumb\"},\"inLanguage\":\"fr-FR\",\"potentialAction\":[{\"@type\":\"ReadAction\",\"target\":[\"https:\\\/\\\/www.librairieplongee.com\\\/fr-fr\\\/produit\\\/manuel-dexercices-ameliorer-apnee\\\/\"]}]},{\"@type\":\"ImageObject\",\"inLanguage\":\"fr-FR\",\"@id\":\"https:\\\/\\\/www.librairieplongee.com\\\/fr-fr\\\/produit\\\/manuel-dexercices-ameliorer-apnee\\\/#primaryimage\",\"url\":\"https:\\\/\\\/www.librairieplongee.com\\\/fr-fr\\\/wp-content\\\/uploads\\\/2017\\\/08\\\/manuel-exercicies-apnee.png\",\"contentUrl\":\"https:\\\/\\\/www.librairieplongee.com\\\/fr-fr\\\/wp-content\\\/uploads\\\/2017\\\/08\\\/manuel-exercicies-apnee.png\",\"width\":200,\"height\":280,\"caption\":\"Manuel d'exercices pour am\u00e9liorer son apn\u00e9e\"},{\"@type\":\"BreadcrumbList\",\"@id\":\"https:\\\/\\\/www.librairieplongee.com\\\/fr-fr\\\/produit\\\/manuel-dexercices-ameliorer-apnee\\\/#breadcrumb\",\"itemListElement\":[{\"@type\":\"ListItem\",\"position\":1,\"name\":\"Accueil\",\"item\":\"https:\\\/\\\/www.librairieplongee.com\\\/fr-fr\\\/\"},{\"@type\":\"ListItem\",\"position\":2,\"name\":\"Livres sur la plong\u00e9e et l&#8217;apn\u00e9e\",\"item\":\"https:\\\/\\\/www.librairieplongee.com\\\/fr-fr\\\/\"},{\"@type\":\"ListItem\",\"position\":3,\"name\":\"Manuel d&#8217;exercices pour am\u00e9liorer son apn\u00e9e\"}]},{\"@type\":\"WebSite\",\"@id\":\"https:\\\/\\\/www.librairieplongee.com\\\/fr-fr\\\/#website\",\"url\":\"https:\\\/\\\/www.librairieplongee.com\\\/fr-fr\\\/\",\"name\":\"Librairie Plong\u00e9e\",\"description\":\"Livres de plong\u00e9e\",\"publisher\":{\"@id\":\"https:\\\/\\\/www.librairieplongee.com\\\/fr-fr\\\/#organization\"},\"potentialAction\":[{\"@type\":\"SearchAction\",\"target\":{\"@type\":\"EntryPoint\",\"urlTemplate\":\"https:\\\/\\\/www.librairieplongee.com\\\/fr-fr\\\/?s={search_term_string}\"},\"query-input\":{\"@type\":\"PropertyValueSpecification\",\"valueRequired\":true,\"valueName\":\"search_term_string\"}}],\"inLanguage\":\"fr-FR\"},{\"@type\":\"Organization\",\"@id\":\"https:\\\/\\\/www.librairieplongee.com\\\/fr-fr\\\/#organization\",\"name\":\"Librairie Plong\u00e9e\",\"url\":\"https:\\\/\\\/www.librairieplongee.com\\\/fr-fr\\\/\",\"logo\":{\"@type\":\"ImageObject\",\"inLanguage\":\"fr-FR\",\"@id\":\"https:\\\/\\\/www.librairieplongee.com\\\/fr-fr\\\/#\\\/schema\\\/logo\\\/image\\\/\",\"url\":\"https:\\\/\\\/www.librairieplongee.com\\\/fr-fr\\\/wp-content\\\/uploads\\\/2017\\\/03\\\/cropped-logo-librairie-plongee.png\",\"contentUrl\":\"https:\\\/\\\/www.librairieplongee.com\\\/fr-fr\\\/wp-content\\\/uploads\\\/2017\\\/03\\\/cropped-logo-librairie-plongee.png\",\"width\":252,\"height\":110,\"caption\":\"Librairie Plong\u00e9e\"},\"image\":{\"@id\":\"https:\\\/\\\/www.librairieplongee.com\\\/fr-fr\\\/#\\\/schema\\\/logo\\\/image\\\/\"}}]}<\/script>\n<!-- \/ Yoast SEO plugin. -->","yoast_head_json":{"title":"Manuel d'exercices pour am\u00e9liorer son apn\u00e9e - Librairie Plong\u00e9e","robots":{"index":"index","follow":"follow","max-snippet":"max-snippet:-1","max-image-preview":"max-image-preview:large","max-video-preview":"max-video-preview:-1"},"canonical":"https:\/\/www.librairieplongee.com\/fr-fr\/produit\/manuel-dexercices-ameliorer-apnee\/","og_locale":"fr_FR","og_type":"article","og_title":"Manuel d'exercices pour am\u00e9liorer son apn\u00e9e - Librairie Plong\u00e9e","og_description":"Parution : Ao\u00fbt 2017 Pr\u00e9sentation Cet ouvrage s\u2019adresse \u00e0 tous ceux qui pourraient \u00eatre amen\u00e9s (qui devraient \u00eatre) \u00e0 int\u00e9grer des exercices d\u2019apn\u00e9e dans les entra\u00eenements qu\u2019ils proposent : apn\u00e9istes bien s\u00fbr, mais aussi nageurs, cyclistes, coureurs, bien d\u2019autres encore. Toutes les disciplines cherchant \u00e0 am\u00e9liorer leur capacit\u00e9 a\u00e9robie (l\u2019endurance) doivent aussi y trouver un [&hellip;]","og_url":"https:\/\/www.librairieplongee.com\/fr-fr\/produit\/manuel-dexercices-ameliorer-apnee\/","og_site_name":"Librairie Plong\u00e9e","article_modified_time":"2017-08-14T13:44:41+00:00","og_image":[{"width":200,"height":280,"url":"https:\/\/www.librairieplongee.com\/fr-fr\/wp-content\/uploads\/2017\/08\/manuel-exercicies-apnee.png","type":"image\/png"}],"twitter_card":"summary_large_image","twitter_misc":{"Dur\u00e9e de lecture estim\u00e9e":"4 minutes"},"schema":{"@context":"https:\/\/schema.org","@graph":[{"@type":"WebPage","@id":"https:\/\/www.librairieplongee.com\/fr-fr\/produit\/manuel-dexercices-ameliorer-apnee\/","url":"https:\/\/www.librairieplongee.com\/fr-fr\/produit\/manuel-dexercices-ameliorer-apnee\/","name":"Manuel d'exercices pour am\u00e9liorer son apn\u00e9e - Librairie Plong\u00e9e","isPartOf":{"@id":"https:\/\/www.librairieplongee.com\/fr-fr\/#website"},"primaryImageOfPage":{"@id":"https:\/\/www.librairieplongee.com\/fr-fr\/produit\/manuel-dexercices-ameliorer-apnee\/#primaryimage"},"image":{"@id":"https:\/\/www.librairieplongee.com\/fr-fr\/produit\/manuel-dexercices-ameliorer-apnee\/#primaryimage"},"thumbnailUrl":"https:\/\/www.librairieplongee.com\/fr-fr\/wp-content\/uploads\/2017\/08\/manuel-exercicies-apnee.png","datePublished":"2017-08-14T13:44:05+00:00","dateModified":"2017-08-14T13:44:41+00:00","breadcrumb":{"@id":"https:\/\/www.librairieplongee.com\/fr-fr\/produit\/manuel-dexercices-ameliorer-apnee\/#breadcrumb"},"inLanguage":"fr-FR","potentialAction":[{"@type":"ReadAction","target":["https:\/\/www.librairieplongee.com\/fr-fr\/produit\/manuel-dexercices-ameliorer-apnee\/"]}]},{"@type":"ImageObject","inLanguage":"fr-FR","@id":"https:\/\/www.librairieplongee.com\/fr-fr\/produit\/manuel-dexercices-ameliorer-apnee\/#primaryimage","url":"https:\/\/www.librairieplongee.com\/fr-fr\/wp-content\/uploads\/2017\/08\/manuel-exercicies-apnee.png","contentUrl":"https:\/\/www.librairieplongee.com\/fr-fr\/wp-content\/uploads\/2017\/08\/manuel-exercicies-apnee.png","width":200,"height":280,"caption":"Manuel d'exercices pour am\u00e9liorer son apn\u00e9e"},{"@type":"BreadcrumbList","@id":"https:\/\/www.librairieplongee.com\/fr-fr\/produit\/manuel-dexercices-ameliorer-apnee\/#breadcrumb","itemListElement":[{"@type":"ListItem","position":1,"name":"Accueil","item":"https:\/\/www.librairieplongee.com\/fr-fr\/"},{"@type":"ListItem","position":2,"name":"Livres sur la plong\u00e9e et l&#8217;apn\u00e9e","item":"https:\/\/www.librairieplongee.com\/fr-fr\/"},{"@type":"ListItem","position":3,"name":"Manuel d&#8217;exercices pour am\u00e9liorer son apn\u00e9e"}]},{"@type":"WebSite","@id":"https:\/\/www.librairieplongee.com\/fr-fr\/#website","url":"https:\/\/www.librairieplongee.com\/fr-fr\/","name":"Librairie Plong\u00e9e","description":"Livres de plong\u00e9e","publisher":{"@id":"https:\/\/www.librairieplongee.com\/fr-fr\/#organization"},"potentialAction":[{"@type":"SearchAction","target":{"@type":"EntryPoint","urlTemplate":"https:\/\/www.librairieplongee.com\/fr-fr\/?s={search_term_string}"},"query-input":{"@type":"PropertyValueSpecification","valueRequired":true,"valueName":"search_term_string"}}],"inLanguage":"fr-FR"},{"@type":"Organization","@id":"https:\/\/www.librairieplongee.com\/fr-fr\/#organization","name":"Librairie Plong\u00e9e","url":"https:\/\/www.librairieplongee.com\/fr-fr\/","logo":{"@type":"ImageObject","inLanguage":"fr-FR","@id":"https:\/\/www.librairieplongee.com\/fr-fr\/#\/schema\/logo\/image\/","url":"https:\/\/www.librairieplongee.com\/fr-fr\/wp-content\/uploads\/2017\/03\/cropped-logo-librairie-plongee.png","contentUrl":"https:\/\/www.librairieplongee.com\/fr-fr\/wp-content\/uploads\/2017\/03\/cropped-logo-librairie-plongee.png","width":252,"height":110,"caption":"Librairie Plong\u00e9e"},"image":{"@id":"https:\/\/www.librairieplongee.com\/fr-fr\/#\/schema\/logo\/image\/"}}]}},"_links":{"self":[{"href":"https:\/\/www.librairieplongee.com\/fr-fr\/wp-json\/wp\/v2\/product\/1843","targetHints":{"allow":["GET"]}}],"collection":[{"href":"https:\/\/www.librairieplongee.com\/fr-fr\/wp-json\/wp\/v2\/product"}],"about":[{"href":"https:\/\/www.librairieplongee.com\/fr-fr\/wp-json\/wp\/v2\/types\/product"}],"wp:featuredmedia":[{"embeddable":true,"href":"https:\/\/www.librairieplongee.com\/fr-fr\/wp-json\/wp\/v2\/media\/1844"}],"wp:attachment":[{"href":"https:\/\/www.librairieplongee.com\/fr-fr\/wp-json\/wp\/v2\/media?parent=1843"}],"wp:term":[{"taxonomy":"product_brand","embeddable":true,"href":"https:\/\/www.librairieplongee.com\/fr-fr\/wp-json\/wp\/v2\/product_brand?post=1843"},{"taxonomy":"product_cat","embeddable":true,"href":"https:\/\/www.librairieplongee.com\/fr-fr\/wp-json\/wp\/v2\/product_cat?post=1843"},{"taxonomy":"product_tag","embeddable":true,"href":"https:\/\/www.librairieplongee.com\/fr-fr\/wp-json\/wp\/v2\/product_tag?post=1843"}],"curies":[{"name":"wp","href":"https:\/\/api.w.org\/{rel}","templated":true}]}}