{"id":1841,"date":"2017-08-14T15:33:25","date_gmt":"2017-08-14T13:33:25","guid":{"rendered":"https:\/\/www.librairieplongee.com\/fr-fr\/?post_type=product&#038;p=1841"},"modified":"2019-01-17T19:37:52","modified_gmt":"2019-01-17T18:37:52","slug":"manuel-dentrainement-a-lapnee","status":"publish","type":"product","link":"https:\/\/www.librairieplongee.com\/fr-fr\/produit\/manuel-dentrainement-a-lapnee\/","title":{"rendered":"Manuel d&rsquo;entra\u00eenement \u00e0 l&rsquo;apn\u00e9e"},"content":{"rendered":"<h3>Pr\u00e9sentation<\/h3>\n<p>Enfin le voici, le premier livre regroupant les cl\u00e9s de l\u2019entra\u00eenement en apn\u00e9e! Cet ouvrage se d\u00e9compose en 3 parties. Une premi\u00e8re partie pour mieux comprendre comment votre corps fonctionne en apn\u00e9e en lien avec l\u2019entra\u00eenement; une deuxi\u00e8me partie pour vous apprendre \u00e0 programmer vos entra\u00eenements et bien entendu progresser dans votre activit\u00e9 et enfin une derni\u00e8re partie avec tous les outils pratiques de vos entra\u00eenements et de nombreux programmes et m\u00e9thodes de la musculation \u00e0 la m\u00e9ditation pour l\u2019apn\u00e9e.<\/p>\n<h3>Sommaire<\/h3>\n<p>Pr\u00e9face de Guillaume N\u00e9ry<br \/>\nL\u2019auteur : Fr\u00e9d\u00e9ric Lema\u00eetre<br \/>\nLes principaux collaborateurs<\/p>\n<p><strong>PARTIE I &#8211; COMPRENDRE SON CORPS POUR MIEUX APPRENDRE<\/strong><br \/>\n<strong>1. Introduction<\/strong><br \/>\n<strong>2. Pr\u00e9sentation de l\u2019apn\u00e9e<\/strong><br \/>\nL\u2019organisation de l\u2019apn\u00e9e<br \/>\nLes disciplines de l\u2019apn\u00e9e<br \/>\nLes records d\u2019apn\u00e9e<br \/>\n<strong>3. L\u2019apn\u00e9e : les contraintes physiologiques<\/strong><br \/>\nConditions de pratiques<br \/>\nD\u00e9finitions<br \/>\nLe r\u00e9flexe de plong\u00e9e<br \/>\nD\u00e9finitions<br \/>\nEffets cardio-vasculaires de l\u2019apn\u00e9e<br \/>\nLes facteurs de variation du r\u00e9flexe de plong\u00e9e et de la dur\u00e9e de l\u2019apn\u00e9e<br \/>\nL\u2019apn\u00e9e en \u00ab\u00a0profondeur\u00a0\u00bb<br \/>\nLe coeur en plong\u00e9e<br \/>\nLe \u00ab\u00a0blood shift\u00a0\u00bb<br \/>\nLes \u00e9changes gazeux<br \/>\n<strong>4. Les effets attendus par l\u2019entra\u00eenement \u00e0 l\u2019apn\u00e9e<\/strong><br \/>\nApn\u00e9e statique<br \/>\nApn\u00e9es dynamiques et\/ou r\u00e9p\u00e9t\u00e9es<br \/>\nLes possibles applications<br \/>\n<strong>5. Les risques de l\u2019apn\u00e9e<\/strong><br \/>\nIntroduction<br \/>\nSamba Syncope<br \/>\nLes risques cardiaques<br \/>\nLes accidents dit \u00ab\u00a0de d\u00e9compression\u00a0\u00bb<br \/>\nLa Carpe ?<br \/>\nLes oed\u00e8mes pulmonaires<br \/>\nLes risques \u00e0 long terme ?<\/p>\n<p><strong>PARTIE II &#8211; PROGRAMMER, S\u2019ENTRA\u00ceNER ET PROGRESSER<\/strong><br \/>\n<strong>1. L\u2019analyse de l\u2019activit\u00e9 et les cl\u00e9s de l\u2019apn\u00e9e<\/strong><br \/>\nIntroduction<br \/>\nQu\u2019est-ce que s\u2019entra\u00eener \u00e0 l\u2019apn\u00e9e ?<br \/>\nQuelle d\u00e9marche suivre ?<br \/>\nL\u2019analyse<br \/>\nLes capacit\u00e9s de l\u2019apn\u00e9iste<br \/>\nL\u2019apn\u00e9e en piscine<br \/>\nApn\u00e9e statique<br \/>\nApn\u00e9e dynamique<br \/>\nL\u2019apn\u00e9e en mer<br \/>\nApn\u00e9e en poids constant<br \/>\nApn\u00e9e en poids variable<br \/>\n<strong>2. L\u2019\u00e9valuation et le suivi du sportif<\/strong><br \/>\nQuand et pourquoi ?<br \/>\nLes diff\u00e9rents tests<br \/>\n\u00c9valuation de la condition physique g\u00e9n\u00e9rale<br \/>\n\u00c9valuation sp\u00e9cifique de l\u2019apn\u00e9iste<br \/>\nL\u2019apn\u00e9iste, un \u00eatre humain comme les autres<br \/>\n<strong>3. Principes de l\u2019entra\u00eenement en apn\u00e9e<\/strong><br \/>\nLes objectifs d\u2019une planification<br \/>\nLes principes d\u2019entra\u00eenement<br \/>\nPrincipe de \u201ccharge\u201d<br \/>\nPrincipe de \u201csurcharge\u201d<br \/>\nPrincipe de \u201cprogressivit\u00e9\u201d<br \/>\nPrincipe de sp\u00e9cificit\u00e9<br \/>\nPrincipe de r\u00e9versibilit\u00e9<br \/>\nDe la planification \u00e0 la programmation<br \/>\nLe plan annuel d\u2019entra\u00eenement<br \/>\nLes microcycles<br \/>\nLa s\u00e9ance<br \/>\nOrganisation des moyens<br \/>\nLa charge de travail en apn\u00e9e ?<br \/>\nRappels sur fili\u00e8res \u00e9nerg\u00e9tiques (sans apn\u00e9e)<br \/>\nQuelles fili\u00e8res \u00e9nerg\u00e9tiques pour quels \u00ab\u00a0efforts\u00a0\u00bb en apn\u00e9e ?<br \/>\nLes diff\u00e9rents types d\u2019exercices et techniques<br \/>\nLe(s) \u00ab\u00a0protocoles\u00a0\u00bb de pr\u00e9paration<br \/>\nLe(s) \u00ab\u00a0protocoles\u00a0\u00bb de r\u00e9alisation<br \/>\n<strong>4. S\u00e9curit\u00e9 pendant l\u2019apn\u00e9e : les pi\u00e8ges \u00e0 \u00e9viter, les trucs et astuces<\/strong><br \/>\nLes principes et r\u00e8gles de base<br \/>\n\u00c0 l\u2019entra\u00eenement<br \/>\nEn piscine<br \/>\nEn mer<br \/>\nEn comp\u00e9tition<br \/>\nEn piscine<br \/>\nEn mer<br \/>\nLe POSSAV<br \/>\n<strong>5. Le mat\u00e9riel sp\u00e9cifique de chaque discipline<\/strong><br \/>\nApn\u00e9e horizontale (statique, dynamique avec<br \/>\nou sans palmes en piscine) (136)<br \/>\nLes combinaisons et le lestage<br \/>\nLes palmes ou monopalmes<br \/>\nLes masques ou lunettes<br \/>\nLes pince-nez<br \/>\nApn\u00e9e verticale (poids constant, avec ou sans palmes,<br \/>\nimmersion libre)<br \/>\nLa combinaison et le lestage<br \/>\nLes lunettes ou les \u00ab\u00a0Fluid google\u00a0\u00bb<br \/>\nLa longe<br \/>\nLes pince-nez pour la mer<br \/>\nLa bou\u00e9e et la ligne de vie<\/p>\n<p><strong>LIVRET &#8211; LES CONSEILS DE CHAMPIONS<\/strong><br \/>\nCarlos Coste : Recordman du monde d\u2019apn\u00e9e en poids variable AIDA<br \/>\n\u00ab\u00a0Bibou Coaching\u00a0\u00bb : Champion de surf et coach<br \/>\n\u00ab\u00a0Namo Mitch\u00a0\u00bb : Ancien Champion d\u2019apn\u00e9e pro-amateur<br \/>\nCyril Paulet : Coach de l\u2019\u00c9quipe de France d\u2019apn\u00e9e AIDA<br \/>\nPascal Leroy : Champion de chasse sous-marine Cal\u00e9donien<br \/>\nMorgan Bourc\u2019his : Champion du monde AIDA d\u2019apn\u00e9e en poids constant sans palme 2014, membre de l\u2019\u00c9quipe de France d\u2019apn\u00e9e AIDA<br \/>\nGuillaume N\u00e9ry : Multiple recordman du monde d\u2019apn\u00e9e en Poids Constant avec palmes, membre de l\u2019\u00c9quipe de France d\u2019apn\u00e9e AIDA<br \/>\nSara Campbell : Recordwoman du monde AIDA d\u2019apn\u00e9e en poids constant avec palmes<br \/>\nWilliam Trubridge : Recordman du monde de poids constant sans palme (-101 m\u00e8tres)<br \/>\nAndr\u00e9a Zuccari : Champion d\u2019apn\u00e9e et sp\u00e9cialiste de la compensation profond<\/p>\n<p><strong>PARTIE III &#8211; LES OUTILS EN PRATIQUE !<\/strong><br \/>\n<strong>1. Les programmes et exercices d\u2019entra\u00eenement en apn\u00e9e<\/strong><br \/>\nLa pr\u00e9paration physique pour l\u2019apn\u00e9e<br \/>\nQuelle pr\u00e9paration physique ?<br \/>\nQuelle force ?<br \/>\nLa musculation de l\u2019apn\u00e9iste<br \/>\nLes justifications techniques<br \/>\nExercices de musculation hors de l\u2019eau<br \/>\nExercices et outils de musculation dans l\u2019eau<br \/>\nLes programmes \u00ab\u00a0cardio\u00a0\u00bb<br \/>\nExercices sur appareils<br \/>\nExercices avec petits mat\u00e9riels ou sans mat\u00e9riel<br \/>\n<strong>2. Les \u00e9tirements sp\u00e9cifiques de l\u2019apn\u00e9iste<\/strong><br \/>\nD\u00e9finitions<br \/>\nLes \u00e9tirements pour la pr\u00e9paration \u00e0 l\u2019apn\u00e9e<br \/>\n<strong>3. Les techniques de compensation et la compensation profonde<\/strong><br \/>\nQuelques explications<br \/>\nLa manoeuvre de Valsalva<br \/>\nLa manoeuvre de Frenzel<br \/>\nLa manoeuvre de B\u00e9ance Tubaire Volontaire<br \/>\nLa compensation profonde : la technique du \u00ab\u00a0mouth fill\u00a0\u00bb<br \/>\n<strong>4. La nutrition de l\u2019apn\u00e9iste<\/strong><br \/>\nHygi\u00e8ne de vie et sant\u00e9<br \/>\nPrincipes de nutrition pour les sportifs<br \/>\nPrincipes de nutrition pour l\u2019apn\u00e9e<br \/>\nHydratation<br \/>\n<strong>5. Yoga, ventilation, relaxation et m\u00e9ditation pour l\u2019apn\u00e9e<\/strong><br \/>\nLe yoga<br \/>\nQuelques explications<br \/>\nLes postures<br \/>\nLa ventilation ou le contr\u00f4le du souffle<br \/>\nD\u00e9finitions<br \/>\nUn peu de physiologie respiratoire&#8230;<br \/>\nPourquoi ?<br \/>\nComment et quelle progression ?<br \/>\nLes pr\u00e9cautions<br \/>\nExemples d\u2019exercices<br \/>\nLa relaxation<br \/>\nModalit\u00e9s techniques<br \/>\nLes diff\u00e9rentes m\u00e9thodes de relaxation<br \/>\nBases physiologiques de la relaxation<br \/>\nButs, champs d\u2019applications et limites<br \/>\nQuelques exemples de relaxations<br \/>\nM\u00e9ditation ou psychologie pour apn\u00e9iste<br \/>\nQuelques explications<br \/>\nLes b\u00e9n\u00e9fices et sympt\u00f4mes<br \/>\nExemples de progression et d\u2019exercices<br \/>\n<strong>6. Les fiches d\u2019entra\u00eenement<\/strong><br \/>\nFiches exemple de s\u00e9ance en piscine<br \/>\nProgramme d\u2019entra\u00eenement sur l\u2019ann\u00e9e<br \/>\nLivret d\u2019entra\u00eenement<br \/>\n<strong>7. Conclusions<\/strong><br \/>\nBibliographie<br \/>\nRemerciements<\/p>\n<p><strong>ANNEXES<\/strong><br \/>\nAnnexe 1 &#8211; Quelques sites Internet<br \/>\nAnnexe 2 &#8211; Quelques lieux incontournables o\u00f9 pratiquer<br \/>\nAnnexe 3 &#8211; Carnet d\u2019entra\u00eenement AIDA France<br \/>\nAnnexe 4 &#8211; Les fiches de Microcycle<br \/>\nAnnexe 5 &#8211; Programme d\u2019entra\u00eenement en piscine sur 31 s\u00e9ances<br \/>\nAnnexe 6 &#8211; Programme d\u2019entra\u00eenement en piscine compl\u00e9mentaire<br \/>\nAnnexe 7 &#8211; Fiche d\u2019\u00e9vacuation du plongeur<br \/>\nAnnexe 8 &#8211; Exemple de POSSAV<br \/>\nLes photographes<\/p>\n","protected":false},"excerpt":{"rendered":"<p>Pr\u00e9sentation Enfin le voici, le premier livre regroupant les cl\u00e9s de l\u2019entra\u00eenement en apn\u00e9e! Cet ouvrage se d\u00e9compose en 3 parties. Une premi\u00e8re partie pour mieux comprendre comment votre corps fonctionne en apn\u00e9e en lien avec l\u2019entra\u00eenement; une deuxi\u00e8me partie pour vous apprendre \u00e0 programmer vos entra\u00eenements et bien entendu progresser dans votre activit\u00e9 et [&hellip;]<\/p>\n","protected":false},"featured_media":1842,"template":"","meta":{"_monsterinsights_skip_tracking":false,"_monsterinsights_sitenote_active":false,"_monsterinsights_sitenote_note":"","_monsterinsights_sitenote_category":0},"product_brand":[],"product_cat":[316],"product_tag":[],"class_list":{"0":"post-1841","1":"product","2":"type-product","3":"status-publish","4":"has-post-thumbnail","6":"product_cat-apnee","7":"pa_annee-306","8":"pa_auteurs-frederic-lemaitre","9":"pa_ean-364","10":"pa_editeur-turtleprod","11":"pa_edition-edition-1","12":"pa_hauteur-24-cm","13":"pa_largeur-16-cm","14":"pa_nbpages-425-pages","16":"first","17":"outofstock","18":"taxable","19":"shipping-taxable","20":"purchasable","21":"product-type-simple"},"yoast_head":"<!-- This site is optimized with the Yoast SEO plugin v27.5 - https:\/\/yoast.com\/product\/yoast-seo-wordpress\/ -->\n<title>Manuel d&#039;entra\u00eenement \u00e0 l&#039;apn\u00e9e - Librairie Plong\u00e9e<\/title>\n<meta name=\"robots\" content=\"index, follow, max-snippet:-1, max-image-preview:large, max-video-preview:-1\" \/>\n<link rel=\"canonical\" href=\"https:\/\/www.librairieplongee.com\/fr-fr\/produit\/manuel-dentrainement-a-lapnee\/\" \/>\n<meta property=\"og:locale\" content=\"fr_FR\" \/>\n<meta property=\"og:type\" content=\"article\" \/>\n<meta property=\"og:title\" content=\"Manuel d&#039;entra\u00eenement \u00e0 l&#039;apn\u00e9e - Librairie Plong\u00e9e\" \/>\n<meta property=\"og:description\" content=\"Pr\u00e9sentation Enfin le voici, le premier livre regroupant les cl\u00e9s de l\u2019entra\u00eenement en apn\u00e9e! Cet ouvrage se d\u00e9compose en 3 parties. Une premi\u00e8re partie pour mieux comprendre comment votre corps fonctionne en apn\u00e9e en lien avec l\u2019entra\u00eenement; une deuxi\u00e8me partie pour vous apprendre \u00e0 programmer vos entra\u00eenements et bien entendu progresser dans votre activit\u00e9 et [&hellip;]\" \/>\n<meta property=\"og:url\" content=\"https:\/\/www.librairieplongee.com\/fr-fr\/produit\/manuel-dentrainement-a-lapnee\/\" \/>\n<meta property=\"og:site_name\" content=\"Librairie Plong\u00e9e\" \/>\n<meta property=\"article:modified_time\" content=\"2019-01-17T18:37:52+00:00\" \/>\n<meta property=\"og:image\" content=\"https:\/\/www.librairieplongee.com\/fr-fr\/wp-content\/uploads\/2017\/08\/manuel-entrainement-apnee.png\" \/>\n\t<meta property=\"og:image:width\" content=\"200\" \/>\n\t<meta property=\"og:image:height\" content=\"300\" \/>\n\t<meta property=\"og:image:type\" content=\"image\/png\" \/>\n<meta name=\"twitter:card\" content=\"summary_large_image\" \/>\n<meta name=\"twitter:label1\" content=\"Dur\u00e9e de lecture estim\u00e9e\" \/>\n\t<meta name=\"twitter:data1\" content=\"5 minutes\" \/>\n<script type=\"application\/ld+json\" class=\"yoast-schema-graph\">{\"@context\":\"https:\\\/\\\/schema.org\",\"@graph\":[{\"@type\":\"WebPage\",\"@id\":\"https:\\\/\\\/www.librairieplongee.com\\\/fr-fr\\\/produit\\\/manuel-dentrainement-a-lapnee\\\/\",\"url\":\"https:\\\/\\\/www.librairieplongee.com\\\/fr-fr\\\/produit\\\/manuel-dentrainement-a-lapnee\\\/\",\"name\":\"Manuel d'entra\u00eenement \u00e0 l'apn\u00e9e - Librairie Plong\u00e9e\",\"isPartOf\":{\"@id\":\"https:\\\/\\\/www.librairieplongee.com\\\/fr-fr\\\/#website\"},\"primaryImageOfPage\":{\"@id\":\"https:\\\/\\\/www.librairieplongee.com\\\/fr-fr\\\/produit\\\/manuel-dentrainement-a-lapnee\\\/#primaryimage\"},\"image\":{\"@id\":\"https:\\\/\\\/www.librairieplongee.com\\\/fr-fr\\\/produit\\\/manuel-dentrainement-a-lapnee\\\/#primaryimage\"},\"thumbnailUrl\":\"https:\\\/\\\/www.librairieplongee.com\\\/fr-fr\\\/wp-content\\\/uploads\\\/2017\\\/08\\\/manuel-entrainement-apnee.png\",\"datePublished\":\"2017-08-14T13:33:25+00:00\",\"dateModified\":\"2019-01-17T18:37:52+00:00\",\"breadcrumb\":{\"@id\":\"https:\\\/\\\/www.librairieplongee.com\\\/fr-fr\\\/produit\\\/manuel-dentrainement-a-lapnee\\\/#breadcrumb\"},\"inLanguage\":\"fr-FR\",\"potentialAction\":[{\"@type\":\"ReadAction\",\"target\":[\"https:\\\/\\\/www.librairieplongee.com\\\/fr-fr\\\/produit\\\/manuel-dentrainement-a-lapnee\\\/\"]}]},{\"@type\":\"ImageObject\",\"inLanguage\":\"fr-FR\",\"@id\":\"https:\\\/\\\/www.librairieplongee.com\\\/fr-fr\\\/produit\\\/manuel-dentrainement-a-lapnee\\\/#primaryimage\",\"url\":\"https:\\\/\\\/www.librairieplongee.com\\\/fr-fr\\\/wp-content\\\/uploads\\\/2017\\\/08\\\/manuel-entrainement-apnee.png\",\"contentUrl\":\"https:\\\/\\\/www.librairieplongee.com\\\/fr-fr\\\/wp-content\\\/uploads\\\/2017\\\/08\\\/manuel-entrainement-apnee.png\",\"width\":200,\"height\":300,\"caption\":\"Manuel d'entra\u00eenement \u00e0 l'apn\u00e9e\"},{\"@type\":\"BreadcrumbList\",\"@id\":\"https:\\\/\\\/www.librairieplongee.com\\\/fr-fr\\\/produit\\\/manuel-dentrainement-a-lapnee\\\/#breadcrumb\",\"itemListElement\":[{\"@type\":\"ListItem\",\"position\":1,\"name\":\"Accueil\",\"item\":\"https:\\\/\\\/www.librairieplongee.com\\\/fr-fr\\\/\"},{\"@type\":\"ListItem\",\"position\":2,\"name\":\"Livres sur la plong\u00e9e et l&#8217;apn\u00e9e\",\"item\":\"https:\\\/\\\/www.librairieplongee.com\\\/fr-fr\\\/\"},{\"@type\":\"ListItem\",\"position\":3,\"name\":\"Manuel d&#8217;entra\u00eenement \u00e0 l&#8217;apn\u00e9e\"}]},{\"@type\":\"WebSite\",\"@id\":\"https:\\\/\\\/www.librairieplongee.com\\\/fr-fr\\\/#website\",\"url\":\"https:\\\/\\\/www.librairieplongee.com\\\/fr-fr\\\/\",\"name\":\"Librairie Plong\u00e9e\",\"description\":\"Livres de plong\u00e9e\",\"publisher\":{\"@id\":\"https:\\\/\\\/www.librairieplongee.com\\\/fr-fr\\\/#organization\"},\"potentialAction\":[{\"@type\":\"SearchAction\",\"target\":{\"@type\":\"EntryPoint\",\"urlTemplate\":\"https:\\\/\\\/www.librairieplongee.com\\\/fr-fr\\\/?s={search_term_string}\"},\"query-input\":{\"@type\":\"PropertyValueSpecification\",\"valueRequired\":true,\"valueName\":\"search_term_string\"}}],\"inLanguage\":\"fr-FR\"},{\"@type\":\"Organization\",\"@id\":\"https:\\\/\\\/www.librairieplongee.com\\\/fr-fr\\\/#organization\",\"name\":\"Librairie Plong\u00e9e\",\"url\":\"https:\\\/\\\/www.librairieplongee.com\\\/fr-fr\\\/\",\"logo\":{\"@type\":\"ImageObject\",\"inLanguage\":\"fr-FR\",\"@id\":\"https:\\\/\\\/www.librairieplongee.com\\\/fr-fr\\\/#\\\/schema\\\/logo\\\/image\\\/\",\"url\":\"https:\\\/\\\/www.librairieplongee.com\\\/fr-fr\\\/wp-content\\\/uploads\\\/2017\\\/03\\\/cropped-logo-librairie-plongee.png\",\"contentUrl\":\"https:\\\/\\\/www.librairieplongee.com\\\/fr-fr\\\/wp-content\\\/uploads\\\/2017\\\/03\\\/cropped-logo-librairie-plongee.png\",\"width\":252,\"height\":110,\"caption\":\"Librairie Plong\u00e9e\"},\"image\":{\"@id\":\"https:\\\/\\\/www.librairieplongee.com\\\/fr-fr\\\/#\\\/schema\\\/logo\\\/image\\\/\"}}]}<\/script>\n<!-- \/ Yoast SEO plugin. -->","yoast_head_json":{"title":"Manuel d'entra\u00eenement \u00e0 l'apn\u00e9e - Librairie Plong\u00e9e","robots":{"index":"index","follow":"follow","max-snippet":"max-snippet:-1","max-image-preview":"max-image-preview:large","max-video-preview":"max-video-preview:-1"},"canonical":"https:\/\/www.librairieplongee.com\/fr-fr\/produit\/manuel-dentrainement-a-lapnee\/","og_locale":"fr_FR","og_type":"article","og_title":"Manuel d'entra\u00eenement \u00e0 l'apn\u00e9e - Librairie Plong\u00e9e","og_description":"Pr\u00e9sentation Enfin le voici, le premier livre regroupant les cl\u00e9s de l\u2019entra\u00eenement en apn\u00e9e! Cet ouvrage se d\u00e9compose en 3 parties. Une premi\u00e8re partie pour mieux comprendre comment votre corps fonctionne en apn\u00e9e en lien avec l\u2019entra\u00eenement; une deuxi\u00e8me partie pour vous apprendre \u00e0 programmer vos entra\u00eenements et bien entendu progresser dans votre activit\u00e9 et [&hellip;]","og_url":"https:\/\/www.librairieplongee.com\/fr-fr\/produit\/manuel-dentrainement-a-lapnee\/","og_site_name":"Librairie Plong\u00e9e","article_modified_time":"2019-01-17T18:37:52+00:00","og_image":[{"width":200,"height":300,"url":"https:\/\/www.librairieplongee.com\/fr-fr\/wp-content\/uploads\/2017\/08\/manuel-entrainement-apnee.png","type":"image\/png"}],"twitter_card":"summary_large_image","twitter_misc":{"Dur\u00e9e de lecture estim\u00e9e":"5 minutes"},"schema":{"@context":"https:\/\/schema.org","@graph":[{"@type":"WebPage","@id":"https:\/\/www.librairieplongee.com\/fr-fr\/produit\/manuel-dentrainement-a-lapnee\/","url":"https:\/\/www.librairieplongee.com\/fr-fr\/produit\/manuel-dentrainement-a-lapnee\/","name":"Manuel d'entra\u00eenement \u00e0 l'apn\u00e9e - Librairie Plong\u00e9e","isPartOf":{"@id":"https:\/\/www.librairieplongee.com\/fr-fr\/#website"},"primaryImageOfPage":{"@id":"https:\/\/www.librairieplongee.com\/fr-fr\/produit\/manuel-dentrainement-a-lapnee\/#primaryimage"},"image":{"@id":"https:\/\/www.librairieplongee.com\/fr-fr\/produit\/manuel-dentrainement-a-lapnee\/#primaryimage"},"thumbnailUrl":"https:\/\/www.librairieplongee.com\/fr-fr\/wp-content\/uploads\/2017\/08\/manuel-entrainement-apnee.png","datePublished":"2017-08-14T13:33:25+00:00","dateModified":"2019-01-17T18:37:52+00:00","breadcrumb":{"@id":"https:\/\/www.librairieplongee.com\/fr-fr\/produit\/manuel-dentrainement-a-lapnee\/#breadcrumb"},"inLanguage":"fr-FR","potentialAction":[{"@type":"ReadAction","target":["https:\/\/www.librairieplongee.com\/fr-fr\/produit\/manuel-dentrainement-a-lapnee\/"]}]},{"@type":"ImageObject","inLanguage":"fr-FR","@id":"https:\/\/www.librairieplongee.com\/fr-fr\/produit\/manuel-dentrainement-a-lapnee\/#primaryimage","url":"https:\/\/www.librairieplongee.com\/fr-fr\/wp-content\/uploads\/2017\/08\/manuel-entrainement-apnee.png","contentUrl":"https:\/\/www.librairieplongee.com\/fr-fr\/wp-content\/uploads\/2017\/08\/manuel-entrainement-apnee.png","width":200,"height":300,"caption":"Manuel d'entra\u00eenement \u00e0 l'apn\u00e9e"},{"@type":"BreadcrumbList","@id":"https:\/\/www.librairieplongee.com\/fr-fr\/produit\/manuel-dentrainement-a-lapnee\/#breadcrumb","itemListElement":[{"@type":"ListItem","position":1,"name":"Accueil","item":"https:\/\/www.librairieplongee.com\/fr-fr\/"},{"@type":"ListItem","position":2,"name":"Livres sur la plong\u00e9e et l&#8217;apn\u00e9e","item":"https:\/\/www.librairieplongee.com\/fr-fr\/"},{"@type":"ListItem","position":3,"name":"Manuel d&#8217;entra\u00eenement \u00e0 l&#8217;apn\u00e9e"}]},{"@type":"WebSite","@id":"https:\/\/www.librairieplongee.com\/fr-fr\/#website","url":"https:\/\/www.librairieplongee.com\/fr-fr\/","name":"Librairie Plong\u00e9e","description":"Livres de plong\u00e9e","publisher":{"@id":"https:\/\/www.librairieplongee.com\/fr-fr\/#organization"},"potentialAction":[{"@type":"SearchAction","target":{"@type":"EntryPoint","urlTemplate":"https:\/\/www.librairieplongee.com\/fr-fr\/?s={search_term_string}"},"query-input":{"@type":"PropertyValueSpecification","valueRequired":true,"valueName":"search_term_string"}}],"inLanguage":"fr-FR"},{"@type":"Organization","@id":"https:\/\/www.librairieplongee.com\/fr-fr\/#organization","name":"Librairie Plong\u00e9e","url":"https:\/\/www.librairieplongee.com\/fr-fr\/","logo":{"@type":"ImageObject","inLanguage":"fr-FR","@id":"https:\/\/www.librairieplongee.com\/fr-fr\/#\/schema\/logo\/image\/","url":"https:\/\/www.librairieplongee.com\/fr-fr\/wp-content\/uploads\/2017\/03\/cropped-logo-librairie-plongee.png","contentUrl":"https:\/\/www.librairieplongee.com\/fr-fr\/wp-content\/uploads\/2017\/03\/cropped-logo-librairie-plongee.png","width":252,"height":110,"caption":"Librairie Plong\u00e9e"},"image":{"@id":"https:\/\/www.librairieplongee.com\/fr-fr\/#\/schema\/logo\/image\/"}}]}},"_links":{"self":[{"href":"https:\/\/www.librairieplongee.com\/fr-fr\/wp-json\/wp\/v2\/product\/1841","targetHints":{"allow":["GET"]}}],"collection":[{"href":"https:\/\/www.librairieplongee.com\/fr-fr\/wp-json\/wp\/v2\/product"}],"about":[{"href":"https:\/\/www.librairieplongee.com\/fr-fr\/wp-json\/wp\/v2\/types\/product"}],"wp:featuredmedia":[{"embeddable":true,"href":"https:\/\/www.librairieplongee.com\/fr-fr\/wp-json\/wp\/v2\/media\/1842"}],"wp:attachment":[{"href":"https:\/\/www.librairieplongee.com\/fr-fr\/wp-json\/wp\/v2\/media?parent=1841"}],"wp:term":[{"taxonomy":"product_brand","embeddable":true,"href":"https:\/\/www.librairieplongee.com\/fr-fr\/wp-json\/wp\/v2\/product_brand?post=1841"},{"taxonomy":"product_cat","embeddable":true,"href":"https:\/\/www.librairieplongee.com\/fr-fr\/wp-json\/wp\/v2\/product_cat?post=1841"},{"taxonomy":"product_tag","embeddable":true,"href":"https:\/\/www.librairieplongee.com\/fr-fr\/wp-json\/wp\/v2\/product_tag?post=1841"}],"curies":[{"name":"wp","href":"https:\/\/api.w.org\/{rel}","templated":true}]}}