{"id":1839,"date":"2017-08-14T15:23:29","date_gmt":"2017-08-14T13:23:29","guid":{"rendered":"https:\/\/www.librairieplongee.com\/fr-fr\/?post_type=product&#038;p=1839"},"modified":"2017-10-02T09:43:51","modified_gmt":"2017-10-02T07:43:51","slug":"1839","status":"publish","type":"product","link":"https:\/\/www.librairieplongee.com\/fr-fr\/produit\/1839\/","title":{"rendered":"Le monde de l&rsquo;apn\u00e9e"},"content":{"rendered":"<h3>Pr\u00e9sentation<\/h3>\n<p>Ce livre, fruit de plusieurs ann\u00e9es de travail et d\u2019innombrables rencontres, n\u2019a d\u2019autre ambition que de faire d\u00e9couvrir au plus grand nombre un monde merveilleux, celui de l\u2019apn\u00e9e.<br \/>\nDepuis l\u2019Antiquit\u00e9, l\u2019Homme n\u2019a cess\u00e9 d\u2019effectuer des incursions sousmarines. Faute d\u2019\u00e9quipement, il lui a fallu vaincre ses peurs et \u00ab franchir le miroir \u00bb, que l\u2019on soup\u00e7onnait \u00e0 l\u2019\u00e9poque peupl\u00e9 de monstres. En Asie, les Amas au Japon, ou les Haenyo en Cor\u00e9e assuraient la subsistance de leurs familles en ramenant ormeaux, algues et perles. De Raimondo Bucher, qui, dans les ann\u00e9es 50, lestait son arbal\u00e8te sous-marine pour pouvoir descendre plus facilement, \u00e0 Herbert Nitsch, qui met en oeuvre une technologie quasiment spatiale, d\u2019innombrables champions se mesurent encore lors des championnats organis\u00e9s par AIDA (Association Internationale pour le D\u00e9veloppement de l\u2019Apn\u00e9e) ou la FFESSM (F\u00e9d\u00e9ration Fran\u00e7aise d\u2019Etudes et de Sports Sous-Marins) dans diverses sp\u00e9cialit\u00e9s : statique, dynamique, poids constant, immersion libre, poids variable, le No-Limit restant une discipline d\u2019exception. Vous trouverez dans ces pages le portrait d\u2019une vingtaine d\u2019entre eux, ainsi que de nombreuses interviews de personnalit\u00e9s qui ont accept\u00e9 de nous confier leur t\u00e9moignage.<br \/>\nDe nos jours, l\u2019apn\u00e9e est devenue un ph\u00e9nom\u00e8ne qui rev\u00eat les aspects les plus divers, depuis l\u2019apn\u00e9e-plaisir \u00e0 travers le snorkeling et les sentiers sous-marins, ou le sport avec la p\u00eache sous-marine, le tir sur cible, le hockey subaquatique, ou la comp\u00e9tition. Si l\u2019aventure vous tente, de nombreuses structures professionnelles vous attendent, et un chapitre est consacr\u00e9 \u00e0 la formation sous ses diff\u00e9rentes facettes.<br \/>\nEnfin, en guise de conclusion, nous partirons r\u00eaver en compagnie des meilleurs apn\u00e9istes qui soient : les C\u00e9tac\u00e9s. Outre leur popularit\u00e9 m\u00e9diatique, leurs performances n\u2019ont pas fini d\u2019enflammer notre imaginaire.<br \/>\nBienvenue dans un monde magique, o\u00f9 le ma\u00eetre-mot est : Plaisir\u2026<\/p>\n<h3>Sommaire<\/h3>\n<p><strong>REMERCIEMENTS<br \/>\nPR\u00c9FACE<br \/>\nPR\u00c9AMBULE<\/strong><\/p>\n<p><strong>L\u2019HISTOIRE DE L\u2019APN\u00c9E<br \/>\nLES B\u00c9B\u00c9S NAGEURS<br \/>\nL\u2019APN\u00c9E, UN LOISIR, UNE PASSION, UNE PHILOSOPHIE<\/strong><br \/>\n<strong>LE POINT DE VUE DU M\u00c9DECIN<\/strong><br \/>\n<strong>LA PHYSIOLOGIE DE L\u2019APN\u00c9E<\/strong><\/p>\n<p><strong>COMMENT FRANCHIR LE MIROIR<\/strong><br \/>\n\u2022 La gestion de l\u2019effort<br \/>\n\u2022 La flottabilit\u00e9, \u00ab un atout \u00e0 ma\u00eetriser \u00bb<br \/>\n\u2022 L\u2019hydrodynamisme ou le frein de la t\u00eate<br \/>\n\u2022 Les clefs d\u2019un canard efficace<br \/>\n\u2022 Le palmage<br \/>\n\u2022 La pr\u00e9paration de son apn\u00e9e<br \/>\n\u2022 Le mental et l\u2019apn\u00e9e<br \/>\n\u2022 L\u2019envie de respirer, amie ou ennemie ?<br \/>\n\u2022 Quels objectifs chiffr\u00e9s esp\u00e9rer avec cette m\u00e9thode ?<br \/>\n\u2022 La compensation<\/p>\n<p><strong>LA S\u00c9CURIT\u00c9 EN APN\u00c9E<\/strong><br \/>\nLa syncope<\/p>\n<p><strong>LE MAT\u00c9RIEL<\/strong><br \/>\nComment choisir son \u00e9quipement ?<\/p>\n<p><strong>LES CHAMPIONNATS<\/strong><br \/>\n\u2022 AIDA<br \/>\n\u2022 FFESSM<\/p>\n<p><strong>LES DISCIPLINES DE COMP\u00c9TITION<\/strong><br \/>\n\u2022 De piscine :<br \/>\n&#8211; L\u2019apn\u00e9e statique<br \/>\n&#8211; L\u2019apn\u00e9e dynamique<br \/>\n\u2022 De profondeur :<br \/>\n&#8211; L\u2019immersion libre<br \/>\n&#8211; Le poids constant<br \/>\n&#8211; Le poids variable<br \/>\n&#8211; Le Jump Blue<\/p>\n<p><strong>LE NO-LIMIT<\/strong><\/p>\n<p><strong>UN DEMI-SI\u00c8CLE DE CHAMPIONS<\/strong><br \/>\n\u2022 Hommage \u00e0 Cyril Isoardi<br \/>\n\u2022 Lo\u00efc Leferme<br \/>\n\u2022 Aurore Asso<br \/>\n\u2022 Morgan Bourc\u2019his<br \/>\n\u2022 Fred Buyle<br \/>\n\u2022 Claude Chapuis<br \/>\n\u2022 Carlos Coste<br \/>\n\u2022 Pierre Frolla<br \/>\n\u2022 Enzo Ma\u00eforca<br \/>\n\u2022 Jacques Mayol<br \/>\n\u2022 St\u00e9phane Mifsud<br \/>\n\u2022 Alice Modolo<br \/>\n\u2022 Alexey Molchanov<br \/>\n\u2022 Natalia Molchanova<br \/>\n\u2022 Guillaume N\u00e9ry<br \/>\n\u2022 Herbert Nitsch<br \/>\n\u2022 Umberto Pelizzari<br \/>\n\u2022 Martin Stepanek<br \/>\n\u2022 Tanya Streeter<br \/>\n\u2022 Yoram Zekkri<br \/>\n\u2022 Sans oublier<br \/>\n\u2022 Quelques mots d\u2019apn\u00e9e<\/p>\n<p><strong>L\u2019APN\u00c9E, UN SPORT<\/strong><br \/>\n\u2022 La p\u00eache sous-marine<br \/>\n\u2022 Le hockey subaquatique<br \/>\n\u2022 Le tir sur cible<\/p>\n<p><strong>L\u2019APN\u00c9E EN CLUB<\/strong><br \/>\n\u2022 Un club de r\u00e9f\u00e9rence : le CIPA de Nice<br \/>\n\u2022 Un club de \u00ab l\u2019int\u00e9rieur \u00bb : Corail Sub Moulins<br \/>\n\u2022 Un club de M\u00e9diterran\u00e9e : Espace Mer \u00e0 Giens (83)<\/p>\n<p><strong>L\u2019APN\u00c9E, UN LOISIR AVANT TOUT<\/strong><br \/>\n\u2022 La randonn\u00e9e subaquatique<br \/>\n\u2022 Une croisi\u00e8re en mer Rouge \u00e0 la rencontre des dauphins<br \/>\n\u2022 Les sentiers sous-marins<br \/>\n\u2022 La photo subaquatique en apn\u00e9e<\/p>\n<p><strong>LES ANIMAUX ET L\u2019APN\u00c9E<\/strong><br \/>\n\u2022 Le Whale Watching<br \/>\n\u2022 Les C\u00e9tac\u00e9s<br \/>\n&#8211; Les Mystic\u00e8tes (C\u00e9tac\u00e9s \u00e0 fanons) : baleine bleue, rorqual commun, m\u00e9gapt\u00e8re<br \/>\n&#8211; Les Odontoc\u00e8tes (C\u00e9tac\u00e9s \u00e0 dents) : dauphins, globic\u00e9phales<\/p>\n<p><strong>GLOSSAIRE<br \/>\nBIBLIOGRAPHIE<br \/>\nMAKING OF ET REMERCIEMENTS<\/strong><\/p>\n","protected":false},"excerpt":{"rendered":"<p>Pr\u00e9sentation Ce livre, fruit de plusieurs ann\u00e9es de travail et d\u2019innombrables rencontres, n\u2019a d\u2019autre ambition que de faire d\u00e9couvrir au plus grand nombre un monde merveilleux, celui de l\u2019apn\u00e9e. Depuis l\u2019Antiquit\u00e9, l\u2019Homme n\u2019a cess\u00e9 d\u2019effectuer des incursions sousmarines. Faute d\u2019\u00e9quipement, il lui a fallu vaincre ses peurs et \u00ab franchir le miroir \u00bb, que l\u2019on [&hellip;]<\/p>\n","protected":false},"featured_media":1840,"template":"","meta":{"_monsterinsights_skip_tracking":false,"_monsterinsights_sitenote_active":false,"_monsterinsights_sitenote_note":"","_monsterinsights_sitenote_category":0},"product_brand":[],"product_cat":[316],"product_tag":[],"class_list":{"0":"post-1839","1":"product","2":"type-product","3":"status-publish","4":"has-post-thumbnail","6":"product_cat-apnee","7":"pa_annee-306","8":"pa_auteurs-alain-ponchon","9":"pa_auteurs-philippe-joachim","10":"pa_ean-360","11":"pa_editeur-editions-gap","12":"pa_edition-edition-1","13":"pa_hauteur-309","14":"pa_largeur-310","15":"pa_nbpages-142","17":"first","18":"instock","19":"taxable","20":"shipping-taxable","21":"purchasable","22":"product-type-simple"},"yoast_head":"<!-- This site is optimized with the Yoast SEO plugin v27.4 - https:\/\/yoast.com\/product\/yoast-seo-wordpress\/ -->\n<title>Le monde de l&#039;apn\u00e9e - Librairie Plong\u00e9e<\/title>\n<meta name=\"robots\" content=\"index, follow, max-snippet:-1, max-image-preview:large, max-video-preview:-1\" \/>\n<link rel=\"canonical\" href=\"https:\/\/www.librairieplongee.com\/fr-fr\/produit\/1839\/\" \/>\n<meta property=\"og:locale\" content=\"fr_FR\" \/>\n<meta property=\"og:type\" content=\"article\" \/>\n<meta property=\"og:title\" content=\"Le monde de l&#039;apn\u00e9e - Librairie Plong\u00e9e\" \/>\n<meta property=\"og:description\" content=\"Pr\u00e9sentation Ce livre, fruit de plusieurs ann\u00e9es de travail et d\u2019innombrables rencontres, n\u2019a d\u2019autre ambition que de faire d\u00e9couvrir au plus grand nombre un monde merveilleux, celui de l\u2019apn\u00e9e. Depuis l\u2019Antiquit\u00e9, l\u2019Homme n\u2019a cess\u00e9 d\u2019effectuer des incursions sousmarines. Faute d\u2019\u00e9quipement, il lui a fallu vaincre ses peurs et \u00ab franchir le miroir \u00bb, que l\u2019on [&hellip;]\" \/>\n<meta property=\"og:url\" content=\"https:\/\/www.librairieplongee.com\/fr-fr\/produit\/1839\/\" \/>\n<meta property=\"og:site_name\" content=\"Librairie Plong\u00e9e\" \/>\n<meta property=\"article:modified_time\" content=\"2017-10-02T07:43:51+00:00\" \/>\n<meta property=\"og:image\" content=\"https:\/\/www.librairieplongee.com\/fr-fr\/wp-content\/uploads\/2017\/08\/le-monde-de-l-apnee.png\" \/>\n\t<meta property=\"og:image:width\" content=\"200\" \/>\n\t<meta property=\"og:image:height\" content=\"293\" \/>\n\t<meta property=\"og:image:type\" content=\"image\/png\" \/>\n<meta name=\"twitter:card\" content=\"summary_large_image\" \/>\n<meta name=\"twitter:label1\" content=\"Dur\u00e9e de lecture estim\u00e9e\" \/>\n\t<meta name=\"twitter:data1\" content=\"3 minutes\" \/>\n<script type=\"application\/ld+json\" class=\"yoast-schema-graph\">{\"@context\":\"https:\\\/\\\/schema.org\",\"@graph\":[{\"@type\":\"WebPage\",\"@id\":\"https:\\\/\\\/www.librairieplongee.com\\\/fr-fr\\\/produit\\\/1839\\\/\",\"url\":\"https:\\\/\\\/www.librairieplongee.com\\\/fr-fr\\\/produit\\\/1839\\\/\",\"name\":\"Le monde de l'apn\u00e9e - Librairie Plong\u00e9e\",\"isPartOf\":{\"@id\":\"https:\\\/\\\/www.librairieplongee.com\\\/fr-fr\\\/#website\"},\"primaryImageOfPage\":{\"@id\":\"https:\\\/\\\/www.librairieplongee.com\\\/fr-fr\\\/produit\\\/1839\\\/#primaryimage\"},\"image\":{\"@id\":\"https:\\\/\\\/www.librairieplongee.com\\\/fr-fr\\\/produit\\\/1839\\\/#primaryimage\"},\"thumbnailUrl\":\"https:\\\/\\\/www.librairieplongee.com\\\/fr-fr\\\/wp-content\\\/uploads\\\/2017\\\/08\\\/le-monde-de-l-apnee.png\",\"datePublished\":\"2017-08-14T13:23:29+00:00\",\"dateModified\":\"2017-10-02T07:43:51+00:00\",\"breadcrumb\":{\"@id\":\"https:\\\/\\\/www.librairieplongee.com\\\/fr-fr\\\/produit\\\/1839\\\/#breadcrumb\"},\"inLanguage\":\"fr-FR\",\"potentialAction\":[{\"@type\":\"ReadAction\",\"target\":[\"https:\\\/\\\/www.librairieplongee.com\\\/fr-fr\\\/produit\\\/1839\\\/\"]}]},{\"@type\":\"ImageObject\",\"inLanguage\":\"fr-FR\",\"@id\":\"https:\\\/\\\/www.librairieplongee.com\\\/fr-fr\\\/produit\\\/1839\\\/#primaryimage\",\"url\":\"https:\\\/\\\/www.librairieplongee.com\\\/fr-fr\\\/wp-content\\\/uploads\\\/2017\\\/08\\\/le-monde-de-l-apnee.png\",\"contentUrl\":\"https:\\\/\\\/www.librairieplongee.com\\\/fr-fr\\\/wp-content\\\/uploads\\\/2017\\\/08\\\/le-monde-de-l-apnee.png\",\"width\":200,\"height\":293,\"caption\":\"Le monde de l'apn\u00e9e\"},{\"@type\":\"BreadcrumbList\",\"@id\":\"https:\\\/\\\/www.librairieplongee.com\\\/fr-fr\\\/produit\\\/1839\\\/#breadcrumb\",\"itemListElement\":[{\"@type\":\"ListItem\",\"position\":1,\"name\":\"Accueil\",\"item\":\"https:\\\/\\\/www.librairieplongee.com\\\/fr-fr\\\/\"},{\"@type\":\"ListItem\",\"position\":2,\"name\":\"Livres sur la plong\u00e9e et l&#8217;apn\u00e9e\",\"item\":\"https:\\\/\\\/www.librairieplongee.com\\\/fr-fr\\\/\"},{\"@type\":\"ListItem\",\"position\":3,\"name\":\"Le monde de l&#8217;apn\u00e9e\"}]},{\"@type\":\"WebSite\",\"@id\":\"https:\\\/\\\/www.librairieplongee.com\\\/fr-fr\\\/#website\",\"url\":\"https:\\\/\\\/www.librairieplongee.com\\\/fr-fr\\\/\",\"name\":\"Librairie Plong\u00e9e\",\"description\":\"Livres de plong\u00e9e\",\"publisher\":{\"@id\":\"https:\\\/\\\/www.librairieplongee.com\\\/fr-fr\\\/#organization\"},\"potentialAction\":[{\"@type\":\"SearchAction\",\"target\":{\"@type\":\"EntryPoint\",\"urlTemplate\":\"https:\\\/\\\/www.librairieplongee.com\\\/fr-fr\\\/?s={search_term_string}\"},\"query-input\":{\"@type\":\"PropertyValueSpecification\",\"valueRequired\":true,\"valueName\":\"search_term_string\"}}],\"inLanguage\":\"fr-FR\"},{\"@type\":\"Organization\",\"@id\":\"https:\\\/\\\/www.librairieplongee.com\\\/fr-fr\\\/#organization\",\"name\":\"Librairie Plong\u00e9e\",\"url\":\"https:\\\/\\\/www.librairieplongee.com\\\/fr-fr\\\/\",\"logo\":{\"@type\":\"ImageObject\",\"inLanguage\":\"fr-FR\",\"@id\":\"https:\\\/\\\/www.librairieplongee.com\\\/fr-fr\\\/#\\\/schema\\\/logo\\\/image\\\/\",\"url\":\"https:\\\/\\\/www.librairieplongee.com\\\/fr-fr\\\/wp-content\\\/uploads\\\/2017\\\/03\\\/cropped-logo-librairie-plongee.png\",\"contentUrl\":\"https:\\\/\\\/www.librairieplongee.com\\\/fr-fr\\\/wp-content\\\/uploads\\\/2017\\\/03\\\/cropped-logo-librairie-plongee.png\",\"width\":252,\"height\":110,\"caption\":\"Librairie Plong\u00e9e\"},\"image\":{\"@id\":\"https:\\\/\\\/www.librairieplongee.com\\\/fr-fr\\\/#\\\/schema\\\/logo\\\/image\\\/\"}}]}<\/script>\n<!-- \/ Yoast SEO plugin. -->","yoast_head_json":{"title":"Le monde de l'apn\u00e9e - Librairie Plong\u00e9e","robots":{"index":"index","follow":"follow","max-snippet":"max-snippet:-1","max-image-preview":"max-image-preview:large","max-video-preview":"max-video-preview:-1"},"canonical":"https:\/\/www.librairieplongee.com\/fr-fr\/produit\/1839\/","og_locale":"fr_FR","og_type":"article","og_title":"Le monde de l'apn\u00e9e - Librairie Plong\u00e9e","og_description":"Pr\u00e9sentation Ce livre, fruit de plusieurs ann\u00e9es de travail et d\u2019innombrables rencontres, n\u2019a d\u2019autre ambition que de faire d\u00e9couvrir au plus grand nombre un monde merveilleux, celui de l\u2019apn\u00e9e. Depuis l\u2019Antiquit\u00e9, l\u2019Homme n\u2019a cess\u00e9 d\u2019effectuer des incursions sousmarines. Faute d\u2019\u00e9quipement, il lui a fallu vaincre ses peurs et \u00ab franchir le miroir \u00bb, que l\u2019on [&hellip;]","og_url":"https:\/\/www.librairieplongee.com\/fr-fr\/produit\/1839\/","og_site_name":"Librairie Plong\u00e9e","article_modified_time":"2017-10-02T07:43:51+00:00","og_image":[{"width":200,"height":293,"url":"https:\/\/www.librairieplongee.com\/fr-fr\/wp-content\/uploads\/2017\/08\/le-monde-de-l-apnee.png","type":"image\/png"}],"twitter_card":"summary_large_image","twitter_misc":{"Dur\u00e9e de lecture estim\u00e9e":"3 minutes"},"schema":{"@context":"https:\/\/schema.org","@graph":[{"@type":"WebPage","@id":"https:\/\/www.librairieplongee.com\/fr-fr\/produit\/1839\/","url":"https:\/\/www.librairieplongee.com\/fr-fr\/produit\/1839\/","name":"Le monde de l'apn\u00e9e - Librairie Plong\u00e9e","isPartOf":{"@id":"https:\/\/www.librairieplongee.com\/fr-fr\/#website"},"primaryImageOfPage":{"@id":"https:\/\/www.librairieplongee.com\/fr-fr\/produit\/1839\/#primaryimage"},"image":{"@id":"https:\/\/www.librairieplongee.com\/fr-fr\/produit\/1839\/#primaryimage"},"thumbnailUrl":"https:\/\/www.librairieplongee.com\/fr-fr\/wp-content\/uploads\/2017\/08\/le-monde-de-l-apnee.png","datePublished":"2017-08-14T13:23:29+00:00","dateModified":"2017-10-02T07:43:51+00:00","breadcrumb":{"@id":"https:\/\/www.librairieplongee.com\/fr-fr\/produit\/1839\/#breadcrumb"},"inLanguage":"fr-FR","potentialAction":[{"@type":"ReadAction","target":["https:\/\/www.librairieplongee.com\/fr-fr\/produit\/1839\/"]}]},{"@type":"ImageObject","inLanguage":"fr-FR","@id":"https:\/\/www.librairieplongee.com\/fr-fr\/produit\/1839\/#primaryimage","url":"https:\/\/www.librairieplongee.com\/fr-fr\/wp-content\/uploads\/2017\/08\/le-monde-de-l-apnee.png","contentUrl":"https:\/\/www.librairieplongee.com\/fr-fr\/wp-content\/uploads\/2017\/08\/le-monde-de-l-apnee.png","width":200,"height":293,"caption":"Le monde de l'apn\u00e9e"},{"@type":"BreadcrumbList","@id":"https:\/\/www.librairieplongee.com\/fr-fr\/produit\/1839\/#breadcrumb","itemListElement":[{"@type":"ListItem","position":1,"name":"Accueil","item":"https:\/\/www.librairieplongee.com\/fr-fr\/"},{"@type":"ListItem","position":2,"name":"Livres sur la plong\u00e9e et l&#8217;apn\u00e9e","item":"https:\/\/www.librairieplongee.com\/fr-fr\/"},{"@type":"ListItem","position":3,"name":"Le monde de l&#8217;apn\u00e9e"}]},{"@type":"WebSite","@id":"https:\/\/www.librairieplongee.com\/fr-fr\/#website","url":"https:\/\/www.librairieplongee.com\/fr-fr\/","name":"Librairie Plong\u00e9e","description":"Livres de plong\u00e9e","publisher":{"@id":"https:\/\/www.librairieplongee.com\/fr-fr\/#organization"},"potentialAction":[{"@type":"SearchAction","target":{"@type":"EntryPoint","urlTemplate":"https:\/\/www.librairieplongee.com\/fr-fr\/?s={search_term_string}"},"query-input":{"@type":"PropertyValueSpecification","valueRequired":true,"valueName":"search_term_string"}}],"inLanguage":"fr-FR"},{"@type":"Organization","@id":"https:\/\/www.librairieplongee.com\/fr-fr\/#organization","name":"Librairie Plong\u00e9e","url":"https:\/\/www.librairieplongee.com\/fr-fr\/","logo":{"@type":"ImageObject","inLanguage":"fr-FR","@id":"https:\/\/www.librairieplongee.com\/fr-fr\/#\/schema\/logo\/image\/","url":"https:\/\/www.librairieplongee.com\/fr-fr\/wp-content\/uploads\/2017\/03\/cropped-logo-librairie-plongee.png","contentUrl":"https:\/\/www.librairieplongee.com\/fr-fr\/wp-content\/uploads\/2017\/03\/cropped-logo-librairie-plongee.png","width":252,"height":110,"caption":"Librairie Plong\u00e9e"},"image":{"@id":"https:\/\/www.librairieplongee.com\/fr-fr\/#\/schema\/logo\/image\/"}}]}},"_links":{"self":[{"href":"https:\/\/www.librairieplongee.com\/fr-fr\/wp-json\/wp\/v2\/product\/1839","targetHints":{"allow":["GET"]}}],"collection":[{"href":"https:\/\/www.librairieplongee.com\/fr-fr\/wp-json\/wp\/v2\/product"}],"about":[{"href":"https:\/\/www.librairieplongee.com\/fr-fr\/wp-json\/wp\/v2\/types\/product"}],"wp:featuredmedia":[{"embeddable":true,"href":"https:\/\/www.librairieplongee.com\/fr-fr\/wp-json\/wp\/v2\/media\/1840"}],"wp:attachment":[{"href":"https:\/\/www.librairieplongee.com\/fr-fr\/wp-json\/wp\/v2\/media?parent=1839"}],"wp:term":[{"taxonomy":"product_brand","embeddable":true,"href":"https:\/\/www.librairieplongee.com\/fr-fr\/wp-json\/wp\/v2\/product_brand?post=1839"},{"taxonomy":"product_cat","embeddable":true,"href":"https:\/\/www.librairieplongee.com\/fr-fr\/wp-json\/wp\/v2\/product_cat?post=1839"},{"taxonomy":"product_tag","embeddable":true,"href":"https:\/\/www.librairieplongee.com\/fr-fr\/wp-json\/wp\/v2\/product_tag?post=1839"}],"curies":[{"name":"wp","href":"https:\/\/api.w.org\/{rel}","templated":true}]}}