{"id":1837,"date":"2017-08-14T15:16:17","date_gmt":"2017-08-14T13:16:17","guid":{"rendered":"https:\/\/www.librairieplongee.com\/fr-fr\/?post_type=product&#038;p=1837"},"modified":"2017-08-14T15:16:17","modified_gmt":"2017-08-14T13:16:17","slug":"le-roussillon-sous-marin","status":"publish","type":"product","link":"https:\/\/www.librairieplongee.com\/fr-fr\/produit\/le-roussillon-sous-marin\/","title":{"rendered":"Le Roussillon sous-marin"},"content":{"rendered":"<h3>Pr\u00e9sentation<\/h3>\n<p>Le Roussillon, bien connu pour son Canigou et ses montagnes pyr\u00e9n\u00e9ennes, offre un littoral vari\u00e9 avec une partie sableuse et une c\u00f4te rocheuse tr\u00e8s d\u00e9coup\u00e9e. Le c\u00e9l\u00e8bre slogan \u00ab Mar i Munt \u00bb du pays catalan correspond bien \u00e0 une r\u00e9alit\u00e9 et cet ouvrage est une invitation \u00e0 d\u00e9couvrir la continuit\u00e9 entre les paysages terrestres et les magnifiques fonds sous-marins qui en sont le prolongement.<\/p>\n<p>Avec plus de 700 photos et documents, ce livre r\u00e9v\u00e8le la richesse naturelle des eaux catalanes mais aussi leur histoire. La faune et la flore sous-marine de ce littoral encore pr\u00e9serv\u00e9, ont attir\u00e9 au XIXe si\u00e8cle de grands scientifiques \u00e0 l\u2019origine de la cr\u00e9ation d\u2019une des premi\u00e8res stations oc\u00e9anographiques de M\u00e9diterran\u00e9e, le Laboratoire Arago de Banyuls-sur-Mer. Cette c\u00f4te a vu aussi la naissance des premiers phares de France gr\u00e2ce \u00e0 Fran\u00e7ois Arago, le plus c\u00e9l\u00e8bre des savants catalans. Cela a continu\u00e9 avec la cr\u00e9ation en 1974, de la premi\u00e8re r\u00e9serve marine de France puis du Parc naturel marin du golfe du Lion plus r\u00e9cemment.<\/p>\n<p>La grande vari\u00e9t\u00e9 g\u00e9ographique de ce territoire permet aussi de d\u00e9couvrir des sites naturels aussi diff\u00e9rents que les \u00e9tangs du littoral, une grotte terrestre inond\u00e9e, une rivi\u00e8re au paysage \u00e9trange ou m\u00eame l\u2019univers glac\u00e9 des lacs de montagne. Au-del\u00e0 de l\u2019exploration des \u00e9paves charg\u00e9es de myst\u00e8res et de leur singuli\u00e8re histoire, cet ouvrage plonge au coeur des personnalit\u00e9s historiques, v\u00e9ritables acteurs de ce monde sous-marin myst\u00e9rieux. Il vous invite \u00e0 p\u00e9n\u00e9trer dans les eaux catalanes et \u00e0 passer de site en site pour en observer les tr\u00e9sors pr\u00e9sents et leur vie pass\u00e9e. Un parcours original entre nature et patrimoine dans lequel le lecteur chemine au fil des pages comme au fil de l\u2019eau, les yeux mouill\u00e9s tant par la beaut\u00e9 de ce monde vivant que par l\u2019\u00e9motion suscit\u00e9e par l\u2019histoire des hommes de la mer\u2026<\/p>\n<p>Des coraux \u00ab sang et or \u00bb aux prairies sous-marines nacr\u00e9es, en passant par des illustrations naturalistes anciennes et par la m\u00e9moire du monde marin catalan, ce livre vous convie \u00e0 une v\u00e9ritable d\u00e9couverte du littoral roussillonnais.<\/p>\n<h3>Sommaire<\/h3>\n<p>Remerciements<br \/>\nPr\u00e9face par Gildas Le Corre<br \/>\nCarte de localisation<\/p>\n<p><strong>12 Le Roussillon &#8211; Le pays catalan, un territoire de caract\u00e8re<\/strong><\/p>\n<p><strong>18 Sites naturels et \u00e9paves<\/strong><br \/>\nIntroduction<br \/>\nLe Barcar.s &#8211; L\u2019\u00e9tang de Salses-Leucate<br \/>\nLe Roc de David<br \/>\nLes modules de Saint-Cyprien<br \/>\nLes r\u00e9cifs artificiels en M\u00e9diterran\u00e9e, pourquoi ? Pour qui ? par Philippe Lenfant<br \/>\nLa p\u00e9niche \u00ab Sor \u00bb<br \/>\nAlice Robert dit le Bananier<br \/>\nLa Moulade<br \/>\nL\u2019Astr\u00e9e<br \/>\nL\u2019anse de la Mauresque<br \/>\nSaumur<br \/>\nPyth\u00e9as<br \/>\nSaint-Lucien<br \/>\nCap B\u00e9ar sud<br \/>\nLa baie de Paulilles<br \/>\nLe Sphinx<br \/>\nL\u2019\u00eele Grosse<br \/>\nLe sec d\u2019Yvan<br \/>\nLes Trois Moines<br \/>\nLe cap l\u2019Abeille nord<br \/>\nLe Roland Isabelle<br \/>\nLes Tinyes<br \/>\nLe sentier sous-marin de Peyrefite<br \/>\nJose Illueca<br \/>\nLe cap Peyrefite<br \/>\nLes \u00eelots du cap Canadells<br \/>\nLe sec de Jo\u00ebl<br \/>\nLes vall\u00e9es blanches du cap N\u00e8gre<\/p>\n<p><strong>138 Les sites du grand large<\/strong><br \/>\nLes canyons (Rechs) au large du Roussillon<br \/>\nLes .paves de la Premi\u00e8re Guerre mondiale144<br \/>\nL\u2019Est\u00e9rel<br \/>\nGanekogorta-Mendi<br \/>\nLe cargo myst\u00e9rieux des canyons<\/p>\n<p><strong>169 Les sites en terre<\/strong><br \/>\nFont Estramar<br \/>\nLa source de la Tiroun\u00e8re<br \/>\nPlong\u00e9e sous la glace au lac de Balc\u00e8re<\/p>\n<p><strong>184 Des immersions originales en Roussillon<\/strong><br \/>\nUn proc\u00e9d\u00e9 m\u00e9dical sous-marin original \u00e0 Am\u00e9lie-les-Bains en 1858<br \/>\nLa plong\u00e9e extr\u00eame \u2013231 m\u00e8tres<br \/>\nLa plong\u00e9e la plus profonde de la C\u00f4te Vermeille<br \/>\n\u2013262 m : la plong\u00e9e en grotte la plus profonde de France<br \/>\nUn pieds-lourds dans les eaux catalanes<br \/>\nL&rsquo;apn\u00e9e au plus haut niveau sur la C\u00f4te Vermeille<\/p>\n<p><strong>196 La faune et la flore de la c\u00f4te catalane<\/strong><br \/>\nIntroduction<br \/>\nLes sp\u00e9cificit\u00e9s et biotopes de la C\u00f4te Catalane par Pascal Romans<br \/>\nSang &amp; or dans les eaux catalanes<br \/>\nM\u00e9rou et corb<br \/>\nDes limaces sous la mer19<br \/>\nLes prairies sous-marines nacrees<br \/>\nLa grande nacre des eaux catalanes par J\u00e9r\u00f4me Payrot<br \/>\nL\u2019art du camouflage<br \/>\nLa nouvelle vie des \u00e9paves<br \/>\nRefuge et vie en association dans les eaux catalanes<br \/>\nDentelles et rubans<br \/>\nEtoiles de mer et oursins<br \/>\nDes \u00ab\u00a0animaux &#8211; fleurs\u00a0\u00bb sous les eaux catalanes<br \/>\nLes envahisseurs<br \/>\nNos amis les c\u00e9tac\u00e9s du large<br \/>\nVari\u00e9t\u00e9 de couleurs en Roussillon<br \/>\nVari\u00e9t\u00e9 de textures en Roussillon<br \/>\nVari\u00e9t\u00e9 de formes en Roussillon<\/p>\n<p><strong>268 Les acteurs du monde sous-marin en Roussillon<\/strong><br \/>\nLe Laboratoire Arago<br \/>\nLe nouvel Aquarium du Biodiversarium de Banyuls-sur-Mer par Pascal Romans<br \/>\nLa R\u00e9serve naturelle marine de Cerb\u00e8re \u2013 Banyuls<br \/>\nHistorique et missions de la R\u00e9serve naturelle marine de Cerb\u00e8re-Banyuls par Fr\u00e9d\u00e9ric Cad\u00e8ne<br \/>\nLe Parc naturel marin du golfe du Lion<br \/>\nLa plong\u00e9e sous-marine loisir en Roussillon<\/p>\n<p><strong>288 Les personnalit\u00e9s historiques du monde sous-marin en Roussillon<\/strong><br \/>\nHenri de Lacaze-Duthiers<br \/>\nLouis Boutan<br \/>\nJean de La Hire<\/p>\n<p>308 Un autre regard sur le Roussillon<br \/>\n309 Postface par Vincent Laudet<br \/>\n312 Press-book : 40 ann\u00e9es de plong\u00e9e avec les amis plongeurs<br \/>\n314 Annexes<br \/>\nNoms catalans de quelques esp\u00e8ces courantes<br \/>\nR\u00e9ponses des quatre planches photographiques<br \/>\nLes centres de plong\u00e9e professionnels pour vous faire d\u00e9couvrir le monde sous-marin du Roussillon<br \/>\n317 Bibliographie et sigles<br \/>\n318 Cr\u00e9dits des cartes et photographies du PNMGL<\/p>\n","protected":false},"excerpt":{"rendered":"<p>Pr\u00e9sentation Le Roussillon, bien connu pour son Canigou et ses montagnes pyr\u00e9n\u00e9ennes, offre un littoral vari\u00e9 avec une partie sableuse et une c\u00f4te rocheuse tr\u00e8s d\u00e9coup\u00e9e. Le c\u00e9l\u00e8bre slogan \u00ab Mar i Munt \u00bb du pays catalan correspond bien \u00e0 une r\u00e9alit\u00e9 et cet ouvrage est une invitation \u00e0 d\u00e9couvrir la continuit\u00e9 entre les paysages [&hellip;]<\/p>\n","protected":false},"featured_media":1838,"template":"","meta":{"_monsterinsights_skip_tracking":false,"_monsterinsights_sitenote_active":false,"_monsterinsights_sitenote_note":"","_monsterinsights_sitenote_category":0},"product_brand":[],"product_cat":[355],"product_tag":[],"class_list":{"0":"post-1837","1":"product","2":"type-product","3":"status-publish","4":"has-post-thumbnail","6":"product_cat-destinations","7":"pa_annee-307","8":"pa_auteurs-francois-brun","9":"pa_ean-357","10":"pa_editeur-editions-gap","11":"pa_edition-edition-1","12":"pa_hauteur-309","13":"pa_largeur-310","14":"pa_nbpages-320-pages","16":"first","17":"instock","18":"taxable","19":"shipping-taxable","20":"purchasable","21":"product-type-simple"},"yoast_head":"<!-- This site is optimized with the Yoast SEO plugin v27.4 - https:\/\/yoast.com\/product\/yoast-seo-wordpress\/ -->\n<title>Le Roussillon sous-marin - Librairie Plong\u00e9e<\/title>\n<meta name=\"robots\" content=\"index, follow, max-snippet:-1, max-image-preview:large, max-video-preview:-1\" \/>\n<link rel=\"canonical\" href=\"https:\/\/www.librairieplongee.com\/fr-fr\/produit\/le-roussillon-sous-marin\/\" \/>\n<meta property=\"og:locale\" content=\"fr_FR\" \/>\n<meta property=\"og:type\" content=\"article\" \/>\n<meta property=\"og:title\" content=\"Le Roussillon sous-marin - Librairie Plong\u00e9e\" \/>\n<meta property=\"og:description\" content=\"Pr\u00e9sentation Le Roussillon, bien connu pour son Canigou et ses montagnes pyr\u00e9n\u00e9ennes, offre un littoral vari\u00e9 avec une partie sableuse et une c\u00f4te rocheuse tr\u00e8s d\u00e9coup\u00e9e. Le c\u00e9l\u00e8bre slogan \u00ab Mar i Munt \u00bb du pays catalan correspond bien \u00e0 une r\u00e9alit\u00e9 et cet ouvrage est une invitation \u00e0 d\u00e9couvrir la continuit\u00e9 entre les paysages [&hellip;]\" \/>\n<meta property=\"og:url\" content=\"https:\/\/www.librairieplongee.com\/fr-fr\/produit\/le-roussillon-sous-marin\/\" \/>\n<meta property=\"og:site_name\" content=\"Librairie Plong\u00e9e\" \/>\n<meta property=\"og:image\" content=\"https:\/\/www.librairieplongee.com\/fr-fr\/wp-content\/uploads\/2017\/08\/Roussilon-sous-marin.png\" \/>\n\t<meta property=\"og:image:width\" content=\"200\" \/>\n\t<meta property=\"og:image:height\" content=\"293\" \/>\n\t<meta property=\"og:image:type\" content=\"image\/png\" \/>\n<meta name=\"twitter:card\" content=\"summary_large_image\" \/>\n<meta name=\"twitter:label1\" content=\"Dur\u00e9e de lecture estim\u00e9e\" \/>\n\t<meta name=\"twitter:data1\" content=\"4 minutes\" \/>\n<script type=\"application\/ld+json\" class=\"yoast-schema-graph\">{\"@context\":\"https:\\\/\\\/schema.org\",\"@graph\":[{\"@type\":\"WebPage\",\"@id\":\"https:\\\/\\\/www.librairieplongee.com\\\/fr-fr\\\/produit\\\/le-roussillon-sous-marin\\\/\",\"url\":\"https:\\\/\\\/www.librairieplongee.com\\\/fr-fr\\\/produit\\\/le-roussillon-sous-marin\\\/\",\"name\":\"Le Roussillon sous-marin - Librairie Plong\u00e9e\",\"isPartOf\":{\"@id\":\"https:\\\/\\\/www.librairieplongee.com\\\/fr-fr\\\/#website\"},\"primaryImageOfPage\":{\"@id\":\"https:\\\/\\\/www.librairieplongee.com\\\/fr-fr\\\/produit\\\/le-roussillon-sous-marin\\\/#primaryimage\"},\"image\":{\"@id\":\"https:\\\/\\\/www.librairieplongee.com\\\/fr-fr\\\/produit\\\/le-roussillon-sous-marin\\\/#primaryimage\"},\"thumbnailUrl\":\"https:\\\/\\\/www.librairieplongee.com\\\/fr-fr\\\/wp-content\\\/uploads\\\/2017\\\/08\\\/Roussilon-sous-marin.png\",\"datePublished\":\"2017-08-14T13:16:17+00:00\",\"breadcrumb\":{\"@id\":\"https:\\\/\\\/www.librairieplongee.com\\\/fr-fr\\\/produit\\\/le-roussillon-sous-marin\\\/#breadcrumb\"},\"inLanguage\":\"fr-FR\",\"potentialAction\":[{\"@type\":\"ReadAction\",\"target\":[\"https:\\\/\\\/www.librairieplongee.com\\\/fr-fr\\\/produit\\\/le-roussillon-sous-marin\\\/\"]}]},{\"@type\":\"ImageObject\",\"inLanguage\":\"fr-FR\",\"@id\":\"https:\\\/\\\/www.librairieplongee.com\\\/fr-fr\\\/produit\\\/le-roussillon-sous-marin\\\/#primaryimage\",\"url\":\"https:\\\/\\\/www.librairieplongee.com\\\/fr-fr\\\/wp-content\\\/uploads\\\/2017\\\/08\\\/Roussilon-sous-marin.png\",\"contentUrl\":\"https:\\\/\\\/www.librairieplongee.com\\\/fr-fr\\\/wp-content\\\/uploads\\\/2017\\\/08\\\/Roussilon-sous-marin.png\",\"width\":200,\"height\":293,\"caption\":\"Le Roussilon sous-marin\"},{\"@type\":\"BreadcrumbList\",\"@id\":\"https:\\\/\\\/www.librairieplongee.com\\\/fr-fr\\\/produit\\\/le-roussillon-sous-marin\\\/#breadcrumb\",\"itemListElement\":[{\"@type\":\"ListItem\",\"position\":1,\"name\":\"Accueil\",\"item\":\"https:\\\/\\\/www.librairieplongee.com\\\/fr-fr\\\/\"},{\"@type\":\"ListItem\",\"position\":2,\"name\":\"Livres sur la plong\u00e9e et l&#8217;apn\u00e9e\",\"item\":\"https:\\\/\\\/www.librairieplongee.com\\\/fr-fr\\\/\"},{\"@type\":\"ListItem\",\"position\":3,\"name\":\"Le Roussillon sous-marin\"}]},{\"@type\":\"WebSite\",\"@id\":\"https:\\\/\\\/www.librairieplongee.com\\\/fr-fr\\\/#website\",\"url\":\"https:\\\/\\\/www.librairieplongee.com\\\/fr-fr\\\/\",\"name\":\"Librairie Plong\u00e9e\",\"description\":\"Livres de plong\u00e9e\",\"publisher\":{\"@id\":\"https:\\\/\\\/www.librairieplongee.com\\\/fr-fr\\\/#organization\"},\"potentialAction\":[{\"@type\":\"SearchAction\",\"target\":{\"@type\":\"EntryPoint\",\"urlTemplate\":\"https:\\\/\\\/www.librairieplongee.com\\\/fr-fr\\\/?s={search_term_string}\"},\"query-input\":{\"@type\":\"PropertyValueSpecification\",\"valueRequired\":true,\"valueName\":\"search_term_string\"}}],\"inLanguage\":\"fr-FR\"},{\"@type\":\"Organization\",\"@id\":\"https:\\\/\\\/www.librairieplongee.com\\\/fr-fr\\\/#organization\",\"name\":\"Librairie Plong\u00e9e\",\"url\":\"https:\\\/\\\/www.librairieplongee.com\\\/fr-fr\\\/\",\"logo\":{\"@type\":\"ImageObject\",\"inLanguage\":\"fr-FR\",\"@id\":\"https:\\\/\\\/www.librairieplongee.com\\\/fr-fr\\\/#\\\/schema\\\/logo\\\/image\\\/\",\"url\":\"https:\\\/\\\/www.librairieplongee.com\\\/fr-fr\\\/wp-content\\\/uploads\\\/2017\\\/03\\\/cropped-logo-librairie-plongee.png\",\"contentUrl\":\"https:\\\/\\\/www.librairieplongee.com\\\/fr-fr\\\/wp-content\\\/uploads\\\/2017\\\/03\\\/cropped-logo-librairie-plongee.png\",\"width\":252,\"height\":110,\"caption\":\"Librairie Plong\u00e9e\"},\"image\":{\"@id\":\"https:\\\/\\\/www.librairieplongee.com\\\/fr-fr\\\/#\\\/schema\\\/logo\\\/image\\\/\"}}]}<\/script>\n<!-- \/ Yoast SEO plugin. -->","yoast_head_json":{"title":"Le Roussillon sous-marin - Librairie Plong\u00e9e","robots":{"index":"index","follow":"follow","max-snippet":"max-snippet:-1","max-image-preview":"max-image-preview:large","max-video-preview":"max-video-preview:-1"},"canonical":"https:\/\/www.librairieplongee.com\/fr-fr\/produit\/le-roussillon-sous-marin\/","og_locale":"fr_FR","og_type":"article","og_title":"Le Roussillon sous-marin - Librairie Plong\u00e9e","og_description":"Pr\u00e9sentation Le Roussillon, bien connu pour son Canigou et ses montagnes pyr\u00e9n\u00e9ennes, offre un littoral vari\u00e9 avec une partie sableuse et une c\u00f4te rocheuse tr\u00e8s d\u00e9coup\u00e9e. Le c\u00e9l\u00e8bre slogan \u00ab Mar i Munt \u00bb du pays catalan correspond bien \u00e0 une r\u00e9alit\u00e9 et cet ouvrage est une invitation \u00e0 d\u00e9couvrir la continuit\u00e9 entre les paysages [&hellip;]","og_url":"https:\/\/www.librairieplongee.com\/fr-fr\/produit\/le-roussillon-sous-marin\/","og_site_name":"Librairie Plong\u00e9e","og_image":[{"width":200,"height":293,"url":"https:\/\/www.librairieplongee.com\/fr-fr\/wp-content\/uploads\/2017\/08\/Roussilon-sous-marin.png","type":"image\/png"}],"twitter_card":"summary_large_image","twitter_misc":{"Dur\u00e9e de lecture estim\u00e9e":"4 minutes"},"schema":{"@context":"https:\/\/schema.org","@graph":[{"@type":"WebPage","@id":"https:\/\/www.librairieplongee.com\/fr-fr\/produit\/le-roussillon-sous-marin\/","url":"https:\/\/www.librairieplongee.com\/fr-fr\/produit\/le-roussillon-sous-marin\/","name":"Le Roussillon sous-marin - Librairie Plong\u00e9e","isPartOf":{"@id":"https:\/\/www.librairieplongee.com\/fr-fr\/#website"},"primaryImageOfPage":{"@id":"https:\/\/www.librairieplongee.com\/fr-fr\/produit\/le-roussillon-sous-marin\/#primaryimage"},"image":{"@id":"https:\/\/www.librairieplongee.com\/fr-fr\/produit\/le-roussillon-sous-marin\/#primaryimage"},"thumbnailUrl":"https:\/\/www.librairieplongee.com\/fr-fr\/wp-content\/uploads\/2017\/08\/Roussilon-sous-marin.png","datePublished":"2017-08-14T13:16:17+00:00","breadcrumb":{"@id":"https:\/\/www.librairieplongee.com\/fr-fr\/produit\/le-roussillon-sous-marin\/#breadcrumb"},"inLanguage":"fr-FR","potentialAction":[{"@type":"ReadAction","target":["https:\/\/www.librairieplongee.com\/fr-fr\/produit\/le-roussillon-sous-marin\/"]}]},{"@type":"ImageObject","inLanguage":"fr-FR","@id":"https:\/\/www.librairieplongee.com\/fr-fr\/produit\/le-roussillon-sous-marin\/#primaryimage","url":"https:\/\/www.librairieplongee.com\/fr-fr\/wp-content\/uploads\/2017\/08\/Roussilon-sous-marin.png","contentUrl":"https:\/\/www.librairieplongee.com\/fr-fr\/wp-content\/uploads\/2017\/08\/Roussilon-sous-marin.png","width":200,"height":293,"caption":"Le Roussilon sous-marin"},{"@type":"BreadcrumbList","@id":"https:\/\/www.librairieplongee.com\/fr-fr\/produit\/le-roussillon-sous-marin\/#breadcrumb","itemListElement":[{"@type":"ListItem","position":1,"name":"Accueil","item":"https:\/\/www.librairieplongee.com\/fr-fr\/"},{"@type":"ListItem","position":2,"name":"Livres sur la plong\u00e9e et l&#8217;apn\u00e9e","item":"https:\/\/www.librairieplongee.com\/fr-fr\/"},{"@type":"ListItem","position":3,"name":"Le Roussillon sous-marin"}]},{"@type":"WebSite","@id":"https:\/\/www.librairieplongee.com\/fr-fr\/#website","url":"https:\/\/www.librairieplongee.com\/fr-fr\/","name":"Librairie Plong\u00e9e","description":"Livres de plong\u00e9e","publisher":{"@id":"https:\/\/www.librairieplongee.com\/fr-fr\/#organization"},"potentialAction":[{"@type":"SearchAction","target":{"@type":"EntryPoint","urlTemplate":"https:\/\/www.librairieplongee.com\/fr-fr\/?s={search_term_string}"},"query-input":{"@type":"PropertyValueSpecification","valueRequired":true,"valueName":"search_term_string"}}],"inLanguage":"fr-FR"},{"@type":"Organization","@id":"https:\/\/www.librairieplongee.com\/fr-fr\/#organization","name":"Librairie Plong\u00e9e","url":"https:\/\/www.librairieplongee.com\/fr-fr\/","logo":{"@type":"ImageObject","inLanguage":"fr-FR","@id":"https:\/\/www.librairieplongee.com\/fr-fr\/#\/schema\/logo\/image\/","url":"https:\/\/www.librairieplongee.com\/fr-fr\/wp-content\/uploads\/2017\/03\/cropped-logo-librairie-plongee.png","contentUrl":"https:\/\/www.librairieplongee.com\/fr-fr\/wp-content\/uploads\/2017\/03\/cropped-logo-librairie-plongee.png","width":252,"height":110,"caption":"Librairie Plong\u00e9e"},"image":{"@id":"https:\/\/www.librairieplongee.com\/fr-fr\/#\/schema\/logo\/image\/"}}]}},"_links":{"self":[{"href":"https:\/\/www.librairieplongee.com\/fr-fr\/wp-json\/wp\/v2\/product\/1837","targetHints":{"allow":["GET"]}}],"collection":[{"href":"https:\/\/www.librairieplongee.com\/fr-fr\/wp-json\/wp\/v2\/product"}],"about":[{"href":"https:\/\/www.librairieplongee.com\/fr-fr\/wp-json\/wp\/v2\/types\/product"}],"wp:featuredmedia":[{"embeddable":true,"href":"https:\/\/www.librairieplongee.com\/fr-fr\/wp-json\/wp\/v2\/media\/1838"}],"wp:attachment":[{"href":"https:\/\/www.librairieplongee.com\/fr-fr\/wp-json\/wp\/v2\/media?parent=1837"}],"wp:term":[{"taxonomy":"product_brand","embeddable":true,"href":"https:\/\/www.librairieplongee.com\/fr-fr\/wp-json\/wp\/v2\/product_brand?post=1837"},{"taxonomy":"product_cat","embeddable":true,"href":"https:\/\/www.librairieplongee.com\/fr-fr\/wp-json\/wp\/v2\/product_cat?post=1837"},{"taxonomy":"product_tag","embeddable":true,"href":"https:\/\/www.librairieplongee.com\/fr-fr\/wp-json\/wp\/v2\/product_tag?post=1837"}],"curies":[{"name":"wp","href":"https:\/\/api.w.org\/{rel}","templated":true}]}}