{"id":1833,"date":"2017-08-14T14:59:05","date_gmt":"2017-08-14T12:59:05","guid":{"rendered":"https:\/\/www.librairieplongee.com\/fr-fr\/?post_type=product&#038;p=1833"},"modified":"2017-08-25T18:45:22","modified_gmt":"2017-08-25T16:45:22","slug":"guide-de-plongee-recycleur","status":"publish","type":"product","link":"https:\/\/www.librairieplongee.com\/fr-fr\/produit\/guide-de-plongee-recycleur\/","title":{"rendered":"Le guide de la plong\u00e9e en recycleur"},"content":{"rendered":"<h3>Pr\u00e9sentation<\/h3>\n<p><a href=\"https:\/\/fr.calameo.com\/read\/0009935960efb2fa8c885\" target=\"_blank\" rel=\"noopener\">Feuilleter le livre<\/a><\/p>\n<p>Bien que le concept du recycleur date du XIXe si\u00e8cle, il est rest\u00e9 cantonn\u00e9 essentiellement \u00e0 quelques utilisations militaires et ne s\u2019est v\u00e9ritablement d\u00e9velopp\u00e9 que depuis une quinzaine d\u2019ann\u00e9es. Cette ouverture vers la plong\u00e9e sportive et Tek est \u00e9troitement li\u00e9e aux progr\u00e8s technologiques qui ont permis d\u2019innover et de r\u00e9aliser des appareils multigaz tr\u00e8s sophistiqu\u00e9s et fiables. Le recycleur \u00e0 circuit ferm\u00e9 s\u2019est impos\u00e9 naturellement car il permet des plong\u00e9es incroyables ! Actuellement, toutes les grandes explorations et d\u00e9couvertes sous-marines se font gr\u00e2ce \u00e0 ces \u00ab machines \u00bb : p\u00e9n\u00e9trations lointaines dans des galeries souterraines (plong\u00e9e sp\u00e9l\u00e9ologique), acc\u00e8s en direct \u00e0 de nouvelles esp\u00e8ces marines profondes (coelacanthe), d\u00e9couvertes de nouvelles \u00e9paves (Est\u00e9rel, Camp\u00e9ador, etc.). De nouveaux espaces sous-marins s\u2019ouvrent \u00e0 vous : espace de profondeur et de dur\u00e9e. Car le recycleur permet de rester en immersion un temps infiniment long avec une d\u00e9compression optimis\u00e9e et sans bulle, un vrai r\u00e9gal pour le biologiste ou le photographe\/vid\u00e9aste. Associ\u00e9 aux m\u00e9langes respiratoires avec de l\u2019h\u00e9lium, l\u2019acc\u00e8s aux ab\u00eemes devient une r\u00e9alit\u00e9 car l\u2019autonomie en gaz n\u2019est plus une contrainte comme en circuit ouvert.<br \/>\nMais ces performances ont un corollaire : il faut se former \u00e0 \u00ab piloter \u00bb ces nouvelles machines et apprivoiser de nouvelles sensations. On ne passe pas d\u2019un avion de tourisme \u00e0 un avion de chasse sans quelques formations !<br \/>\nC\u2019est l\u2019objet de cet ouvrage : pr\u00e9senter tr\u00e8s clairement ces appareils complexes, avec plus de 220 photos, 100 sch\u00e9mas explicatifs et 40 tableaux.<br \/>\nUn ouvrage indispensable bien s\u00fbr \u00e0 tout possesseur de recycleur. Mais aussi, par la vari\u00e9t\u00e9 et la richesse de son contenu, il est recommand\u00e9 aux plongeurs confirm\u00e9s en circuit ouvert, qui veulent en savoir plus sur les techniques de plong\u00e9e actuelles. Fran\u00e7ois Brun et Pascal Bernab\u00e9 ont d\u00e9j\u00e0 \u00e9crit Le guide de la plong\u00e9e Tek, vendu \u00e0 plus de 10 000 exemplaires et traduit en plusieurs langues. Il est consid\u00e9r\u00e9 comme le livre de r\u00e9f\u00e9rence sur le Tek. Ce nouveau Guide de la plong\u00e9e en recycleur, vient judicieusement compl\u00e9ter les connaissances de ce merveilleux monde de la plong\u00e9e sans cesse en \u00e9volution.<br \/>\nD\u2019ailleurs, ces extraordinaires machines que sont les recycleurs auraient certainement plu au capitaine N\u00e9mo, cher \u00e0 Jules Verne\u2026<br \/>\nA vous maintenant de plonger dans cet ouvrage pour de nouvelles d\u00e9couvertes !<\/p>\n<h3>Sommaire<\/h3>\n<p>Pr\u00e9face d\u2019Aldo Ferrucci<br \/>\nIntroduction<\/p>\n<p><strong>CHAPITRE 1<\/strong><br \/>\nLes premiers recycleurs dans l\u2019histoire de la plong\u00e9e<\/p>\n<p><strong>CHAPITRE 2<\/strong><br \/>\nLes diff\u00e9rents types de recycleurs et leurs principes<br \/>\nA. Principe de fonctionnement de base<br \/>\nB. Les avantages de la plong\u00e9e en recycleur<br \/>\n1. Une tr\u00e8s grande autonomie<br \/>\n2. Le silence<br \/>\n3. L\u2019absence de bulle<br \/>\n4. Une d\u00e9compression optimis\u00e9e<br \/>\n5. Le m\u00e9lange respir\u00e9 est chaud et humide<br \/>\nC. Les recycleurs \u00e0 circuit ferm\u00e9 \u00e0 l\u2019oxyg\u00e8ne pur<br \/>\nD. Les recycleurs \u00e0 circuit semi\u2011ferm\u00e9 (RSF\u2013SCR)<br \/>\n1. Le recycleur semi-ferm\u00e9 \u00e0 d\u00e9bit constant ou dit \u00ab actif \u00bb<br \/>\n2. Le recycleur semi-ferm\u00e9 \u00e0 la demande ou dit \u00ab passif \u00bb<br \/>\nE. Les recycleurs \u00e0 circuit ferm\u00e9 m\u00e9canique avec diluant<br \/>\n1. Le fonctionnement<br \/>\n2. Le recycleur Triton et la norme CE<br \/>\nF. Les recycleurs \u00e0 circuit ferm\u00e9 \u00e9lectronique<br \/>\nG. Les crit\u00e8res de choix par rapport \u00e0 sa pratique<\/p>\n<p><strong>CHAPITRE 3<\/strong><br \/>\nLes composants du recycleur<br \/>\nA. La boucle respiratoire<br \/>\n1. Les sacs respiratoires ou faux poumons (FP) (Counterlung)<br \/>\n2. Les tuyaux respiratoires<br \/>\n3. L\u2019embout ou pi\u00e8ce buccale (DSV = Dive Surface Valve)<br \/>\n4. L\u2019effort respiratoire<br \/>\nB. Chaux et cartouche<br \/>\n1. La chaux : un r\u00e9chauffeur de gaz !<br \/>\n2. La poussi\u00e8re<br \/>\n3. Les colorants<br \/>\n4. Les facteurs influen\u00e7ant l\u2019absorption du CO2<br \/>\nC. Les cellules ou capteurs oxyg\u00e8ne<br \/>\nD. Electrovanne ou sol\u00e9no\u00efde<br \/>\nE. Les contr\u00f4leurs \u2013 afficheurs<br \/>\nF. Avertisseur et alarme<br \/>\nG. Piles et batteries<br \/>\nH. Automatic Diluent Valve (ADV)<br \/>\nI. Blocs et d\u00e9tendeurs<br \/>\nJ. Frame et pieds pour recycleurs<\/p>\n<p><strong>CHAPITRE 4<\/strong><br \/>\nPlonger avec son recycleur<br \/>\nA. Monter son recycleur<br \/>\n1. Mise en place de la chaux<br \/>\n2. Les tests d\u2019\u00e9tanch\u00e9it\u00e9 : v\u00e9rification de l\u2019int\u00e9grit\u00e9 de la boucle respiratoire<br \/>\nB. Etalonnage des cellules (sondes)<br \/>\nC. Les proc\u00e9dures de check-list<br \/>\nD. V\u00e9rification avant, pendant et apr\u00e8s l\u2019immersion<br \/>\nE. Traiter son recycleur apr\u00e8s la plong\u00e9e<br \/>\n1. Rin\u00e7age et s\u00e9chage<br \/>\n2. D\u00e9sinfection<\/p>\n<p><strong>CHAPITRE 5<\/strong><br \/>\nLa physiologie et l\u2019action des gaz sur l\u2019organisme<br \/>\nA. L\u2019oxyg\u00e8ne<br \/>\n1. L\u2019hypoxie<br \/>\n2. L\u2019hyperoxie<br \/>\nB. Le gaz carbonique : l\u2019hypercapnie<br \/>\n1. L\u2019hypercapnie d\u2019origine physiologique : l\u2019essoufflement<br \/>\n2. L\u2019hypercapnie due au recycleur lui-m\u00eame<br \/>\n3. Les capteurs de CO2<\/p>\n<p><strong>CHAPITRE 6<\/strong><br \/>\nLa planification des plong\u00e9es<br \/>\nA. Choisir les m\u00e9langes du diluant du recycleur<br \/>\nB. Les Bail out (BO)<br \/>\n1. Bail out sur le bloc du recycleur<br \/>\n2. Bail out ext\u00e9rieur au recycleur<br \/>\n3. Le bloc oxyg\u00e8ne de secours<br \/>\n4. Bail Out Valve (BOV)<br \/>\n5. Les recycleurs de secours : la redondance en double recycleur<br \/>\nC. L\u2019assistance et la s\u00e9curit\u00e9 surface<br \/>\n1. Ligne de d\u00e9compression<br \/>\n2. Le lancement du parachute<br \/>\nD. Quelle dur\u00e9e pour la cartouche de chaux ?<br \/>\nE. La d\u00e9compression<br \/>\n1. Le couple temps-profondeur<br \/>\n2. La valeur des Setpoints de PpO2 au fond et aux paliers<br \/>\n3. Les facteurs de gradient (Gradients Factors GF)<br \/>\n4. Les ordinateurs et les logiciels de d\u00e9compression<br \/>\nF. Les diff\u00e9rentes configurations<\/p>\n<p><strong>CHAPITRE 7<\/strong><br \/>\nLes proc\u00e9dures d\u2019urgence : la survie en recycleur<br \/>\nA. Introduction<br \/>\n1. L\u2019entra\u00eenement<br \/>\n2. La PpO2<br \/>\n3. Les alarmes<br \/>\n4. Quelques remarques anti-stress !<br \/>\nB. Dix fiches d\u2019urgence<br \/>\n1. BOUM ! Ruptures et fuites<br \/>\n2. Perte totale oxyg\u00e8ne<br \/>\n3. Perte de diluant<br \/>\n4. Manque d\u2019oxyg\u00e8ne<br \/>\n5. Trop d\u2019oxyg\u00e8ne<br \/>\n6. Erreur cellule<br \/>\n7. Erreur cellule complexe<br \/>\n8. Probl\u00e8me de chaux et CO2<br \/>\n9. Boucle noy\u00e9e<br \/>\n10. Plongeur inconscient<\/p>\n<p><strong>CHAPITRE 8<\/strong><br \/>\nComment \u00e9viter les accidents en recycleur ?<br \/>\nA. Les sources<br \/>\nB. Les recommandations<br \/>\nC. Etude d\u2019accidents r\u00e9els de la base de donn\u00e9es deeplife<br \/>\n1. Probl\u00e8mes d\u2019\u00e9lectronique<br \/>\n2. Probl\u00e8mes li\u00e9s \u00e0 l\u2019oxyg\u00e8ne<br \/>\n3. Probl\u00e8mes dus au CO2<br \/>\n4. Noyade du recycleur<br \/>\n5. Perte du diluant<br \/>\nD. Analyse d\u2019accidents de plong\u00e9e des nageurs de combat et plongeurs d\u00e9mineurs<br \/>\n1. Hypercapnie : incident le plus fr\u00e9quent<br \/>\n2. Hyperoxie<br \/>\n3. Hypoxie<br \/>\n4. Cas divers int\u00e9ressants<br \/>\nE. Le RESA<br \/>\nF. Conclusion<\/p>\n<p><strong>Test de connaissances<br \/>\nAnnexes<\/strong><br \/>\nLes standards des grands organismes de plong\u00e9e<br \/>\nPetit glossaire<\/p>\n","protected":false},"excerpt":{"rendered":"<p>Pr\u00e9sentation Feuilleter le livre Bien que le concept du recycleur date du XIXe si\u00e8cle, il est rest\u00e9 cantonn\u00e9 essentiellement \u00e0 quelques utilisations militaires et ne s\u2019est v\u00e9ritablement d\u00e9velopp\u00e9 que depuis une quinzaine d\u2019ann\u00e9es. Cette ouverture vers la plong\u00e9e sportive et Tek est \u00e9troitement li\u00e9e aux progr\u00e8s technologiques qui ont permis d\u2019innover et de r\u00e9aliser des [&hellip;]<\/p>\n","protected":false},"featured_media":1834,"template":"","meta":{"_monsterinsights_skip_tracking":false,"_monsterinsights_sitenote_active":false,"_monsterinsights_sitenote_note":"","_monsterinsights_sitenote_category":0},"product_brand":[],"product_cat":[313],"product_tag":[],"class_list":{"0":"post-1833","1":"product","2":"type-product","3":"status-publish","4":"has-post-thumbnail","6":"product_cat-recycleur-trimix","7":"pa_annee-306","8":"pa_auteurs-francois-brun","9":"pa_auteurs-pascal-bernabe","10":"pa_ean-plongee-recycleur","11":"pa_editeur-editions-gap","12":"pa_edition-edition-1","13":"pa_hauteur-309","14":"pa_largeur-310","15":"pa_nbpages-137","17":"first","18":"instock","19":"taxable","20":"shipping-taxable","21":"purchasable","22":"product-type-simple"},"yoast_head":"<!-- This site is optimized with the Yoast SEO plugin v27.5 - https:\/\/yoast.com\/product\/yoast-seo-wordpress\/ -->\n<title>Le guide de la plong\u00e9e en recycleur - Librairie Plong\u00e9e<\/title>\n<meta name=\"robots\" content=\"index, follow, max-snippet:-1, max-image-preview:large, max-video-preview:-1\" \/>\n<link rel=\"canonical\" href=\"https:\/\/www.librairieplongee.com\/fr-fr\/produit\/guide-de-plongee-recycleur\/\" \/>\n<meta property=\"og:locale\" content=\"fr_FR\" \/>\n<meta property=\"og:type\" content=\"article\" \/>\n<meta property=\"og:title\" content=\"Le guide de la plong\u00e9e en recycleur - Librairie Plong\u00e9e\" \/>\n<meta property=\"og:description\" content=\"Pr\u00e9sentation Feuilleter le livre Bien que le concept du recycleur date du XIXe si\u00e8cle, il est rest\u00e9 cantonn\u00e9 essentiellement \u00e0 quelques utilisations militaires et ne s\u2019est v\u00e9ritablement d\u00e9velopp\u00e9 que depuis une quinzaine d\u2019ann\u00e9es. Cette ouverture vers la plong\u00e9e sportive et Tek est \u00e9troitement li\u00e9e aux progr\u00e8s technologiques qui ont permis d\u2019innover et de r\u00e9aliser des [&hellip;]\" \/>\n<meta property=\"og:url\" content=\"https:\/\/www.librairieplongee.com\/fr-fr\/produit\/guide-de-plongee-recycleur\/\" \/>\n<meta property=\"og:site_name\" content=\"Librairie Plong\u00e9e\" \/>\n<meta property=\"article:modified_time\" content=\"2017-08-25T16:45:22+00:00\" \/>\n<meta property=\"og:image\" content=\"https:\/\/www.librairieplongee.com\/fr-fr\/wp-content\/uploads\/2017\/08\/plongee-recycleur.png\" \/>\n\t<meta property=\"og:image:width\" content=\"200\" \/>\n\t<meta property=\"og:image:height\" content=\"293\" \/>\n\t<meta property=\"og:image:type\" content=\"image\/png\" \/>\n<meta name=\"twitter:card\" content=\"summary_large_image\" \/>\n<meta name=\"twitter:label1\" content=\"Dur\u00e9e de lecture estim\u00e9e\" \/>\n\t<meta name=\"twitter:data1\" content=\"5 minutes\" \/>\n<script type=\"application\/ld+json\" class=\"yoast-schema-graph\">{\"@context\":\"https:\\\/\\\/schema.org\",\"@graph\":[{\"@type\":\"WebPage\",\"@id\":\"https:\\\/\\\/www.librairieplongee.com\\\/fr-fr\\\/produit\\\/guide-de-plongee-recycleur\\\/\",\"url\":\"https:\\\/\\\/www.librairieplongee.com\\\/fr-fr\\\/produit\\\/guide-de-plongee-recycleur\\\/\",\"name\":\"Le guide de la plong\u00e9e en recycleur - Librairie Plong\u00e9e\",\"isPartOf\":{\"@id\":\"https:\\\/\\\/www.librairieplongee.com\\\/fr-fr\\\/#website\"},\"primaryImageOfPage\":{\"@id\":\"https:\\\/\\\/www.librairieplongee.com\\\/fr-fr\\\/produit\\\/guide-de-plongee-recycleur\\\/#primaryimage\"},\"image\":{\"@id\":\"https:\\\/\\\/www.librairieplongee.com\\\/fr-fr\\\/produit\\\/guide-de-plongee-recycleur\\\/#primaryimage\"},\"thumbnailUrl\":\"https:\\\/\\\/www.librairieplongee.com\\\/fr-fr\\\/wp-content\\\/uploads\\\/2017\\\/08\\\/plongee-recycleur.png\",\"datePublished\":\"2017-08-14T12:59:05+00:00\",\"dateModified\":\"2017-08-25T16:45:22+00:00\",\"breadcrumb\":{\"@id\":\"https:\\\/\\\/www.librairieplongee.com\\\/fr-fr\\\/produit\\\/guide-de-plongee-recycleur\\\/#breadcrumb\"},\"inLanguage\":\"fr-FR\",\"potentialAction\":[{\"@type\":\"ReadAction\",\"target\":[\"https:\\\/\\\/www.librairieplongee.com\\\/fr-fr\\\/produit\\\/guide-de-plongee-recycleur\\\/\"]}]},{\"@type\":\"ImageObject\",\"inLanguage\":\"fr-FR\",\"@id\":\"https:\\\/\\\/www.librairieplongee.com\\\/fr-fr\\\/produit\\\/guide-de-plongee-recycleur\\\/#primaryimage\",\"url\":\"https:\\\/\\\/www.librairieplongee.com\\\/fr-fr\\\/wp-content\\\/uploads\\\/2017\\\/08\\\/plongee-recycleur.png\",\"contentUrl\":\"https:\\\/\\\/www.librairieplongee.com\\\/fr-fr\\\/wp-content\\\/uploads\\\/2017\\\/08\\\/plongee-recycleur.png\",\"width\":200,\"height\":293,\"caption\":\"Plong\u00e9e recycleur\"},{\"@type\":\"BreadcrumbList\",\"@id\":\"https:\\\/\\\/www.librairieplongee.com\\\/fr-fr\\\/produit\\\/guide-de-plongee-recycleur\\\/#breadcrumb\",\"itemListElement\":[{\"@type\":\"ListItem\",\"position\":1,\"name\":\"Accueil\",\"item\":\"https:\\\/\\\/www.librairieplongee.com\\\/fr-fr\\\/\"},{\"@type\":\"ListItem\",\"position\":2,\"name\":\"Livres sur la plong\u00e9e et l&#8217;apn\u00e9e\",\"item\":\"https:\\\/\\\/www.librairieplongee.com\\\/fr-fr\\\/\"},{\"@type\":\"ListItem\",\"position\":3,\"name\":\"Le guide de la plong\u00e9e en recycleur\"}]},{\"@type\":\"WebSite\",\"@id\":\"https:\\\/\\\/www.librairieplongee.com\\\/fr-fr\\\/#website\",\"url\":\"https:\\\/\\\/www.librairieplongee.com\\\/fr-fr\\\/\",\"name\":\"Librairie Plong\u00e9e\",\"description\":\"Livres de plong\u00e9e\",\"publisher\":{\"@id\":\"https:\\\/\\\/www.librairieplongee.com\\\/fr-fr\\\/#organization\"},\"potentialAction\":[{\"@type\":\"SearchAction\",\"target\":{\"@type\":\"EntryPoint\",\"urlTemplate\":\"https:\\\/\\\/www.librairieplongee.com\\\/fr-fr\\\/?s={search_term_string}\"},\"query-input\":{\"@type\":\"PropertyValueSpecification\",\"valueRequired\":true,\"valueName\":\"search_term_string\"}}],\"inLanguage\":\"fr-FR\"},{\"@type\":\"Organization\",\"@id\":\"https:\\\/\\\/www.librairieplongee.com\\\/fr-fr\\\/#organization\",\"name\":\"Librairie Plong\u00e9e\",\"url\":\"https:\\\/\\\/www.librairieplongee.com\\\/fr-fr\\\/\",\"logo\":{\"@type\":\"ImageObject\",\"inLanguage\":\"fr-FR\",\"@id\":\"https:\\\/\\\/www.librairieplongee.com\\\/fr-fr\\\/#\\\/schema\\\/logo\\\/image\\\/\",\"url\":\"https:\\\/\\\/www.librairieplongee.com\\\/fr-fr\\\/wp-content\\\/uploads\\\/2017\\\/03\\\/cropped-logo-librairie-plongee.png\",\"contentUrl\":\"https:\\\/\\\/www.librairieplongee.com\\\/fr-fr\\\/wp-content\\\/uploads\\\/2017\\\/03\\\/cropped-logo-librairie-plongee.png\",\"width\":252,\"height\":110,\"caption\":\"Librairie Plong\u00e9e\"},\"image\":{\"@id\":\"https:\\\/\\\/www.librairieplongee.com\\\/fr-fr\\\/#\\\/schema\\\/logo\\\/image\\\/\"}}]}<\/script>\n<!-- \/ Yoast SEO plugin. -->","yoast_head_json":{"title":"Le guide de la plong\u00e9e en recycleur - Librairie Plong\u00e9e","robots":{"index":"index","follow":"follow","max-snippet":"max-snippet:-1","max-image-preview":"max-image-preview:large","max-video-preview":"max-video-preview:-1"},"canonical":"https:\/\/www.librairieplongee.com\/fr-fr\/produit\/guide-de-plongee-recycleur\/","og_locale":"fr_FR","og_type":"article","og_title":"Le guide de la plong\u00e9e en recycleur - Librairie Plong\u00e9e","og_description":"Pr\u00e9sentation Feuilleter le livre Bien que le concept du recycleur date du XIXe si\u00e8cle, il est rest\u00e9 cantonn\u00e9 essentiellement \u00e0 quelques utilisations militaires et ne s\u2019est v\u00e9ritablement d\u00e9velopp\u00e9 que depuis une quinzaine d\u2019ann\u00e9es. Cette ouverture vers la plong\u00e9e sportive et Tek est \u00e9troitement li\u00e9e aux progr\u00e8s technologiques qui ont permis d\u2019innover et de r\u00e9aliser des [&hellip;]","og_url":"https:\/\/www.librairieplongee.com\/fr-fr\/produit\/guide-de-plongee-recycleur\/","og_site_name":"Librairie Plong\u00e9e","article_modified_time":"2017-08-25T16:45:22+00:00","og_image":[{"width":200,"height":293,"url":"https:\/\/www.librairieplongee.com\/fr-fr\/wp-content\/uploads\/2017\/08\/plongee-recycleur.png","type":"image\/png"}],"twitter_card":"summary_large_image","twitter_misc":{"Dur\u00e9e de lecture estim\u00e9e":"5 minutes"},"schema":{"@context":"https:\/\/schema.org","@graph":[{"@type":"WebPage","@id":"https:\/\/www.librairieplongee.com\/fr-fr\/produit\/guide-de-plongee-recycleur\/","url":"https:\/\/www.librairieplongee.com\/fr-fr\/produit\/guide-de-plongee-recycleur\/","name":"Le guide de la plong\u00e9e en recycleur - Librairie Plong\u00e9e","isPartOf":{"@id":"https:\/\/www.librairieplongee.com\/fr-fr\/#website"},"primaryImageOfPage":{"@id":"https:\/\/www.librairieplongee.com\/fr-fr\/produit\/guide-de-plongee-recycleur\/#primaryimage"},"image":{"@id":"https:\/\/www.librairieplongee.com\/fr-fr\/produit\/guide-de-plongee-recycleur\/#primaryimage"},"thumbnailUrl":"https:\/\/www.librairieplongee.com\/fr-fr\/wp-content\/uploads\/2017\/08\/plongee-recycleur.png","datePublished":"2017-08-14T12:59:05+00:00","dateModified":"2017-08-25T16:45:22+00:00","breadcrumb":{"@id":"https:\/\/www.librairieplongee.com\/fr-fr\/produit\/guide-de-plongee-recycleur\/#breadcrumb"},"inLanguage":"fr-FR","potentialAction":[{"@type":"ReadAction","target":["https:\/\/www.librairieplongee.com\/fr-fr\/produit\/guide-de-plongee-recycleur\/"]}]},{"@type":"ImageObject","inLanguage":"fr-FR","@id":"https:\/\/www.librairieplongee.com\/fr-fr\/produit\/guide-de-plongee-recycleur\/#primaryimage","url":"https:\/\/www.librairieplongee.com\/fr-fr\/wp-content\/uploads\/2017\/08\/plongee-recycleur.png","contentUrl":"https:\/\/www.librairieplongee.com\/fr-fr\/wp-content\/uploads\/2017\/08\/plongee-recycleur.png","width":200,"height":293,"caption":"Plong\u00e9e recycleur"},{"@type":"BreadcrumbList","@id":"https:\/\/www.librairieplongee.com\/fr-fr\/produit\/guide-de-plongee-recycleur\/#breadcrumb","itemListElement":[{"@type":"ListItem","position":1,"name":"Accueil","item":"https:\/\/www.librairieplongee.com\/fr-fr\/"},{"@type":"ListItem","position":2,"name":"Livres sur la plong\u00e9e et l&#8217;apn\u00e9e","item":"https:\/\/www.librairieplongee.com\/fr-fr\/"},{"@type":"ListItem","position":3,"name":"Le guide de la plong\u00e9e en recycleur"}]},{"@type":"WebSite","@id":"https:\/\/www.librairieplongee.com\/fr-fr\/#website","url":"https:\/\/www.librairieplongee.com\/fr-fr\/","name":"Librairie Plong\u00e9e","description":"Livres de plong\u00e9e","publisher":{"@id":"https:\/\/www.librairieplongee.com\/fr-fr\/#organization"},"potentialAction":[{"@type":"SearchAction","target":{"@type":"EntryPoint","urlTemplate":"https:\/\/www.librairieplongee.com\/fr-fr\/?s={search_term_string}"},"query-input":{"@type":"PropertyValueSpecification","valueRequired":true,"valueName":"search_term_string"}}],"inLanguage":"fr-FR"},{"@type":"Organization","@id":"https:\/\/www.librairieplongee.com\/fr-fr\/#organization","name":"Librairie Plong\u00e9e","url":"https:\/\/www.librairieplongee.com\/fr-fr\/","logo":{"@type":"ImageObject","inLanguage":"fr-FR","@id":"https:\/\/www.librairieplongee.com\/fr-fr\/#\/schema\/logo\/image\/","url":"https:\/\/www.librairieplongee.com\/fr-fr\/wp-content\/uploads\/2017\/03\/cropped-logo-librairie-plongee.png","contentUrl":"https:\/\/www.librairieplongee.com\/fr-fr\/wp-content\/uploads\/2017\/03\/cropped-logo-librairie-plongee.png","width":252,"height":110,"caption":"Librairie Plong\u00e9e"},"image":{"@id":"https:\/\/www.librairieplongee.com\/fr-fr\/#\/schema\/logo\/image\/"}}]}},"_links":{"self":[{"href":"https:\/\/www.librairieplongee.com\/fr-fr\/wp-json\/wp\/v2\/product\/1833","targetHints":{"allow":["GET"]}}],"collection":[{"href":"https:\/\/www.librairieplongee.com\/fr-fr\/wp-json\/wp\/v2\/product"}],"about":[{"href":"https:\/\/www.librairieplongee.com\/fr-fr\/wp-json\/wp\/v2\/types\/product"}],"wp:featuredmedia":[{"embeddable":true,"href":"https:\/\/www.librairieplongee.com\/fr-fr\/wp-json\/wp\/v2\/media\/1834"}],"wp:attachment":[{"href":"https:\/\/www.librairieplongee.com\/fr-fr\/wp-json\/wp\/v2\/media?parent=1833"}],"wp:term":[{"taxonomy":"product_brand","embeddable":true,"href":"https:\/\/www.librairieplongee.com\/fr-fr\/wp-json\/wp\/v2\/product_brand?post=1833"},{"taxonomy":"product_cat","embeddable":true,"href":"https:\/\/www.librairieplongee.com\/fr-fr\/wp-json\/wp\/v2\/product_cat?post=1833"},{"taxonomy":"product_tag","embeddable":true,"href":"https:\/\/www.librairieplongee.com\/fr-fr\/wp-json\/wp\/v2\/product_tag?post=1833"}],"curies":[{"name":"wp","href":"https:\/\/api.w.org\/{rel}","templated":true}]}}