{"id":1799,"date":"2017-08-12T14:35:06","date_gmt":"2017-08-12T12:35:06","guid":{"rendered":"http:\/\/www.librairieplongee.com\/fr-fr\/?post_type=product&#038;p=1799"},"modified":"2017-08-14T13:16:11","modified_gmt":"2017-08-14T11:16:11","slug":"birographie-dalbert-falco","status":"publish","type":"product","link":"https:\/\/www.librairieplongee.com\/fr-fr\/produit\/birographie-dalbert-falco\/","title":{"rendered":"Biographie d&rsquo;Albert Falco"},"content":{"rendered":"<h3>Pr\u00e9sentation<\/h3>\n<p>Dans ce livre \u00e9crit en collaboration avec Alain FORET, Albert FALCO revient sur son enfance dans la calanque de Sormiou et ses premiers apprentissages de la nature, de la mer et de la plong\u00e9e en compagnie de Georges BEUCHAT. Il d\u00e9roule ensuite le fil de sa vie en nous ouvrant son journal de bord, \u00e9crit jour par jour depuis son premier embarquement \u00e0 bord de la Calypso, pour les fouilles du Grand Conclu \u00e0 Riou (Marseille). Apr\u00e8s plus de 20 000 heures sous les mers et plusieurs tours du monde en plong\u00e9e, voici les souvenirs et les aventures du \u00ab Dieu de l&rsquo;eau \u00bb, celui qui a \u00e9t\u00e9 le premier \u00ab oc\u00e9anaute \u00bb au monde, de retour \u00e0 Sormiou\u2026<br \/>\nAlbert FALCO a \u00e9t\u00e9 marin, plongeur, chef plongeur, premier pilote de la soucoupe plongeante SP 350, chef de mission puis capitaine de la Calypso. Fid\u00e8le compagnon du commandant Cousteau, ce dernier disait de lui : \u00ab Il m&rsquo;a pr\u00eat\u00e9 ses yeux \u00bb.<br \/>\nAlain FORET, auteur de nombreux ouvrages sur la plong\u00e9e dont la s\u00e9rie \u00ab Plong\u00e9e Plaisir \u00bb, accompagne, depuis maintenant 10 ans, Albert FALCO dans ses plong\u00e9es, films et conf\u00e9rences pour promouvoir la plong\u00e9e et contribuer \u00e0 la protection de la mer.<\/p>\n<h3>Sommaire<\/h3>\n<p>AVANT-PROPOS<br \/>\nFalco, enfant de Sormiou (par Ferdinand Lallemand)<\/p>\n<p>INTRODUCTION<br \/>\nPR\u00c9FACE<br \/>\nAlbert Falco\u2026 B\u00e9bert\u2026 Bebs ! (par Jean-Michel Cousteau)<\/p>\n<p>SORMIOU, BERCEAU BLEU DE MES SOUVENIRS<br \/>\nMarie de Sormiou<br \/>\nLes premiers habitants<br \/>\nL\u2019origine du nom<br \/>\nDes Anglais \u00e0 Sormiou<br \/>\nLes chemins de Sormiou<br \/>\nLa caserne des Douaniers<br \/>\nLa conqu\u00eate des c\u00eemes<br \/>\nL\u2019eau douce<br \/>\nLa nature fragile<br \/>\nLe feu<br \/>\nLa petite p\u00eache<br \/>\nMon cabanon<br \/>\nLes f\u00eates et jeux \u00e0 Sormiou<br \/>\nLe Club de la Mer<br \/>\nLes saisons de la mer<\/p>\n<p>L \u2019APPEL DE LA MER<br \/>\nLe bateau de mon p\u00e8re<br \/>\n1939, tout s\u2019\u00e9croule<br \/>\nGeorges Beuchat<br \/>\nMa premi\u00e8re plong\u00e9e en scaphandre<br \/>\nLibert\u00e9<br \/>\nFontaine de Vaucluse<br \/>\n1950, la premi\u00e8re travers\u00e9e<br \/>\nHou-Hop<br \/>\nLe Grand Conclu<br \/>\nPour la premi\u00e8re fois \u00e0 la barre de la Calypso<br \/>\nJe rejoins l\u2019\u00e9quipe<\/p>\n<p>20 000 HEURES SOUS LES MERS<br \/>\nDe Maarkos Sestios \u00e0 Anticyth\u00e8re<br \/>\nMa premi\u00e8re grande exp\u00e9dition<br \/>\nLe Monde du silence<br \/>\nLa soucoupe plongeante<br \/>\nLes premiers \u00ab oc\u00e9anautes \u00bb<br \/>\nLes canons de Napol\u00e9on<br \/>\nL\u2019Espadon<br \/>\nLa montagne Pel\u00e9e<br \/>\nEpaves de r\u00eave<br \/>\nLe Moulin \u00e0 vent<br \/>\nEpilogue<\/p>\n<p>POSTFACE<br \/>\nUne vie ne suffit pas<\/p>\n<p>CHRONOLOGIE<br \/>\nRemerciements<br \/>\nCr\u00e9dits photographiques<br \/>\nBibliographie<\/p>\n","protected":false},"excerpt":{"rendered":"<p>Pr\u00e9sentation Dans ce livre \u00e9crit en collaboration avec Alain FORET, Albert FALCO revient sur son enfance dans la calanque de Sormiou et ses premiers apprentissages de la nature, de la mer et de la plong\u00e9e en compagnie de Georges BEUCHAT. Il d\u00e9roule ensuite le fil de sa vie en nous ouvrant son journal de bord, [&hellip;]<\/p>\n","protected":false},"featured_media":1579,"template":"","meta":{"_monsterinsights_skip_tracking":false,"_monsterinsights_sitenote_active":false,"_monsterinsights_sitenote_note":"","_monsterinsights_sitenote_category":0},"product_brand":[],"product_cat":[278],"product_tag":[],"class_list":{"0":"post-1799","1":"product","2":"type-product","3":"status-publish","4":"has-post-thumbnail","6":"product_cat-histoire","7":"pa_annee-303","8":"pa_auteurs-alain-foret","9":"pa_auteurs-albert-falco","10":"pa_ean-345","11":"pa_editeur-editions-gap","12":"pa_hauteur-29-cm","13":"pa_largeur-23-cm","14":"pa_nbpages-137","16":"first","17":"instock","18":"taxable","19":"shipping-taxable","20":"purchasable","21":"product-type-simple"},"yoast_head":"<!-- This site is optimized with the Yoast SEO plugin v27.6 - https:\/\/yoast.com\/product\/yoast-seo-wordpress\/ -->\n<title>Biographie d&#039;Albert Falco - Librairie Plong\u00e9e<\/title>\n<meta name=\"robots\" content=\"index, follow, max-snippet:-1, max-image-preview:large, max-video-preview:-1\" \/>\n<link rel=\"canonical\" href=\"https:\/\/www.librairieplongee.com\/fr-fr\/produit\/birographie-dalbert-falco\/\" \/>\n<meta property=\"og:locale\" content=\"fr_FR\" \/>\n<meta property=\"og:type\" content=\"article\" \/>\n<meta property=\"og:title\" content=\"Biographie d&#039;Albert Falco - Librairie Plong\u00e9e\" \/>\n<meta property=\"og:description\" content=\"Pr\u00e9sentation Dans ce livre \u00e9crit en collaboration avec Alain FORET, Albert FALCO revient sur son enfance dans la calanque de Sormiou et ses premiers apprentissages de la nature, de la mer et de la plong\u00e9e en compagnie de Georges BEUCHAT. Il d\u00e9roule ensuite le fil de sa vie en nous ouvrant son journal de bord, [&hellip;]\" \/>\n<meta property=\"og:url\" content=\"https:\/\/www.librairieplongee.com\/fr-fr\/produit\/birographie-dalbert-falco\/\" \/>\n<meta property=\"og:site_name\" content=\"Librairie Plong\u00e9e\" \/>\n<meta property=\"article:modified_time\" content=\"2017-08-14T11:16:11+00:00\" \/>\n<meta property=\"og:image\" content=\"https:\/\/www.librairieplongee.com\/fr-fr\/wp-content\/uploads\/2013\/09\/albert-falco.jpg\" \/>\n\t<meta property=\"og:image:width\" content=\"200\" \/>\n\t<meta property=\"og:image:height\" content=\"252\" \/>\n\t<meta property=\"og:image:type\" content=\"image\/jpeg\" \/>\n<meta name=\"twitter:card\" content=\"summary_large_image\" \/>\n<meta name=\"twitter:label1\" content=\"Dur\u00e9e de lecture estim\u00e9e\" \/>\n\t<meta name=\"twitter:data1\" content=\"2 minutes\" \/>\n<script type=\"application\/ld+json\" class=\"yoast-schema-graph\">{\"@context\":\"https:\\\/\\\/schema.org\",\"@graph\":[{\"@type\":\"WebPage\",\"@id\":\"https:\\\/\\\/www.librairieplongee.com\\\/fr-fr\\\/produit\\\/birographie-dalbert-falco\\\/\",\"url\":\"https:\\\/\\\/www.librairieplongee.com\\\/fr-fr\\\/produit\\\/birographie-dalbert-falco\\\/\",\"name\":\"Biographie d'Albert Falco - Librairie Plong\u00e9e\",\"isPartOf\":{\"@id\":\"https:\\\/\\\/www.librairieplongee.com\\\/fr-fr\\\/#website\"},\"primaryImageOfPage\":{\"@id\":\"https:\\\/\\\/www.librairieplongee.com\\\/fr-fr\\\/produit\\\/birographie-dalbert-falco\\\/#primaryimage\"},\"image\":{\"@id\":\"https:\\\/\\\/www.librairieplongee.com\\\/fr-fr\\\/produit\\\/birographie-dalbert-falco\\\/#primaryimage\"},\"thumbnailUrl\":\"https:\\\/\\\/www.librairieplongee.com\\\/fr-fr\\\/wp-content\\\/uploads\\\/2013\\\/09\\\/albert-falco.jpg\",\"datePublished\":\"2017-08-12T12:35:06+00:00\",\"dateModified\":\"2017-08-14T11:16:11+00:00\",\"breadcrumb\":{\"@id\":\"https:\\\/\\\/www.librairieplongee.com\\\/fr-fr\\\/produit\\\/birographie-dalbert-falco\\\/#breadcrumb\"},\"inLanguage\":\"fr-FR\",\"potentialAction\":[{\"@type\":\"ReadAction\",\"target\":[\"https:\\\/\\\/www.librairieplongee.com\\\/fr-fr\\\/produit\\\/birographie-dalbert-falco\\\/\"]}]},{\"@type\":\"ImageObject\",\"inLanguage\":\"fr-FR\",\"@id\":\"https:\\\/\\\/www.librairieplongee.com\\\/fr-fr\\\/produit\\\/birographie-dalbert-falco\\\/#primaryimage\",\"url\":\"https:\\\/\\\/www.librairieplongee.com\\\/fr-fr\\\/wp-content\\\/uploads\\\/2013\\\/09\\\/albert-falco.jpg\",\"contentUrl\":\"https:\\\/\\\/www.librairieplongee.com\\\/fr-fr\\\/wp-content\\\/uploads\\\/2013\\\/09\\\/albert-falco.jpg\",\"width\":200,\"height\":252,\"caption\":\"Biographie d'Albert Falco\"},{\"@type\":\"BreadcrumbList\",\"@id\":\"https:\\\/\\\/www.librairieplongee.com\\\/fr-fr\\\/produit\\\/birographie-dalbert-falco\\\/#breadcrumb\",\"itemListElement\":[{\"@type\":\"ListItem\",\"position\":1,\"name\":\"Accueil\",\"item\":\"https:\\\/\\\/www.librairieplongee.com\\\/fr-fr\\\/\"},{\"@type\":\"ListItem\",\"position\":2,\"name\":\"Livres sur la plong\u00e9e et l&#8217;apn\u00e9e\",\"item\":\"https:\\\/\\\/www.librairieplongee.com\\\/fr-fr\\\/\"},{\"@type\":\"ListItem\",\"position\":3,\"name\":\"Biographie d&#8217;Albert Falco\"}]},{\"@type\":\"WebSite\",\"@id\":\"https:\\\/\\\/www.librairieplongee.com\\\/fr-fr\\\/#website\",\"url\":\"https:\\\/\\\/www.librairieplongee.com\\\/fr-fr\\\/\",\"name\":\"Librairie Plong\u00e9e\",\"description\":\"Livres de plong\u00e9e\",\"publisher\":{\"@id\":\"https:\\\/\\\/www.librairieplongee.com\\\/fr-fr\\\/#organization\"},\"potentialAction\":[{\"@type\":\"SearchAction\",\"target\":{\"@type\":\"EntryPoint\",\"urlTemplate\":\"https:\\\/\\\/www.librairieplongee.com\\\/fr-fr\\\/?s={search_term_string}\"},\"query-input\":{\"@type\":\"PropertyValueSpecification\",\"valueRequired\":true,\"valueName\":\"search_term_string\"}}],\"inLanguage\":\"fr-FR\"},{\"@type\":\"Organization\",\"@id\":\"https:\\\/\\\/www.librairieplongee.com\\\/fr-fr\\\/#organization\",\"name\":\"Librairie Plong\u00e9e\",\"url\":\"https:\\\/\\\/www.librairieplongee.com\\\/fr-fr\\\/\",\"logo\":{\"@type\":\"ImageObject\",\"inLanguage\":\"fr-FR\",\"@id\":\"https:\\\/\\\/www.librairieplongee.com\\\/fr-fr\\\/#\\\/schema\\\/logo\\\/image\\\/\",\"url\":\"https:\\\/\\\/www.librairieplongee.com\\\/fr-fr\\\/wp-content\\\/uploads\\\/2017\\\/03\\\/cropped-logo-librairie-plongee.png\",\"contentUrl\":\"https:\\\/\\\/www.librairieplongee.com\\\/fr-fr\\\/wp-content\\\/uploads\\\/2017\\\/03\\\/cropped-logo-librairie-plongee.png\",\"width\":252,\"height\":110,\"caption\":\"Librairie Plong\u00e9e\"},\"image\":{\"@id\":\"https:\\\/\\\/www.librairieplongee.com\\\/fr-fr\\\/#\\\/schema\\\/logo\\\/image\\\/\"}}]}<\/script>\n<!-- \/ Yoast SEO plugin. -->","yoast_head_json":{"title":"Biographie d'Albert Falco - Librairie Plong\u00e9e","robots":{"index":"index","follow":"follow","max-snippet":"max-snippet:-1","max-image-preview":"max-image-preview:large","max-video-preview":"max-video-preview:-1"},"canonical":"https:\/\/www.librairieplongee.com\/fr-fr\/produit\/birographie-dalbert-falco\/","og_locale":"fr_FR","og_type":"article","og_title":"Biographie d'Albert Falco - Librairie Plong\u00e9e","og_description":"Pr\u00e9sentation Dans ce livre \u00e9crit en collaboration avec Alain FORET, Albert FALCO revient sur son enfance dans la calanque de Sormiou et ses premiers apprentissages de la nature, de la mer et de la plong\u00e9e en compagnie de Georges BEUCHAT. Il d\u00e9roule ensuite le fil de sa vie en nous ouvrant son journal de bord, [&hellip;]","og_url":"https:\/\/www.librairieplongee.com\/fr-fr\/produit\/birographie-dalbert-falco\/","og_site_name":"Librairie Plong\u00e9e","article_modified_time":"2017-08-14T11:16:11+00:00","og_image":[{"width":200,"height":252,"url":"https:\/\/www.librairieplongee.com\/fr-fr\/wp-content\/uploads\/2013\/09\/albert-falco.jpg","type":"image\/jpeg"}],"twitter_card":"summary_large_image","twitter_misc":{"Dur\u00e9e de lecture estim\u00e9e":"2 minutes"},"schema":{"@context":"https:\/\/schema.org","@graph":[{"@type":"WebPage","@id":"https:\/\/www.librairieplongee.com\/fr-fr\/produit\/birographie-dalbert-falco\/","url":"https:\/\/www.librairieplongee.com\/fr-fr\/produit\/birographie-dalbert-falco\/","name":"Biographie d'Albert Falco - Librairie Plong\u00e9e","isPartOf":{"@id":"https:\/\/www.librairieplongee.com\/fr-fr\/#website"},"primaryImageOfPage":{"@id":"https:\/\/www.librairieplongee.com\/fr-fr\/produit\/birographie-dalbert-falco\/#primaryimage"},"image":{"@id":"https:\/\/www.librairieplongee.com\/fr-fr\/produit\/birographie-dalbert-falco\/#primaryimage"},"thumbnailUrl":"https:\/\/www.librairieplongee.com\/fr-fr\/wp-content\/uploads\/2013\/09\/albert-falco.jpg","datePublished":"2017-08-12T12:35:06+00:00","dateModified":"2017-08-14T11:16:11+00:00","breadcrumb":{"@id":"https:\/\/www.librairieplongee.com\/fr-fr\/produit\/birographie-dalbert-falco\/#breadcrumb"},"inLanguage":"fr-FR","potentialAction":[{"@type":"ReadAction","target":["https:\/\/www.librairieplongee.com\/fr-fr\/produit\/birographie-dalbert-falco\/"]}]},{"@type":"ImageObject","inLanguage":"fr-FR","@id":"https:\/\/www.librairieplongee.com\/fr-fr\/produit\/birographie-dalbert-falco\/#primaryimage","url":"https:\/\/www.librairieplongee.com\/fr-fr\/wp-content\/uploads\/2013\/09\/albert-falco.jpg","contentUrl":"https:\/\/www.librairieplongee.com\/fr-fr\/wp-content\/uploads\/2013\/09\/albert-falco.jpg","width":200,"height":252,"caption":"Biographie d'Albert Falco"},{"@type":"BreadcrumbList","@id":"https:\/\/www.librairieplongee.com\/fr-fr\/produit\/birographie-dalbert-falco\/#breadcrumb","itemListElement":[{"@type":"ListItem","position":1,"name":"Accueil","item":"https:\/\/www.librairieplongee.com\/fr-fr\/"},{"@type":"ListItem","position":2,"name":"Livres sur la plong\u00e9e et l&#8217;apn\u00e9e","item":"https:\/\/www.librairieplongee.com\/fr-fr\/"},{"@type":"ListItem","position":3,"name":"Biographie d&#8217;Albert Falco"}]},{"@type":"WebSite","@id":"https:\/\/www.librairieplongee.com\/fr-fr\/#website","url":"https:\/\/www.librairieplongee.com\/fr-fr\/","name":"Librairie Plong\u00e9e","description":"Livres de plong\u00e9e","publisher":{"@id":"https:\/\/www.librairieplongee.com\/fr-fr\/#organization"},"potentialAction":[{"@type":"SearchAction","target":{"@type":"EntryPoint","urlTemplate":"https:\/\/www.librairieplongee.com\/fr-fr\/?s={search_term_string}"},"query-input":{"@type":"PropertyValueSpecification","valueRequired":true,"valueName":"search_term_string"}}],"inLanguage":"fr-FR"},{"@type":"Organization","@id":"https:\/\/www.librairieplongee.com\/fr-fr\/#organization","name":"Librairie Plong\u00e9e","url":"https:\/\/www.librairieplongee.com\/fr-fr\/","logo":{"@type":"ImageObject","inLanguage":"fr-FR","@id":"https:\/\/www.librairieplongee.com\/fr-fr\/#\/schema\/logo\/image\/","url":"https:\/\/www.librairieplongee.com\/fr-fr\/wp-content\/uploads\/2017\/03\/cropped-logo-librairie-plongee.png","contentUrl":"https:\/\/www.librairieplongee.com\/fr-fr\/wp-content\/uploads\/2017\/03\/cropped-logo-librairie-plongee.png","width":252,"height":110,"caption":"Librairie Plong\u00e9e"},"image":{"@id":"https:\/\/www.librairieplongee.com\/fr-fr\/#\/schema\/logo\/image\/"}}]}},"_links":{"self":[{"href":"https:\/\/www.librairieplongee.com\/fr-fr\/wp-json\/wp\/v2\/product\/1799","targetHints":{"allow":["GET"]}}],"collection":[{"href":"https:\/\/www.librairieplongee.com\/fr-fr\/wp-json\/wp\/v2\/product"}],"about":[{"href":"https:\/\/www.librairieplongee.com\/fr-fr\/wp-json\/wp\/v2\/types\/product"}],"wp:featuredmedia":[{"embeddable":true,"href":"https:\/\/www.librairieplongee.com\/fr-fr\/wp-json\/wp\/v2\/media\/1579"}],"wp:attachment":[{"href":"https:\/\/www.librairieplongee.com\/fr-fr\/wp-json\/wp\/v2\/media?parent=1799"}],"wp:term":[{"taxonomy":"product_brand","embeddable":true,"href":"https:\/\/www.librairieplongee.com\/fr-fr\/wp-json\/wp\/v2\/product_brand?post=1799"},{"taxonomy":"product_cat","embeddable":true,"href":"https:\/\/www.librairieplongee.com\/fr-fr\/wp-json\/wp\/v2\/product_cat?post=1799"},{"taxonomy":"product_tag","embeddable":true,"href":"https:\/\/www.librairieplongee.com\/fr-fr\/wp-json\/wp\/v2\/product_tag?post=1799"}],"curies":[{"name":"wp","href":"https:\/\/api.w.org\/{rel}","templated":true}]}}