{"id":1798,"date":"2017-08-12T11:20:54","date_gmt":"2017-08-12T09:20:54","guid":{"rendered":"http:\/\/www.librairieplongee.com\/fr-fr\/?post_type=product&#038;p=1798"},"modified":"2017-08-14T13:20:19","modified_gmt":"2017-08-14T11:20:19","slug":"une-histoire-de-la-plongee","status":"publish","type":"product","link":"https:\/\/www.librairieplongee.com\/fr-fr\/produit\/une-histoire-de-la-plongee\/","title":{"rendered":"Une histoire de la plong\u00e9e"},"content":{"rendered":"<h2>Pr\u00e9sentation<\/h2>\n<p>Une histoire de la plong\u00e9e retrace la plong\u00e9e de loisir, de 1927 \u00e0 2007 avec une mise en perspective historique depuis l\u2019Antiquit\u00e9.<br \/>\nC\u2019est le r\u00e9sultat de 4 ann\u00e9es de recherche aupr\u00e8s de mus\u00e9es et de collectionneurs priv\u00e9s, ce qui permet aujourd\u2019hui de publier de nombreux documents in\u00e9dits.<\/p>\n<p>L\u2019histoire de la plong\u00e9e est un domaine tr\u00e8s vaste. Il est donc impossible de pr\u00e9tendre \u00e0 l\u2019exhaustivit\u00e9. Ce livre retrace UNE histoire de la plong\u00e9e, celle de la plong\u00e9e de loisir, n\u00e9e en France \u00e0 la fin des ann\u00e9es 1920 et qui n\u2019a cess\u00e9e de se d\u00e9velopper depuis.<\/p>\n<p>1927 : Le Cdt Le Prieur s\u2019immerge avec une bouteille d\u2019air comprim\u00e9 Michelin (qui servait \u00e0 regonfler les pneus crev\u00e9s) et un d\u00e9tendeur. C\u2019est le d\u00e9but de la plong\u00e9e de loisir. En 1937, un public m\u00e9dus\u00e9 assiste aux \u00e9volutions subaquatiques de plongeurs dans l\u2019aquarium du Trocad\u00e9ro \u00e0 Paris (photo ci-contre) : c\u2019est l\u2019Aquarium humain, il y a exactement 70 ans !<br \/>\nEntre temps, les palmes ont \u00e9t\u00e9 invent\u00e9es (1933), les d\u00e9tendeurs modernes sont apparus (Cousteau-Gagnan, 1945) et les cong\u00e9s pay\u00e9s (1936) ont permis au plus grand nombre de d\u00e9couvrir la mer \u2026 et la plong\u00e9e, en apn\u00e9e (plong\u00e9e libre) ou en scaphandre. La FFESSM (F\u00e9d\u00e9ration Fran\u00e7aise d\u2019Etudes et de Sports Sous-Marins), premi\u00e8re f\u00e9d\u00e9ration de plong\u00e9e au monde, est cr\u00e9\u00e9e en 1948, par Jean Flavien Borelli, un probable descendant de Giovanni Alfonsi Borelli, qui d\u00e9crivait d\u00e9j\u00e0 un scaphandre dans son livre De Motu Animalium, publi\u00e9 en 1680 !<br \/>\nLe succ\u00e8s du Monde du Silence (Louis Malle et Jacques-Yves Cousteau) en 1956 est plan\u00e9taire. Le film obtient une palme d\u2019or au festival de Cannes (un certain Fran\u00e7ois Mitterrand, ministre de la Culture y assiste) et un Oscar \u00e0 Hollywood.<br \/>\nDes enfants fascin\u00e9s regardent les exploits d\u2019Albert Falco \u00e0 bord de la Calypso \u2026 il seront les plongeurs des ann\u00e9es 1960 et suivantes.<br \/>\nLe Grand Bleu, de Luc Besson, hu\u00e9 \u00e0 Cannes en 1988, remporte cependant un formidable succ\u00e8s populaire et contribue \u00e0 une envol\u00e9e du nombre de plongeurs dans les ann\u00e9es 1990.<br \/>\nAujourd\u2019hui, la France compte plus de 350 000 plongeurs r\u00e9guliers et plus de 2 millions de personnes qui ont pratiqu\u00e9 au moins une fois de la plong\u00e9e.<br \/>\nBien entendu, ce livre ne se limite pas \u00e0 cette seule p\u00e9riode. Il remonte \u00e0 l\u2019Antiquit\u00e9 et \u00e9voque les premi\u00e8res incursions subaquatiques, en apn\u00e9e, les premi\u00e8res cloches \u00e0 plongeurs, l\u2019apparition du scaphandre lourd (celui des h\u00e9ros de Jules Verne), la plong\u00e9e professionnelle et militaire, etc.<\/p>\n<h2>Sommaire<\/h2>\n<p><strong>Le mot du Pr\u00e9sident<br \/>\nPr\u00e9face <\/strong>de Jacques Borelli<br \/>\n<strong>Avant Propos<\/strong><\/p>\n<p><strong>LES GRANDS \u00c9V\u00c8NEMENTS<\/strong><br \/>\nUne premi\u00e8re approche chronologique de l&rsquo;Antiquit\u00e9 jusqu&rsquo;\u00e0 1927<\/p>\n<p><strong>LE TEMPS DE LA NAISSANCE<\/strong><br \/>\n&#8211; Premier de plong\u00e9e<br \/>\n&#8211; La nage pisciforme<br \/>\n&#8211; Les palmes avant (et un peu apr\u00e8s&#8230;) l&rsquo;invention de Louis de Corlieu<br \/>\n&#8211; Chasser sous l&rsquo;eau<br \/>\n&#8211; Palmes et masques<br \/>\n&#8211; Respirer sous l&rsquo;eau<br \/>\n&#8211; Les images sous-marines<br \/>\n&#8211; Les clubs de plong\u00e9e et de p\u00eache \u00e0 la nage<\/p>\n<p><strong>LES GRANDS \u00c9V\u00c8NEMENTS<\/strong><br \/>\nUne seconde approche chronologique de 1927 \u00e0 nos jours<\/p>\n<p><strong>LE TEMPS DE LA MATURIT\u00c9<\/strong><br \/>\n&#8211; Allocution de Jean Flavien Borelli, premier pr\u00e9sident de la FFESSM<br \/>\n&#8211; FFESM, la naissance d&rsquo;un nom<br \/>\n&#8211; Trois clubs particuliers<br \/>\n&#8211; Une histoire de la revue f\u00e9d\u00e9rale<br \/>\n&#8211; Les magazines de plong\u00e9e : tableau synoptique<br \/>\n&#8211; La licence FFESSM, suivi d&rsquo;une courbe de l&rsquo;\u00e9volution des licences<br \/>\n&#8211; La chasse sous-marine<br \/>\n&#8211; Enseigner la plong\u00e9e en scaphandre<br \/>\n&#8211; La plong\u00e9e et les enfants<br \/>\n&#8211; Les syndicats de moniteurs<br \/>\n&#8211; L&rsquo;arch\u00e9ologie<br \/>\n&#8211; La m\u00e9decine de plong\u00e9e<br \/>\n&#8211; La promotion<br \/>\n&#8211; L&rsquo;audiovisuelle<br \/>\n&#8211; La nage avec palmes<br \/>\n&#8211; De la r\u00e9glementation \u00e0 la commission juridique<br \/>\n&#8211; L&rsquo;orientation subaquatique<br \/>\n&#8211; La plong\u00e9e souterraine<br \/>\n&#8211; L&rsquo;apn\u00e9e<br \/>\n&#8211; Le hockey subaquatique<br \/>\n&#8211; La nage en eaux vives<br \/>\n&#8211; Le tir sur cible<br \/>\n&#8211; La biologie<br \/>\n&#8211; La FFESSM et l&rsquo;environnement marin<br \/>\n&#8211; La CMAS<br \/>\n&#8211; Les 50 ans du nom<br \/>\n&#8211; \u00c9pilogue<\/p>\n<p><strong>ANNEXES<\/strong><br \/>\n&#8211; Histoire de la plong\u00e9e, quelques dates clefs<br \/>\n&#8211; Portraits des pr\u00e9sidents FFESSM<br \/>\n&#8211; Comit\u00e9 des sages et d&rsquo;honneur<br \/>\n&#8211; Dates et lieux des AG, dates des r\u00e9unions de CDN et de bureau<br \/>\n&#8211; Liste des m\u00e9daill\u00e9s<br \/>\n&#8211; Liste clubs associatif affili\u00e9s<br \/>\n&#8211; Listes des structures commerciales agr\u00e9es (SCA) de la FFESSM<br \/>\n&#8211; Historique des comit\u00e9s r\u00e9gionaux de la FFESSM<br \/>\n&#8211; Le personnel f\u00e9d\u00e9ral<br \/>\n&#8211; R\u00e9sultats sportifs<br \/>\nApn\u00e9e et les records<br \/>\nHockey subaquatique<br \/>\nNages avec palmes<br \/>\nP\u00eache sous-marine<br \/>\nTir sur cible<br \/>\nNage en eau vive<br \/>\nOrientation<br \/>\n&#8211; Les mots pour le dire<br \/>\n&#8211; L&rsquo;\u00e9volution du pouvoir d&rsquo;achat<br \/>\n&#8211; Bibliographie<br \/>\n&#8211; Filmographie<br \/>\n&#8211; Index<br \/>\n&#8211; Cr\u00e9dits photos<br \/>\n&#8211; Remerciements<\/p>\n","protected":false},"excerpt":{"rendered":"<p>Une histoire de la plong\u00e9e et des sports subaquatiques<\/p>\n","protected":false},"featured_media":1580,"template":"","meta":{"_monsterinsights_skip_tracking":false,"_monsterinsights_sitenote_active":false,"_monsterinsights_sitenote_note":"","_monsterinsights_sitenote_category":0},"product_brand":[],"product_cat":[278],"product_tag":[],"class_list":{"0":"post-1798","1":"product","2":"type-product","3":"status-publish","4":"has-post-thumbnail","6":"product_cat-histoire","7":"pa_annee-298","8":"pa_auteurs-alain-foret","9":"pa_auteurs-pierre-martin-razi","10":"pa_ean-348","11":"pa_editeur-subaqua","12":"pa_hauteur-24-cm","13":"pa_largeur-17-cm","14":"pa_nbpages-130","16":"first","17":"instock","18":"taxable","19":"shipping-taxable","20":"purchasable","21":"product-type-simple"},"yoast_head":"<!-- This site is optimized with the Yoast SEO plugin v27.4 - https:\/\/yoast.com\/product\/yoast-seo-wordpress\/ -->\n<title>Une histoire de la plong\u00e9e - Librairie Plong\u00e9e<\/title>\n<meta name=\"robots\" content=\"index, follow, max-snippet:-1, max-image-preview:large, max-video-preview:-1\" \/>\n<link rel=\"canonical\" href=\"https:\/\/www.librairieplongee.com\/fr-fr\/produit\/une-histoire-de-la-plongee\/\" \/>\n<meta property=\"og:locale\" content=\"fr_FR\" \/>\n<meta property=\"og:type\" content=\"article\" \/>\n<meta property=\"og:title\" content=\"Une histoire de la plong\u00e9e - Librairie Plong\u00e9e\" \/>\n<meta property=\"og:description\" content=\"Une histoire de la plong\u00e9e et des sports subaquatiques\" \/>\n<meta property=\"og:url\" content=\"https:\/\/www.librairieplongee.com\/fr-fr\/produit\/une-histoire-de-la-plongee\/\" \/>\n<meta property=\"og:site_name\" content=\"Librairie Plong\u00e9e\" \/>\n<meta property=\"article:modified_time\" content=\"2017-08-14T11:20:19+00:00\" \/>\n<meta property=\"og:image\" content=\"https:\/\/www.librairieplongee.com\/fr-fr\/wp-content\/uploads\/2013\/09\/histoire-plongee.jpg\" \/>\n\t<meta property=\"og:image:width\" content=\"200\" \/>\n\t<meta property=\"og:image:height\" content=\"280\" \/>\n\t<meta property=\"og:image:type\" content=\"image\/jpeg\" \/>\n<meta name=\"twitter:card\" content=\"summary_large_image\" \/>\n<meta name=\"twitter:label1\" content=\"Dur\u00e9e de lecture estim\u00e9e\" \/>\n\t<meta name=\"twitter:data1\" content=\"4 minutes\" \/>\n<script type=\"application\/ld+json\" class=\"yoast-schema-graph\">{\"@context\":\"https:\\\/\\\/schema.org\",\"@graph\":[{\"@type\":\"WebPage\",\"@id\":\"https:\\\/\\\/www.librairieplongee.com\\\/fr-fr\\\/produit\\\/une-histoire-de-la-plongee\\\/\",\"url\":\"https:\\\/\\\/www.librairieplongee.com\\\/fr-fr\\\/produit\\\/une-histoire-de-la-plongee\\\/\",\"name\":\"Une histoire de la plong\u00e9e - Librairie Plong\u00e9e\",\"isPartOf\":{\"@id\":\"https:\\\/\\\/www.librairieplongee.com\\\/fr-fr\\\/#website\"},\"primaryImageOfPage\":{\"@id\":\"https:\\\/\\\/www.librairieplongee.com\\\/fr-fr\\\/produit\\\/une-histoire-de-la-plongee\\\/#primaryimage\"},\"image\":{\"@id\":\"https:\\\/\\\/www.librairieplongee.com\\\/fr-fr\\\/produit\\\/une-histoire-de-la-plongee\\\/#primaryimage\"},\"thumbnailUrl\":\"https:\\\/\\\/www.librairieplongee.com\\\/fr-fr\\\/wp-content\\\/uploads\\\/2013\\\/09\\\/histoire-plongee.jpg\",\"datePublished\":\"2017-08-12T09:20:54+00:00\",\"dateModified\":\"2017-08-14T11:20:19+00:00\",\"breadcrumb\":{\"@id\":\"https:\\\/\\\/www.librairieplongee.com\\\/fr-fr\\\/produit\\\/une-histoire-de-la-plongee\\\/#breadcrumb\"},\"inLanguage\":\"fr-FR\",\"potentialAction\":[{\"@type\":\"ReadAction\",\"target\":[\"https:\\\/\\\/www.librairieplongee.com\\\/fr-fr\\\/produit\\\/une-histoire-de-la-plongee\\\/\"]}]},{\"@type\":\"ImageObject\",\"inLanguage\":\"fr-FR\",\"@id\":\"https:\\\/\\\/www.librairieplongee.com\\\/fr-fr\\\/produit\\\/une-histoire-de-la-plongee\\\/#primaryimage\",\"url\":\"https:\\\/\\\/www.librairieplongee.com\\\/fr-fr\\\/wp-content\\\/uploads\\\/2013\\\/09\\\/histoire-plongee.jpg\",\"contentUrl\":\"https:\\\/\\\/www.librairieplongee.com\\\/fr-fr\\\/wp-content\\\/uploads\\\/2013\\\/09\\\/histoire-plongee.jpg\",\"width\":200,\"height\":280,\"caption\":\"Une histoire de la plong\u00e9e\"},{\"@type\":\"BreadcrumbList\",\"@id\":\"https:\\\/\\\/www.librairieplongee.com\\\/fr-fr\\\/produit\\\/une-histoire-de-la-plongee\\\/#breadcrumb\",\"itemListElement\":[{\"@type\":\"ListItem\",\"position\":1,\"name\":\"Accueil\",\"item\":\"https:\\\/\\\/www.librairieplongee.com\\\/fr-fr\\\/\"},{\"@type\":\"ListItem\",\"position\":2,\"name\":\"Livres sur la plong\u00e9e et l&#8217;apn\u00e9e\",\"item\":\"https:\\\/\\\/www.librairieplongee.com\\\/fr-fr\\\/\"},{\"@type\":\"ListItem\",\"position\":3,\"name\":\"Une histoire de la plong\u00e9e\"}]},{\"@type\":\"WebSite\",\"@id\":\"https:\\\/\\\/www.librairieplongee.com\\\/fr-fr\\\/#website\",\"url\":\"https:\\\/\\\/www.librairieplongee.com\\\/fr-fr\\\/\",\"name\":\"Librairie Plong\u00e9e\",\"description\":\"Livres de plong\u00e9e\",\"publisher\":{\"@id\":\"https:\\\/\\\/www.librairieplongee.com\\\/fr-fr\\\/#organization\"},\"potentialAction\":[{\"@type\":\"SearchAction\",\"target\":{\"@type\":\"EntryPoint\",\"urlTemplate\":\"https:\\\/\\\/www.librairieplongee.com\\\/fr-fr\\\/?s={search_term_string}\"},\"query-input\":{\"@type\":\"PropertyValueSpecification\",\"valueRequired\":true,\"valueName\":\"search_term_string\"}}],\"inLanguage\":\"fr-FR\"},{\"@type\":\"Organization\",\"@id\":\"https:\\\/\\\/www.librairieplongee.com\\\/fr-fr\\\/#organization\",\"name\":\"Librairie Plong\u00e9e\",\"url\":\"https:\\\/\\\/www.librairieplongee.com\\\/fr-fr\\\/\",\"logo\":{\"@type\":\"ImageObject\",\"inLanguage\":\"fr-FR\",\"@id\":\"https:\\\/\\\/www.librairieplongee.com\\\/fr-fr\\\/#\\\/schema\\\/logo\\\/image\\\/\",\"url\":\"https:\\\/\\\/www.librairieplongee.com\\\/fr-fr\\\/wp-content\\\/uploads\\\/2017\\\/03\\\/cropped-logo-librairie-plongee.png\",\"contentUrl\":\"https:\\\/\\\/www.librairieplongee.com\\\/fr-fr\\\/wp-content\\\/uploads\\\/2017\\\/03\\\/cropped-logo-librairie-plongee.png\",\"width\":252,\"height\":110,\"caption\":\"Librairie Plong\u00e9e\"},\"image\":{\"@id\":\"https:\\\/\\\/www.librairieplongee.com\\\/fr-fr\\\/#\\\/schema\\\/logo\\\/image\\\/\"}}]}<\/script>\n<!-- \/ Yoast SEO plugin. -->","yoast_head_json":{"title":"Une histoire de la plong\u00e9e - Librairie Plong\u00e9e","robots":{"index":"index","follow":"follow","max-snippet":"max-snippet:-1","max-image-preview":"max-image-preview:large","max-video-preview":"max-video-preview:-1"},"canonical":"https:\/\/www.librairieplongee.com\/fr-fr\/produit\/une-histoire-de-la-plongee\/","og_locale":"fr_FR","og_type":"article","og_title":"Une histoire de la plong\u00e9e - Librairie Plong\u00e9e","og_description":"Une histoire de la plong\u00e9e et des sports subaquatiques","og_url":"https:\/\/www.librairieplongee.com\/fr-fr\/produit\/une-histoire-de-la-plongee\/","og_site_name":"Librairie Plong\u00e9e","article_modified_time":"2017-08-14T11:20:19+00:00","og_image":[{"width":200,"height":280,"url":"https:\/\/www.librairieplongee.com\/fr-fr\/wp-content\/uploads\/2013\/09\/histoire-plongee.jpg","type":"image\/jpeg"}],"twitter_card":"summary_large_image","twitter_misc":{"Dur\u00e9e de lecture estim\u00e9e":"4 minutes"},"schema":{"@context":"https:\/\/schema.org","@graph":[{"@type":"WebPage","@id":"https:\/\/www.librairieplongee.com\/fr-fr\/produit\/une-histoire-de-la-plongee\/","url":"https:\/\/www.librairieplongee.com\/fr-fr\/produit\/une-histoire-de-la-plongee\/","name":"Une histoire de la plong\u00e9e - Librairie Plong\u00e9e","isPartOf":{"@id":"https:\/\/www.librairieplongee.com\/fr-fr\/#website"},"primaryImageOfPage":{"@id":"https:\/\/www.librairieplongee.com\/fr-fr\/produit\/une-histoire-de-la-plongee\/#primaryimage"},"image":{"@id":"https:\/\/www.librairieplongee.com\/fr-fr\/produit\/une-histoire-de-la-plongee\/#primaryimage"},"thumbnailUrl":"https:\/\/www.librairieplongee.com\/fr-fr\/wp-content\/uploads\/2013\/09\/histoire-plongee.jpg","datePublished":"2017-08-12T09:20:54+00:00","dateModified":"2017-08-14T11:20:19+00:00","breadcrumb":{"@id":"https:\/\/www.librairieplongee.com\/fr-fr\/produit\/une-histoire-de-la-plongee\/#breadcrumb"},"inLanguage":"fr-FR","potentialAction":[{"@type":"ReadAction","target":["https:\/\/www.librairieplongee.com\/fr-fr\/produit\/une-histoire-de-la-plongee\/"]}]},{"@type":"ImageObject","inLanguage":"fr-FR","@id":"https:\/\/www.librairieplongee.com\/fr-fr\/produit\/une-histoire-de-la-plongee\/#primaryimage","url":"https:\/\/www.librairieplongee.com\/fr-fr\/wp-content\/uploads\/2013\/09\/histoire-plongee.jpg","contentUrl":"https:\/\/www.librairieplongee.com\/fr-fr\/wp-content\/uploads\/2013\/09\/histoire-plongee.jpg","width":200,"height":280,"caption":"Une histoire de la plong\u00e9e"},{"@type":"BreadcrumbList","@id":"https:\/\/www.librairieplongee.com\/fr-fr\/produit\/une-histoire-de-la-plongee\/#breadcrumb","itemListElement":[{"@type":"ListItem","position":1,"name":"Accueil","item":"https:\/\/www.librairieplongee.com\/fr-fr\/"},{"@type":"ListItem","position":2,"name":"Livres sur la plong\u00e9e et l&#8217;apn\u00e9e","item":"https:\/\/www.librairieplongee.com\/fr-fr\/"},{"@type":"ListItem","position":3,"name":"Une histoire de la plong\u00e9e"}]},{"@type":"WebSite","@id":"https:\/\/www.librairieplongee.com\/fr-fr\/#website","url":"https:\/\/www.librairieplongee.com\/fr-fr\/","name":"Librairie Plong\u00e9e","description":"Livres de plong\u00e9e","publisher":{"@id":"https:\/\/www.librairieplongee.com\/fr-fr\/#organization"},"potentialAction":[{"@type":"SearchAction","target":{"@type":"EntryPoint","urlTemplate":"https:\/\/www.librairieplongee.com\/fr-fr\/?s={search_term_string}"},"query-input":{"@type":"PropertyValueSpecification","valueRequired":true,"valueName":"search_term_string"}}],"inLanguage":"fr-FR"},{"@type":"Organization","@id":"https:\/\/www.librairieplongee.com\/fr-fr\/#organization","name":"Librairie Plong\u00e9e","url":"https:\/\/www.librairieplongee.com\/fr-fr\/","logo":{"@type":"ImageObject","inLanguage":"fr-FR","@id":"https:\/\/www.librairieplongee.com\/fr-fr\/#\/schema\/logo\/image\/","url":"https:\/\/www.librairieplongee.com\/fr-fr\/wp-content\/uploads\/2017\/03\/cropped-logo-librairie-plongee.png","contentUrl":"https:\/\/www.librairieplongee.com\/fr-fr\/wp-content\/uploads\/2017\/03\/cropped-logo-librairie-plongee.png","width":252,"height":110,"caption":"Librairie Plong\u00e9e"},"image":{"@id":"https:\/\/www.librairieplongee.com\/fr-fr\/#\/schema\/logo\/image\/"}}]}},"_links":{"self":[{"href":"https:\/\/www.librairieplongee.com\/fr-fr\/wp-json\/wp\/v2\/product\/1798","targetHints":{"allow":["GET"]}}],"collection":[{"href":"https:\/\/www.librairieplongee.com\/fr-fr\/wp-json\/wp\/v2\/product"}],"about":[{"href":"https:\/\/www.librairieplongee.com\/fr-fr\/wp-json\/wp\/v2\/types\/product"}],"wp:featuredmedia":[{"embeddable":true,"href":"https:\/\/www.librairieplongee.com\/fr-fr\/wp-json\/wp\/v2\/media\/1580"}],"wp:attachment":[{"href":"https:\/\/www.librairieplongee.com\/fr-fr\/wp-json\/wp\/v2\/media?parent=1798"}],"wp:term":[{"taxonomy":"product_brand","embeddable":true,"href":"https:\/\/www.librairieplongee.com\/fr-fr\/wp-json\/wp\/v2\/product_brand?post=1798"},{"taxonomy":"product_cat","embeddable":true,"href":"https:\/\/www.librairieplongee.com\/fr-fr\/wp-json\/wp\/v2\/product_cat?post=1798"},{"taxonomy":"product_tag","embeddable":true,"href":"https:\/\/www.librairieplongee.com\/fr-fr\/wp-json\/wp\/v2\/product_tag?post=1798"}],"curies":[{"name":"wp","href":"https:\/\/api.w.org\/{rel}","templated":true}]}}