{"id":11,"date":"2013-09-11T16:22:27","date_gmt":"2013-09-11T14:22:27","guid":{"rendered":"http:\/\/www.librairieplongee.com\/fr-fr\/produit\/memento-plongee-plaisir-1\/"},"modified":"2017-08-14T11:43:07","modified_gmt":"2017-08-14T09:43:07","slug":"memento-plongee-plaisir-1","status":"publish","type":"product","link":"https:\/\/www.librairieplongee.com\/fr-fr\/produit\/memento-plongee-plaisir-1\/","title":{"rendered":"Memento Plong\u00e9e Plaisir 1"},"content":{"rendered":"<p><span class=\"style9\"><strong>UNE SYNTHESE EFFICACE, SANS CONCESSION SUR LES CONNAISSANCES A ACQUERIR <\/strong><\/span><br \/>\nEn 32 pages, avec des double-pages qui peuvent se lire de mani\u00e8re ind\u00e9pendante, de nombreux sch\u00e9mas et photos, des tests de connaissances, c\u2019est une synth\u00e8se qui permet une lecture rapide et ludique. Pour autant, le contenu est riche, sans concessions sur le niveau minimal des connaissances \u00e0 acqu\u00e9rir.<\/p>\n<p><span class=\"style9\"><strong>PERSONNALISABLE<\/strong><\/span><br \/>\nLa possibilit\u00e9 de personnaliser le M\u00e9mento en mentionnant \u00e0 la fois les coordonn\u00e9es du plongeur et celles du club ou du centre de plong\u00e9e d\u2019appartenance permet de proposer aux \u00e9l\u00e8ves un support de qualit\u00e9, valorisant pour la structure d\u2019accueil et pour l\u2019encadrement (initiateurs, moniteurs).<\/p>\n<p><span class=\"style8\">UN PRIX IMBATTABLE<\/span><br \/>\nA un prix public de 5,90\u00a0\u20ac, le M\u00e9mento Plong\u00e9e Plaisir est accessible \u00e0 tous, y compris aux clubs et centres de plong\u00e9e qui souhaitent l\u2019int\u00e9grer dans leurs formations.<\/p>\n<p><span class=\"style8\">DANS LA LIGNE DES PLONGEE PLAISIR<\/span><br \/>\nSur le plan p\u00e9dagogique, le M\u00e9mento s\u2019inscrit dans la logique des livres Plong\u00e9e Plaisir, N\u00b01 des livres d\u2019enseignement de la plong\u00e9e en France depuis 15 ans.<\/p>\n<p><span class=\"style8\">COMPLEMENTAIRE DE PLONGEE PLAISIR 1<\/span><br \/>\nLe M\u00e9mento est compl\u00e9mentaire du livre <a class=\"style7\" href=\"http:\/\/www.plongee-plaisir.com\/fr\/pp1.php\" target=\"_self\">Plong\u00e9e Plaisir 1<\/a> o\u00f9 le lecteur trouvera des explications plus d\u00e9taill\u00e9es et un contenu suppl\u00e9mentaire\u00a0: autonomie de 0 \u00e0 12 m, monde sous-marin, etc.<\/p>\n<p><span class=\"titre\">SOMMAIRE<\/span><br \/>\nComment d\u00e9buter la plong\u00e9e ?<br \/>\nL\u2019\u00e9quipement<br \/>\nGr\u00e9er un scaphandre <a class=\"style9\" title=\"Fiche n\u00b034 - Plong\u00e9e Plaisir Initiateur\" href=\"http:\/\/www.plongee-plaisir.com\/fr\/pdf\/ppm1_2013_extrait_p_6.pdf\" target=\"_blank\" rel=\"noopener\">Visualiser extrait page 6<\/a><br \/>\nLa mise \u00e0 l\u2019eau<br \/>\nSe d\u00e9placer : le palmage <a class=\"style9\" title=\"Fiche n\u00b034 - Plong\u00e9e Plaisir Initiateur\" href=\"http:\/\/www.plongee-plaisir.com\/fr\/pdf\/ppm1_2013_extrait_p_13.pdf\" target=\"_blank\" rel=\"noopener\">Visualiser extrait page 13<\/a><br \/>\nS\u2019immerger <a class=\"style9\" title=\"Fiche n\u00b034 - Plong\u00e9e Plaisir Initiateur\" href=\"http:\/\/www.plongee-plaisir.com\/fr\/pdf\/ppm1_2013_extrait_p_14.pdf\" target=\"_blank\" rel=\"noopener\">Visualiser extrait page 14<\/a><br \/>\nNotions d\u2019apn\u00e9e<br \/>\nPression et pr\u00e9vention des barotraumatismes <a class=\"style9\" title=\"Fiche n\u00b034 - Plong\u00e9e Plaisir Initiateur\" href=\"http:\/\/www.plongee-plaisir.com\/fr\/pdf\/ppm1_2013_extrait_p_18.pdf\" target=\"_blank\" rel=\"noopener\">Visualiser extrait page 18<\/a><br \/>\nGestes techniques et notions essentielles<br \/>\nSignes de plong\u00e9e et pr\u00e9vention des risques<br \/>\nRemont\u00e9e : la phase de d\u00e9saturation <a class=\"style9\" title=\"Fiche n\u00b034 - Plong\u00e9e Plaisir Initiateur\" href=\"http:\/\/www.plongee-plaisir.com\/fr\/pdf\/ppm1_2013_extrait_p_24.pdf\" target=\"_blank\" rel=\"noopener\">Visualiser extrait page 24<\/a><br \/>\nSortir de l\u2019eau, se d\u00e9s\u00e9quiper<br \/>\nTest plongeur niveau 1<br \/>\nLa s\u00e9rie Plong\u00e9e Plaisir <a class=\"style9\" title=\"Fiche n\u00b034 - Plong\u00e9e Plaisir Initiateur\" href=\"http:\/\/www.plongee-plaisir.com\/fr\/pdf\/ppm1_2013_extrait_p_32.pdf\" target=\"_blank\" rel=\"noopener\">Visualiser extrait page 32<\/a><\/p>\n<p class=\"style2\"><span class=\"style3\">Imprim\u00e9 sur papier certifi\u00e9 fabriqu\u00e9 \u00e0 partir de p\u00e2tes \u00e0 papier issues de for\u00eats exploit\u00e9es en gestion durable. L&rsquo;encre utilis\u00e9e est \u00e0 base d&rsquo;huile v\u00e9g\u00e9tale, l&rsquo;imprimerie adopte une d\u00e9marche environnementale progressiste valid\u00e9e par la certification Imprim&rsquo;vert<\/span>.<\/p>\n","protected":false},"excerpt":{"rendered":"<p>2e \u00e9dition, 2016. Pr\u00e9paration plongeur niveau 1 (PE-20) &#8211; PE-12 &#8211; Pack D\u00e9couverte. Le M\u00e9mento Plong\u00e9e Plaisir niveau 1 r\u00e9pond aux attentes du public et des structures de plong\u00e9e qui souhaitent disposer d\u2019un livret synth\u00e9tique (32 pages) \u00e0 petit prix pour se pr\u00e9parer au niveau 1 de plongeur.<\/p>\n","protected":false},"featured_media":1591,"template":"","meta":{"_monsterinsights_skip_tracking":false,"_monsterinsights_sitenote_active":false,"_monsterinsights_sitenote_note":"","_monsterinsights_sitenote_category":0},"product_brand":[],"product_cat":[251,312],"product_tag":[186,256,258],"class_list":{"0":"post-11","1":"product","2":"type-product","3":"status-publish","4":"has-post-thumbnail","6":"product_cat-plongee-plaisir-niveau-1","7":"product_cat-plongee-plaisir","8":"product_tag-niveau-1","9":"product_tag-pe-12","10":"product_tag-pe-20","11":"pa_annee-307","12":"pa_auteurs-alain-foret","13":"pa_ean-319","14":"pa_editeur-editions-gap","15":"pa_edition-edition-2","16":"pa_hauteur-309","17":"pa_largeur-310","18":"pa_nbpages-159","20":"first","21":"instock","22":"taxable","23":"shipping-taxable","24":"purchasable","25":"product-type-simple"},"yoast_head":"<!-- This site is optimized with the Yoast SEO plugin v27.4 - https:\/\/yoast.com\/product\/yoast-seo-wordpress\/ -->\n<title>Memento Plong\u00e9e Plaisir 1 - Librairie Plong\u00e9e<\/title>\n<meta name=\"robots\" content=\"index, follow, max-snippet:-1, max-image-preview:large, max-video-preview:-1\" \/>\n<link rel=\"canonical\" href=\"https:\/\/www.librairieplongee.com\/fr-fr\/produit\/memento-plongee-plaisir-1\/\" \/>\n<meta property=\"og:locale\" content=\"fr_FR\" \/>\n<meta property=\"og:type\" content=\"article\" \/>\n<meta property=\"og:title\" content=\"Memento Plong\u00e9e Plaisir 1 - Librairie Plong\u00e9e\" \/>\n<meta property=\"og:description\" content=\"2e \u00e9dition, 2016. Pr\u00e9paration plongeur niveau 1 (PE-20) - PE-12 - Pack D\u00e9couverte. Le M\u00e9mento Plong\u00e9e Plaisir niveau 1 r\u00e9pond aux attentes du public et des structures de plong\u00e9e qui souhaitent disposer d\u2019un livret synth\u00e9tique (32 pages) \u00e0 petit prix pour se pr\u00e9parer au niveau 1 de plongeur.\" \/>\n<meta property=\"og:url\" content=\"https:\/\/www.librairieplongee.com\/fr-fr\/produit\/memento-plongee-plaisir-1\/\" \/>\n<meta property=\"og:site_name\" content=\"Librairie Plong\u00e9e\" \/>\n<meta property=\"article:modified_time\" content=\"2017-08-14T09:43:07+00:00\" \/>\n<meta property=\"og:image\" content=\"https:\/\/www.librairieplongee.com\/fr-fr\/wp-content\/uploads\/2013\/09\/plongee-plaisir-memento-1.jpg\" \/>\n\t<meta property=\"og:image:width\" content=\"200\" \/>\n\t<meta property=\"og:image:height\" content=\"293\" \/>\n\t<meta property=\"og:image:type\" content=\"image\/jpeg\" \/>\n<meta name=\"twitter:card\" content=\"summary_large_image\" \/>\n<meta name=\"twitter:label1\" content=\"Dur\u00e9e de lecture estim\u00e9e\" \/>\n\t<meta name=\"twitter:data1\" content=\"2 minutes\" \/>\n<script type=\"application\/ld+json\" class=\"yoast-schema-graph\">{\"@context\":\"https:\\\/\\\/schema.org\",\"@graph\":[{\"@type\":\"WebPage\",\"@id\":\"https:\\\/\\\/www.librairieplongee.com\\\/fr-fr\\\/produit\\\/memento-plongee-plaisir-1\\\/\",\"url\":\"https:\\\/\\\/www.librairieplongee.com\\\/fr-fr\\\/produit\\\/memento-plongee-plaisir-1\\\/\",\"name\":\"Memento Plong\u00e9e Plaisir 1 - Librairie Plong\u00e9e\",\"isPartOf\":{\"@id\":\"https:\\\/\\\/www.librairieplongee.com\\\/fr-fr\\\/#website\"},\"primaryImageOfPage\":{\"@id\":\"https:\\\/\\\/www.librairieplongee.com\\\/fr-fr\\\/produit\\\/memento-plongee-plaisir-1\\\/#primaryimage\"},\"image\":{\"@id\":\"https:\\\/\\\/www.librairieplongee.com\\\/fr-fr\\\/produit\\\/memento-plongee-plaisir-1\\\/#primaryimage\"},\"thumbnailUrl\":\"https:\\\/\\\/www.librairieplongee.com\\\/fr-fr\\\/wp-content\\\/uploads\\\/2013\\\/09\\\/plongee-plaisir-memento-1.jpg\",\"datePublished\":\"2013-09-11T14:22:27+00:00\",\"dateModified\":\"2017-08-14T09:43:07+00:00\",\"breadcrumb\":{\"@id\":\"https:\\\/\\\/www.librairieplongee.com\\\/fr-fr\\\/produit\\\/memento-plongee-plaisir-1\\\/#breadcrumb\"},\"inLanguage\":\"fr-FR\",\"potentialAction\":[{\"@type\":\"ReadAction\",\"target\":[\"https:\\\/\\\/www.librairieplongee.com\\\/fr-fr\\\/produit\\\/memento-plongee-plaisir-1\\\/\"]}]},{\"@type\":\"ImageObject\",\"inLanguage\":\"fr-FR\",\"@id\":\"https:\\\/\\\/www.librairieplongee.com\\\/fr-fr\\\/produit\\\/memento-plongee-plaisir-1\\\/#primaryimage\",\"url\":\"https:\\\/\\\/www.librairieplongee.com\\\/fr-fr\\\/wp-content\\\/uploads\\\/2013\\\/09\\\/plongee-plaisir-memento-1.jpg\",\"contentUrl\":\"https:\\\/\\\/www.librairieplongee.com\\\/fr-fr\\\/wp-content\\\/uploads\\\/2013\\\/09\\\/plongee-plaisir-memento-1.jpg\",\"width\":200,\"height\":293,\"caption\":\"Plong\u00e9e Plaisir M\u00e9mento niveau 1\"},{\"@type\":\"BreadcrumbList\",\"@id\":\"https:\\\/\\\/www.librairieplongee.com\\\/fr-fr\\\/produit\\\/memento-plongee-plaisir-1\\\/#breadcrumb\",\"itemListElement\":[{\"@type\":\"ListItem\",\"position\":1,\"name\":\"Accueil\",\"item\":\"https:\\\/\\\/www.librairieplongee.com\\\/fr-fr\\\/\"},{\"@type\":\"ListItem\",\"position\":2,\"name\":\"Livres sur la plong\u00e9e et l&#8217;apn\u00e9e\",\"item\":\"https:\\\/\\\/www.librairieplongee.com\\\/fr-fr\\\/\"},{\"@type\":\"ListItem\",\"position\":3,\"name\":\"Memento Plong\u00e9e Plaisir 1\"}]},{\"@type\":\"WebSite\",\"@id\":\"https:\\\/\\\/www.librairieplongee.com\\\/fr-fr\\\/#website\",\"url\":\"https:\\\/\\\/www.librairieplongee.com\\\/fr-fr\\\/\",\"name\":\"Librairie Plong\u00e9e\",\"description\":\"Livres de plong\u00e9e\",\"publisher\":{\"@id\":\"https:\\\/\\\/www.librairieplongee.com\\\/fr-fr\\\/#organization\"},\"potentialAction\":[{\"@type\":\"SearchAction\",\"target\":{\"@type\":\"EntryPoint\",\"urlTemplate\":\"https:\\\/\\\/www.librairieplongee.com\\\/fr-fr\\\/?s={search_term_string}\"},\"query-input\":{\"@type\":\"PropertyValueSpecification\",\"valueRequired\":true,\"valueName\":\"search_term_string\"}}],\"inLanguage\":\"fr-FR\"},{\"@type\":\"Organization\",\"@id\":\"https:\\\/\\\/www.librairieplongee.com\\\/fr-fr\\\/#organization\",\"name\":\"Librairie Plong\u00e9e\",\"url\":\"https:\\\/\\\/www.librairieplongee.com\\\/fr-fr\\\/\",\"logo\":{\"@type\":\"ImageObject\",\"inLanguage\":\"fr-FR\",\"@id\":\"https:\\\/\\\/www.librairieplongee.com\\\/fr-fr\\\/#\\\/schema\\\/logo\\\/image\\\/\",\"url\":\"https:\\\/\\\/www.librairieplongee.com\\\/fr-fr\\\/wp-content\\\/uploads\\\/2017\\\/03\\\/cropped-logo-librairie-plongee.png\",\"contentUrl\":\"https:\\\/\\\/www.librairieplongee.com\\\/fr-fr\\\/wp-content\\\/uploads\\\/2017\\\/03\\\/cropped-logo-librairie-plongee.png\",\"width\":252,\"height\":110,\"caption\":\"Librairie Plong\u00e9e\"},\"image\":{\"@id\":\"https:\\\/\\\/www.librairieplongee.com\\\/fr-fr\\\/#\\\/schema\\\/logo\\\/image\\\/\"}}]}<\/script>\n<!-- \/ Yoast SEO plugin. -->","yoast_head_json":{"title":"Memento Plong\u00e9e Plaisir 1 - Librairie Plong\u00e9e","robots":{"index":"index","follow":"follow","max-snippet":"max-snippet:-1","max-image-preview":"max-image-preview:large","max-video-preview":"max-video-preview:-1"},"canonical":"https:\/\/www.librairieplongee.com\/fr-fr\/produit\/memento-plongee-plaisir-1\/","og_locale":"fr_FR","og_type":"article","og_title":"Memento Plong\u00e9e Plaisir 1 - Librairie Plong\u00e9e","og_description":"2e \u00e9dition, 2016. Pr\u00e9paration plongeur niveau 1 (PE-20) - PE-12 - Pack D\u00e9couverte. Le M\u00e9mento Plong\u00e9e Plaisir niveau 1 r\u00e9pond aux attentes du public et des structures de plong\u00e9e qui souhaitent disposer d\u2019un livret synth\u00e9tique (32 pages) \u00e0 petit prix pour se pr\u00e9parer au niveau 1 de plongeur.","og_url":"https:\/\/www.librairieplongee.com\/fr-fr\/produit\/memento-plongee-plaisir-1\/","og_site_name":"Librairie Plong\u00e9e","article_modified_time":"2017-08-14T09:43:07+00:00","og_image":[{"width":200,"height":293,"url":"https:\/\/www.librairieplongee.com\/fr-fr\/wp-content\/uploads\/2013\/09\/plongee-plaisir-memento-1.jpg","type":"image\/jpeg"}],"twitter_card":"summary_large_image","twitter_misc":{"Dur\u00e9e de lecture estim\u00e9e":"2 minutes"},"schema":{"@context":"https:\/\/schema.org","@graph":[{"@type":"WebPage","@id":"https:\/\/www.librairieplongee.com\/fr-fr\/produit\/memento-plongee-plaisir-1\/","url":"https:\/\/www.librairieplongee.com\/fr-fr\/produit\/memento-plongee-plaisir-1\/","name":"Memento Plong\u00e9e Plaisir 1 - Librairie Plong\u00e9e","isPartOf":{"@id":"https:\/\/www.librairieplongee.com\/fr-fr\/#website"},"primaryImageOfPage":{"@id":"https:\/\/www.librairieplongee.com\/fr-fr\/produit\/memento-plongee-plaisir-1\/#primaryimage"},"image":{"@id":"https:\/\/www.librairieplongee.com\/fr-fr\/produit\/memento-plongee-plaisir-1\/#primaryimage"},"thumbnailUrl":"https:\/\/www.librairieplongee.com\/fr-fr\/wp-content\/uploads\/2013\/09\/plongee-plaisir-memento-1.jpg","datePublished":"2013-09-11T14:22:27+00:00","dateModified":"2017-08-14T09:43:07+00:00","breadcrumb":{"@id":"https:\/\/www.librairieplongee.com\/fr-fr\/produit\/memento-plongee-plaisir-1\/#breadcrumb"},"inLanguage":"fr-FR","potentialAction":[{"@type":"ReadAction","target":["https:\/\/www.librairieplongee.com\/fr-fr\/produit\/memento-plongee-plaisir-1\/"]}]},{"@type":"ImageObject","inLanguage":"fr-FR","@id":"https:\/\/www.librairieplongee.com\/fr-fr\/produit\/memento-plongee-plaisir-1\/#primaryimage","url":"https:\/\/www.librairieplongee.com\/fr-fr\/wp-content\/uploads\/2013\/09\/plongee-plaisir-memento-1.jpg","contentUrl":"https:\/\/www.librairieplongee.com\/fr-fr\/wp-content\/uploads\/2013\/09\/plongee-plaisir-memento-1.jpg","width":200,"height":293,"caption":"Plong\u00e9e Plaisir M\u00e9mento niveau 1"},{"@type":"BreadcrumbList","@id":"https:\/\/www.librairieplongee.com\/fr-fr\/produit\/memento-plongee-plaisir-1\/#breadcrumb","itemListElement":[{"@type":"ListItem","position":1,"name":"Accueil","item":"https:\/\/www.librairieplongee.com\/fr-fr\/"},{"@type":"ListItem","position":2,"name":"Livres sur la plong\u00e9e et l&#8217;apn\u00e9e","item":"https:\/\/www.librairieplongee.com\/fr-fr\/"},{"@type":"ListItem","position":3,"name":"Memento Plong\u00e9e Plaisir 1"}]},{"@type":"WebSite","@id":"https:\/\/www.librairieplongee.com\/fr-fr\/#website","url":"https:\/\/www.librairieplongee.com\/fr-fr\/","name":"Librairie Plong\u00e9e","description":"Livres de plong\u00e9e","publisher":{"@id":"https:\/\/www.librairieplongee.com\/fr-fr\/#organization"},"potentialAction":[{"@type":"SearchAction","target":{"@type":"EntryPoint","urlTemplate":"https:\/\/www.librairieplongee.com\/fr-fr\/?s={search_term_string}"},"query-input":{"@type":"PropertyValueSpecification","valueRequired":true,"valueName":"search_term_string"}}],"inLanguage":"fr-FR"},{"@type":"Organization","@id":"https:\/\/www.librairieplongee.com\/fr-fr\/#organization","name":"Librairie Plong\u00e9e","url":"https:\/\/www.librairieplongee.com\/fr-fr\/","logo":{"@type":"ImageObject","inLanguage":"fr-FR","@id":"https:\/\/www.librairieplongee.com\/fr-fr\/#\/schema\/logo\/image\/","url":"https:\/\/www.librairieplongee.com\/fr-fr\/wp-content\/uploads\/2017\/03\/cropped-logo-librairie-plongee.png","contentUrl":"https:\/\/www.librairieplongee.com\/fr-fr\/wp-content\/uploads\/2017\/03\/cropped-logo-librairie-plongee.png","width":252,"height":110,"caption":"Librairie Plong\u00e9e"},"image":{"@id":"https:\/\/www.librairieplongee.com\/fr-fr\/#\/schema\/logo\/image\/"}}]}},"_links":{"self":[{"href":"https:\/\/www.librairieplongee.com\/fr-fr\/wp-json\/wp\/v2\/product\/11","targetHints":{"allow":["GET"]}}],"collection":[{"href":"https:\/\/www.librairieplongee.com\/fr-fr\/wp-json\/wp\/v2\/product"}],"about":[{"href":"https:\/\/www.librairieplongee.com\/fr-fr\/wp-json\/wp\/v2\/types\/product"}],"wp:featuredmedia":[{"embeddable":true,"href":"https:\/\/www.librairieplongee.com\/fr-fr\/wp-json\/wp\/v2\/media\/1591"}],"wp:attachment":[{"href":"https:\/\/www.librairieplongee.com\/fr-fr\/wp-json\/wp\/v2\/media?parent=11"}],"wp:term":[{"taxonomy":"product_brand","embeddable":true,"href":"https:\/\/www.librairieplongee.com\/fr-fr\/wp-json\/wp\/v2\/product_brand?post=11"},{"taxonomy":"product_cat","embeddable":true,"href":"https:\/\/www.librairieplongee.com\/fr-fr\/wp-json\/wp\/v2\/product_cat?post=11"},{"taxonomy":"product_tag","embeddable":true,"href":"https:\/\/www.librairieplongee.com\/fr-fr\/wp-json\/wp\/v2\/product_tag?post=11"}],"curies":[{"name":"wp","href":"https:\/\/api.w.org\/{rel}","templated":true}]}}