{"id":1931,"date":"2017-09-09T14:57:21","date_gmt":"2017-09-09T12:57:21","guid":{"rendered":"https:\/\/www.librairieplongee.com\/fr-fr\/?page_id=1931"},"modified":"2017-09-09T15:08:21","modified_gmt":"2017-09-09T13:08:21","slug":"cgv","status":"publish","type":"page","link":"https:\/\/www.librairieplongee.com\/fr-fr\/cgv\/","title":{"rendered":"CONDITIONS GENERALES DE VENTE"},"content":{"rendered":"<p><strong>Article 1 \u2013 Int\u00e9gralit\u00e9<\/strong><\/p>\n<p>Les pr\u00e9sentes conditions g\u00e9n\u00e9rales expriment l\u2019int\u00e9gralit\u00e9 des obligations des parties. En ce sens, l\u2019acheteur est r\u00e9put\u00e9 les accepter sans r\u00e9serve.<br \/>\nLe vendeur et l\u2019acheteur conviennent que les pr\u00e9sentes conditions g\u00e9n\u00e9rales r\u00e9gissent exclusivement leur relation. Le vendeur se r\u00e9serve le droit de modifier ponctuellement ses conditions g\u00e9n\u00e9rales. Elles seront applicables d\u00e8s leur mise en ligne.<br \/>\nSi une condition de vente venait \u00e0 faire d\u00e9faut, elle serait consid\u00e9r\u00e9e \u00eatre r\u00e9gie par les usages en vigueur dans le secteur de la vente \u00e0 distance dont les soci\u00e9t\u00e9s ont si\u00e8ge en France.<\/p>\n<p><strong>Article 2 \u2013 Objet<\/strong><\/p>\n<p>Les pr\u00e9sentes conditions g\u00e9n\u00e9rales ont pour objet de d\u00e9finir les droits et obligations des parties dans le cadre de la vente en ligne de biens propos\u00e9s par le vendeur \u00e0 l\u2019acheteur.<\/p>\n<p><strong>Article 3 \u2013 La commande<\/strong><\/p>\n<p>L\u2019acheteur a la possibilit\u00e9 de passer sa commande en ligne.<\/p>\n<p>Pour que la commande soit valid\u00e9e, l\u2019acheteur devra accepter, en cliquant \u00e0 l\u2019endroit indiqu\u00e9, les pr\u00e9sentes conditions g\u00e9n\u00e9rales. Il devra aussi choisir l\u2019adresse et le mode de livraison, et enfin valider le mode de paiement.<\/p>\n<p>Toute commande vaut acceptation des prix et descriptions des produits disponibles \u00e0 la vente. Toute contestation sur ce point interviendra dans le cadre d\u2019un \u00e9ventuel \u00e9change et des garanties ci-dessous mentionn\u00e9es.<\/p>\n<p>Dans certains cas, notamment d\u00e9faut de paiement, adresse erron\u00e9e ou autre probl\u00e8me sur le compte de l\u2019acheteur, le vendeur se r\u00e9serve le droit de bloquer la commande de l\u2019acheteur jusqu\u2019\u00e0 la r\u00e9solution du probl\u00e8me.<\/p>\n<p>Pour toute question relative au suivi d\u2019une commande, l\u2019acheteur doit envoyer un email en cliquant ici :\u00a0<a href=\"https:\/\/www.librairieplongee.com\/fr-fr\/contact\/\">Contact<\/a><\/p>\n<p><strong>Article 4 \u2013 Signature \u00e9lectronique<\/strong><\/p>\n<p>La fourniture en ligne du num\u00e9ro de carte bancaire de l\u2019acheteur et la validation finale de la commande vaudront preuve de l\u2019accord de l\u2019acheteur conform\u00e9ment aux dispositions de la loi du 13 mars 2000 et vaudront :<br \/>\n\u2013 exigibilit\u00e9 des sommes dues au titre du bon de commande,<br \/>\n\u2013 signature et acception expresse de toutes les op\u00e9rations effectu\u00e9es.<\/p>\n<p>En cas d\u2019utilisation frauduleuse de la carte bancaire, l\u2019acheteur est invit\u00e9, d\u00e8s le constat de cette utilisation, \u00e0 contacter le vendeur par email \u00e0 l\u2019adresse suivante : contact@wp-shopping.com<\/p>\n<p><strong>Article 5 \u2013 Confirmation de commande<\/strong><\/p>\n<p>Les informations contractuelles feront l\u2019objet d\u2019une confirmation par voie d\u2019e-mail au plus tard au moment de la livraison ou \u00e0 d\u00e9faut, \u00e0 l\u2019adresse indiqu\u00e9e par l\u2019acheteur au sein du bon de commande.<\/p>\n<p><strong>Article 6 \u2013 Preuve de la transaction<\/strong><\/p>\n<p>Les registres informatis\u00e9s, conserv\u00e9s dans les syst\u00e8mes informatiques du vendeur dans des conditions raisonnables de s\u00e9curit\u00e9, seront consid\u00e9r\u00e9s comme les preuves des communications, des commandes et des paiements intervenus entre les parties. L\u2019archivage des bons de commande et des factures est effectu\u00e9 sur un support fiable et durable pouvant \u00eatre produit \u00e0 titre de preuve.<\/p>\n<p><strong>Article 7 \u2013 Informations sur les produits<\/strong><\/p>\n<p>Les produits r\u00e9gis par les pr\u00e9sentes conditions g\u00e9n\u00e9rales sont ceux qui figurent sur le site internet du vendeur et qui sont indiqu\u00e9s comme vendus et exp\u00e9di\u00e9s par le vendeur. Ils sont propos\u00e9s dans la limite des stocks disponibles.<\/p>\n<p>Les produits sont d\u00e9crits et pr\u00e9sent\u00e9s avec la plus grande exactitude possible. Toutefois si des erreurs ou omissions ont pu se produire quant \u00e0 cette pr\u00e9sentation, la responsabilit\u00e9 du vendeur ne pourrait \u00eatre engag\u00e9e.<br \/>\nLes photographies des produits ne sont pas contractuelles.<\/p>\n<p><strong>Article 8 \u2013 Prix<\/strong><\/p>\n<p>Le vendeur se r\u00e9serve le droit de modifier ses prix \u00e0 tout moment mais s\u2019engage \u00e0 appliquer les tarifs en vigueur indiqu\u00e9s au moment de la commande, sous r\u00e9serve de disponibilit\u00e9 \u00e0 cette date.<\/p>\n<p>Les prix sont indiqu\u00e9s en euros. Ils ne tiennent pas compte des frais de livraison, factur\u00e9s en suppl\u00e9ment, et indiqu\u00e9s avant la validation de la commande. Le paiement de la totalit\u00e9 du prix doit \u00eatre r\u00e9alis\u00e9 lors de la commande. A aucun moment, les sommes vers\u00e9es ne pourront \u00eatre consid\u00e9r\u00e9es comme des arrhes ou des acomptes.<\/p>\n<p>Si une ou plusieurs taxes ou contributions, notamment environnementales, venaient \u00e0 \u00eatre cr\u00e9\u00e9es ou modifi\u00e9es, en hausse comme en baisse, ce changement pourra \u00eatre r\u00e9percut\u00e9 sur le prix de vente des produits.<\/p>\n<p><strong>Article 9 \u2013 Mode de paiement<\/strong><\/p>\n<p>Pour r\u00e9gler sa commande, l\u2019acheteur dispose, \u00e0 son choix, de l\u2019ensemble des modes de paiement mis \u00e0 sa disposition par le vendeur sur son site internet. L\u2019acheteur garantit au vendeur qu\u2019il dispose des autorisations \u00e9ventuellement n\u00e9cessaires pour utiliser le mode de paiement choisi par lui, lors de la validation du bon de commande. Le vendeur se r\u00e9serve le droit de suspendre toute gestion de commande et toute livraison en cas de refus d\u2019autorisation de paiement par carte bancaire de la part des organismes officiellement accr\u00e9dit\u00e9s ou en cas de non-paiement. Le vendeur se r\u00e9serve notamment le droit de refuser d\u2019effectuer une livraison ou d\u2019honorer une commande \u00e9manant d\u2019un acheteur qui n\u2019aurait pas r\u00e9gl\u00e9 totalement ou partiellement une commande pr\u00e9c\u00e9dente ou avec lequel un litige de paiement serait en cours d\u2019administration.<\/p>\n<p>Les conditions g\u00e9n\u00e9rales des organismes de paiement auxquels le vendeur a recours pr\u00e9vaudront sur les pr\u00e9sentes conditions g\u00e9n\u00e9rales de vente et notamment sur l\u2019article 9.<\/p>\n<p><strong>Article 10 \u2013 Garantie des produits<\/strong><\/p>\n<p>Conform\u00e9ment aux textes l\u00e9gaux en vigueur, le vendeur garantit l\u2019acheteur contre toutes les cons\u00e9quences des vices cach\u00e9s de la chose vendue.<\/p>\n<p>L\u2019acheteur est express\u00e9ment inform\u00e9 que le vendeur n\u2019est pas le producteur de la totalit\u00e9 des produits pr\u00e9sent\u00e9s au sens de la loi n\u00b098-389 du 19 mai 1998 relative \u00e0 la responsabilit\u00e9 du fait des produits d\u00e9fectueux.<\/p>\n<p><strong>Article 11 \u2013 Droit de r\u00e9tractation<\/strong><\/p>\n<p>Conform\u00e9ment aux dispositions du code de la consommation, l\u2019acheteur dispose d\u2019un d\u00e9lai de quatorze jours ouvrables \u00e0 compter de la date de livraison de sa commande, pour retourner tout produit ne lui convenant pas et demander l\u2019\u00e9change ou le remboursement sans p\u00e9nalit\u00e9.<\/p>\n<p>Cette demande d&rsquo;\u00e9change ou de remboursement peut s&rsquo;effectuer en remplissant le formulaire suivant :<\/p>\n<form action=\"#retract_ok\" method=\"post\" class=\"retractation\"><p><label><span class=\"label\">*Nom<\/span> : <input type=\"text\" name=\"nom\" required=\"required\" \/><\/label><\/p><p><label><span class=\"label\">*Pr\u00e9nom<\/span> : <input type=\"text\" name=\"prenom\" required=\"required\" \/><\/label><\/p><p><label><span class=\"label\">*Email<\/span> : <input type=\"text\" name=\"email\" required=\"required\" \/><\/label><\/p><p><label><span class=\"label\">*T\u00e9l\u00e9phone<\/span> : <input type=\"text\" name=\"telephone\" required=\"required\" \/><\/label><\/p><p><label><span class=\"label\">*Num\u00e9ro de commande<\/span> : <input type=\"text\" name=\"commande\" required=\"required\" \/><\/label><\/p><p><label><span class=\"label\">*Date commande<\/span> : <input type=\"date\" name=\"date_commande\" required=\"required\" \/><\/label><\/p><p><label><span class=\"label\">*Date de la demande<\/span> :\r\n\t\t<input type=\"text\" name=\"date_demande\" value=\"10\/04\/2026 09:14\" readonly=\"readonly\" \/><\/label><\/p><p><label><span class=\"label\">Motif de la demande<\/span> :\r\n\t\t<textarea name=\"motif\"><\/textarea><\/label><\/p><p><input type=\"submit\" name=\"valid\" value=\"Valider et envoyer ma demande de r\u00e9tractation imm\u00e9diatement\" \/><div class=\"alert\">En cliquant sur le bouton ci-dessus, je confirme envoyer une demande de r\u00e9tractation dans la pleine possession de mes moyens.<\/div><\/p><\/form><p>Les champs marqu\u00e9s d'une \u00e9toile sont obligatoires !<\/p><style type=\"text\/css\">.retractation .label{ display:inline-block;width:180px;} <\/style>\n<p>ou par courrier postal :\u00a0&laquo; TETHYS, 26 PLACE AUGUTE RODIN - 34090 MONTPELLIER &raquo;<\/p>\n<p>A compter de la connaissance par le vendeur de la demande de remboursement par l\u2019acheteur, il disposera d\u2019un d\u00e9lai de quatorze jours pour rembourser l\u2019acheteur.<\/p>\n<p><strong>Article 12 \u2013 Force majeure<\/strong><\/p>\n<p>Toutes circonstances ind\u00e9pendantes de la volont\u00e9 des parties emp\u00eachant l\u2019ex\u00e9cution dans des conditions normales de leurs obligations sont consid\u00e9r\u00e9es comme des causes d\u2019exon\u00e9ration des obligations des parties et entra\u00eenent leur suspension.<\/p>\n<p>La partie qui invoque les circonstances vis\u00e9es ci-dessus doit avertir imm\u00e9diatement l\u2019autre partie de leur survenance, ainsi que de leur disparition.<\/p>\n<p>Seront consid\u00e9r\u00e9s comme cas de force majeure tous faits ou circonstances irr\u00e9sistibles, ext\u00e9rieurs aux parties, impr\u00e9visibles, in\u00e9vitables, ind\u00e9pendants de la volont\u00e9 des parties et qui ne pourront \u00eatre emp\u00each\u00e9s par ces derni\u00e8res, malgr\u00e9 tous les efforts raisonnablement possibles. De fa\u00e7on expresse, sont consid\u00e9r\u00e9s comme cas de force majeure ou cas fortuits, outre ceux habituellement retenus par la jurisprudence des cours et des tribunaux fran\u00e7ais : le blocage des moyens de transports ou d\u2019approvisionnements, tremblements de terre, incendies, temp\u00eates, inondations, foudre, l\u2019arr\u00eat des r\u00e9seaux de t\u00e9l\u00e9communication ou difficult\u00e9s propres aux r\u00e9seaux de t\u00e9l\u00e9communication externes aux clients.<\/p>\n<p>Les parties se rapprocheront pour examiner l\u2019incidence de l\u2019\u00e9v\u00e9nement et convenir des conditions dans lesquelles l\u2019ex\u00e9cution du contrat sera poursuivie. Si le cas de force majeur a une dur\u00e9e sup\u00e9rieure \u00e0 trois mois, les pr\u00e9sentes conditions g\u00e9n\u00e9rales pourront \u00eatre r\u00e9sili\u00e9es par la partie l\u00e9s\u00e9e.<\/p>\n<p><strong>Article 13 \u2013 Donn\u00e9es personnelles<\/strong><\/p>\n<p>Les informations dont la saisie est obligatoire pour passer une commande sont n\u00e9cessaires au traitement de la commande par le vendeur. Ces informations sont collect\u00e9es, enregistr\u00e9es et stock\u00e9es par le vendeur conform\u00e9ment \u00e0 la loi Informatique et Libert\u00e9s du 6 janvier 1978 et leur traitement fait l\u2019objet d\u2019une d\u00e9claration \u00e0 la CNIL.<\/p>\n<p>A l\u2019exception des tiers dont l\u2019intervention est n\u00e9cessaire pour le traitement et l\u2019ex\u00e9cution des commandes, le vendeur s\u2019engage \u00e0 ne pas communiquer \u00e0 des tiers les donn\u00e9es personnelles concernant le client sans son autorisation pr\u00e9alable.<\/p>\n<p>Conform\u00e9ment \u00e0 la loi fran\u00e7aise \u00ab Informatique et libert\u00e9s \u00bb n\u00b078-17 du 6 janvier 1978, le Client dispose d\u2019un droit d\u2019acc\u00e8s, de modification, de rectification et de suppression des donn\u00e9es le concernant. Il peut l\u2019exercer en envoyant un courrier \u00e0 l\u2019adresse du vendeur indiqu\u00e9e dans les mentions l\u00e9gales du site.<\/p>\n<p><strong>Article 14 \u2013 Non-validation partielle<\/strong><\/p>\n<p>Si une ou plusieurs stipulations des pr\u00e9sentes conditions g\u00e9n\u00e9rales sont tenues pour non valides ou d\u00e9clar\u00e9es telles en application d\u2019une loi, d\u2019un r\u00e8glement ou \u00e0 la suite d\u2019une d\u00e9cision d\u00e9finitive d\u2019une juridiction comp\u00e9tente, les autres stipulations garderont toute leur force et leur port\u00e9e.<\/p>\n<p><strong>Article 15 \u2013 Non-renonciation<\/strong><\/p>\n<p>Le fait pour l\u2019une des parties de ne pas se pr\u00e9valoir d\u2019un manquement par l\u2019autre partie \u00e0 l\u2019une quelconque des obligations vis\u00e9es dans les pr\u00e9sentes conditions g\u00e9n\u00e9rales ne saurait \u00eatre interpr\u00e9t\u00e9 pour l\u2019avenir comme une renonciation \u00e0 l\u2019obligation en cause.<\/p>\n<p><strong>Article 16 \u2013 Loi applicable<\/strong><\/p>\n<p>Les pr\u00e9sentes conditions g\u00e9n\u00e9rales sont soumises \u00e0 l\u2019application du droit fran\u00e7ais, \u00e0 l\u2019exclusion des dispositions de la Convention de Vienne. Il en est ainsi pour les r\u00e8gles de fond comme pour les r\u00e8gles de forme. En cas de litige ou de r\u00e9clamation, l\u2019acheteur s\u2019adressera en priorit\u00e9 au vendeur pour obtenir une solution amiable.<br \/>\nA d\u00e9faut, l\u2019acheteur pourra engager une proc\u00e9dure devant la juridiction de son choix.<\/p>\n","protected":false},"excerpt":{"rendered":"<p>Article 1 \u2013 Int\u00e9gralit\u00e9 Les pr\u00e9sentes conditions g\u00e9n\u00e9rales expriment l\u2019int\u00e9gralit\u00e9 des obligations des parties. En ce sens, l\u2019acheteur est r\u00e9put\u00e9 les accepter sans r\u00e9serve. Le vendeur et l\u2019acheteur conviennent que les pr\u00e9sentes conditions g\u00e9n\u00e9rales r\u00e9gissent exclusivement leur relation. Le vendeur se r\u00e9serve le droit de modifier ponctuellement ses conditions g\u00e9n\u00e9rales. Elles seront applicables d\u00e8s leur [&hellip;]<\/p>\n","protected":false},"author":1,"featured_media":0,"parent":0,"menu_order":0,"comment_status":"closed","ping_status":"closed","template":"","meta":{"_monsterinsights_skip_tracking":false,"_monsterinsights_sitenote_active":false,"_monsterinsights_sitenote_note":"","_monsterinsights_sitenote_category":0,"footnotes":""},"class_list":["post-1931","page","type-page","status-publish","hentry"],"yoast_head":"<!-- This site is optimized with the Yoast SEO plugin v27.3 - https:\/\/yoast.com\/product\/yoast-seo-wordpress\/ -->\n<title>CONDITIONS GENERALES DE VENTE - Librairie Plong\u00e9e<\/title>\n<meta name=\"robots\" content=\"index, follow, max-snippet:-1, max-image-preview:large, max-video-preview:-1\" \/>\n<link rel=\"canonical\" href=\"https:\/\/www.librairieplongee.com\/fr-fr\/cgv\/\" \/>\n<meta property=\"og:locale\" content=\"fr_FR\" \/>\n<meta property=\"og:type\" content=\"article\" \/>\n<meta property=\"og:title\" content=\"CONDITIONS GENERALES DE VENTE - Librairie Plong\u00e9e\" \/>\n<meta property=\"og:description\" content=\"Article 1 \u2013 Int\u00e9gralit\u00e9 Les pr\u00e9sentes conditions g\u00e9n\u00e9rales expriment l\u2019int\u00e9gralit\u00e9 des obligations des parties. En ce sens, l\u2019acheteur est r\u00e9put\u00e9 les accepter sans r\u00e9serve. Le vendeur et l\u2019acheteur conviennent que les pr\u00e9sentes conditions g\u00e9n\u00e9rales r\u00e9gissent exclusivement leur relation. Le vendeur se r\u00e9serve le droit de modifier ponctuellement ses conditions g\u00e9n\u00e9rales. Elles seront applicables d\u00e8s leur [&hellip;]\" \/>\n<meta property=\"og:url\" content=\"https:\/\/www.librairieplongee.com\/fr-fr\/cgv\/\" \/>\n<meta property=\"og:site_name\" content=\"Librairie Plong\u00e9e\" \/>\n<meta property=\"article:modified_time\" content=\"2017-09-09T13:08:21+00:00\" \/>\n<meta name=\"twitter:card\" content=\"summary_large_image\" \/>\n<meta name=\"twitter:label1\" content=\"Dur\u00e9e de lecture estim\u00e9e\" \/>\n\t<meta name=\"twitter:data1\" content=\"8 minutes\" \/>\n<script type=\"application\/ld+json\" class=\"yoast-schema-graph\">{\"@context\":\"https:\\\/\\\/schema.org\",\"@graph\":[{\"@type\":\"WebPage\",\"@id\":\"https:\\\/\\\/www.librairieplongee.com\\\/fr-fr\\\/cgv\\\/\",\"url\":\"https:\\\/\\\/www.librairieplongee.com\\\/fr-fr\\\/cgv\\\/\",\"name\":\"CONDITIONS GENERALES DE VENTE - Librairie Plong\u00e9e\",\"isPartOf\":{\"@id\":\"https:\\\/\\\/www.librairieplongee.com\\\/fr-fr\\\/#website\"},\"datePublished\":\"2017-09-09T12:57:21+00:00\",\"dateModified\":\"2017-09-09T13:08:21+00:00\",\"breadcrumb\":{\"@id\":\"https:\\\/\\\/www.librairieplongee.com\\\/fr-fr\\\/cgv\\\/#breadcrumb\"},\"inLanguage\":\"fr-FR\",\"potentialAction\":[{\"@type\":\"ReadAction\",\"target\":[\"https:\\\/\\\/www.librairieplongee.com\\\/fr-fr\\\/cgv\\\/\"]}]},{\"@type\":\"BreadcrumbList\",\"@id\":\"https:\\\/\\\/www.librairieplongee.com\\\/fr-fr\\\/cgv\\\/#breadcrumb\",\"itemListElement\":[{\"@type\":\"ListItem\",\"position\":1,\"name\":\"Accueil\",\"item\":\"https:\\\/\\\/www.librairieplongee.com\\\/fr-fr\\\/\"},{\"@type\":\"ListItem\",\"position\":2,\"name\":\"CONDITIONS GENERALES DE VENTE\"}]},{\"@type\":\"WebSite\",\"@id\":\"https:\\\/\\\/www.librairieplongee.com\\\/fr-fr\\\/#website\",\"url\":\"https:\\\/\\\/www.librairieplongee.com\\\/fr-fr\\\/\",\"name\":\"Librairie Plong\u00e9e\",\"description\":\"Livres de plong\u00e9e\",\"publisher\":{\"@id\":\"https:\\\/\\\/www.librairieplongee.com\\\/fr-fr\\\/#organization\"},\"potentialAction\":[{\"@type\":\"SearchAction\",\"target\":{\"@type\":\"EntryPoint\",\"urlTemplate\":\"https:\\\/\\\/www.librairieplongee.com\\\/fr-fr\\\/?s={search_term_string}\"},\"query-input\":{\"@type\":\"PropertyValueSpecification\",\"valueRequired\":true,\"valueName\":\"search_term_string\"}}],\"inLanguage\":\"fr-FR\"},{\"@type\":\"Organization\",\"@id\":\"https:\\\/\\\/www.librairieplongee.com\\\/fr-fr\\\/#organization\",\"name\":\"Librairie Plong\u00e9e\",\"url\":\"https:\\\/\\\/www.librairieplongee.com\\\/fr-fr\\\/\",\"logo\":{\"@type\":\"ImageObject\",\"inLanguage\":\"fr-FR\",\"@id\":\"https:\\\/\\\/www.librairieplongee.com\\\/fr-fr\\\/#\\\/schema\\\/logo\\\/image\\\/\",\"url\":\"https:\\\/\\\/www.librairieplongee.com\\\/fr-fr\\\/wp-content\\\/uploads\\\/2017\\\/03\\\/cropped-logo-librairie-plongee.png\",\"contentUrl\":\"https:\\\/\\\/www.librairieplongee.com\\\/fr-fr\\\/wp-content\\\/uploads\\\/2017\\\/03\\\/cropped-logo-librairie-plongee.png\",\"width\":252,\"height\":110,\"caption\":\"Librairie Plong\u00e9e\"},\"image\":{\"@id\":\"https:\\\/\\\/www.librairieplongee.com\\\/fr-fr\\\/#\\\/schema\\\/logo\\\/image\\\/\"}}]}<\/script>\n<!-- \/ Yoast SEO plugin. -->","yoast_head_json":{"title":"CONDITIONS GENERALES DE VENTE - Librairie Plong\u00e9e","robots":{"index":"index","follow":"follow","max-snippet":"max-snippet:-1","max-image-preview":"max-image-preview:large","max-video-preview":"max-video-preview:-1"},"canonical":"https:\/\/www.librairieplongee.com\/fr-fr\/cgv\/","og_locale":"fr_FR","og_type":"article","og_title":"CONDITIONS GENERALES DE VENTE - Librairie Plong\u00e9e","og_description":"Article 1 \u2013 Int\u00e9gralit\u00e9 Les pr\u00e9sentes conditions g\u00e9n\u00e9rales expriment l\u2019int\u00e9gralit\u00e9 des obligations des parties. En ce sens, l\u2019acheteur est r\u00e9put\u00e9 les accepter sans r\u00e9serve. Le vendeur et l\u2019acheteur conviennent que les pr\u00e9sentes conditions g\u00e9n\u00e9rales r\u00e9gissent exclusivement leur relation. Le vendeur se r\u00e9serve le droit de modifier ponctuellement ses conditions g\u00e9n\u00e9rales. Elles seront applicables d\u00e8s leur [&hellip;]","og_url":"https:\/\/www.librairieplongee.com\/fr-fr\/cgv\/","og_site_name":"Librairie Plong\u00e9e","article_modified_time":"2017-09-09T13:08:21+00:00","twitter_card":"summary_large_image","twitter_misc":{"Dur\u00e9e de lecture estim\u00e9e":"8 minutes"},"schema":{"@context":"https:\/\/schema.org","@graph":[{"@type":"WebPage","@id":"https:\/\/www.librairieplongee.com\/fr-fr\/cgv\/","url":"https:\/\/www.librairieplongee.com\/fr-fr\/cgv\/","name":"CONDITIONS GENERALES DE VENTE - Librairie Plong\u00e9e","isPartOf":{"@id":"https:\/\/www.librairieplongee.com\/fr-fr\/#website"},"datePublished":"2017-09-09T12:57:21+00:00","dateModified":"2017-09-09T13:08:21+00:00","breadcrumb":{"@id":"https:\/\/www.librairieplongee.com\/fr-fr\/cgv\/#breadcrumb"},"inLanguage":"fr-FR","potentialAction":[{"@type":"ReadAction","target":["https:\/\/www.librairieplongee.com\/fr-fr\/cgv\/"]}]},{"@type":"BreadcrumbList","@id":"https:\/\/www.librairieplongee.com\/fr-fr\/cgv\/#breadcrumb","itemListElement":[{"@type":"ListItem","position":1,"name":"Accueil","item":"https:\/\/www.librairieplongee.com\/fr-fr\/"},{"@type":"ListItem","position":2,"name":"CONDITIONS GENERALES DE VENTE"}]},{"@type":"WebSite","@id":"https:\/\/www.librairieplongee.com\/fr-fr\/#website","url":"https:\/\/www.librairieplongee.com\/fr-fr\/","name":"Librairie Plong\u00e9e","description":"Livres de plong\u00e9e","publisher":{"@id":"https:\/\/www.librairieplongee.com\/fr-fr\/#organization"},"potentialAction":[{"@type":"SearchAction","target":{"@type":"EntryPoint","urlTemplate":"https:\/\/www.librairieplongee.com\/fr-fr\/?s={search_term_string}"},"query-input":{"@type":"PropertyValueSpecification","valueRequired":true,"valueName":"search_term_string"}}],"inLanguage":"fr-FR"},{"@type":"Organization","@id":"https:\/\/www.librairieplongee.com\/fr-fr\/#organization","name":"Librairie Plong\u00e9e","url":"https:\/\/www.librairieplongee.com\/fr-fr\/","logo":{"@type":"ImageObject","inLanguage":"fr-FR","@id":"https:\/\/www.librairieplongee.com\/fr-fr\/#\/schema\/logo\/image\/","url":"https:\/\/www.librairieplongee.com\/fr-fr\/wp-content\/uploads\/2017\/03\/cropped-logo-librairie-plongee.png","contentUrl":"https:\/\/www.librairieplongee.com\/fr-fr\/wp-content\/uploads\/2017\/03\/cropped-logo-librairie-plongee.png","width":252,"height":110,"caption":"Librairie Plong\u00e9e"},"image":{"@id":"https:\/\/www.librairieplongee.com\/fr-fr\/#\/schema\/logo\/image\/"}}]}},"_links":{"self":[{"href":"https:\/\/www.librairieplongee.com\/fr-fr\/wp-json\/wp\/v2\/pages\/1931","targetHints":{"allow":["GET"]}}],"collection":[{"href":"https:\/\/www.librairieplongee.com\/fr-fr\/wp-json\/wp\/v2\/pages"}],"about":[{"href":"https:\/\/www.librairieplongee.com\/fr-fr\/wp-json\/wp\/v2\/types\/page"}],"author":[{"embeddable":true,"href":"https:\/\/www.librairieplongee.com\/fr-fr\/wp-json\/wp\/v2\/users\/1"}],"replies":[{"embeddable":true,"href":"https:\/\/www.librairieplongee.com\/fr-fr\/wp-json\/wp\/v2\/comments?post=1931"}],"version-history":[{"count":4,"href":"https:\/\/www.librairieplongee.com\/fr-fr\/wp-json\/wp\/v2\/pages\/1931\/revisions"}],"predecessor-version":[{"id":1935,"href":"https:\/\/www.librairieplongee.com\/fr-fr\/wp-json\/wp\/v2\/pages\/1931\/revisions\/1935"}],"wp:attachment":[{"href":"https:\/\/www.librairieplongee.com\/fr-fr\/wp-json\/wp\/v2\/media?parent=1931"}],"curies":[{"name":"wp","href":"https:\/\/api.w.org\/{rel}","templated":true}]}}